{"id":1214,"date":"2020-10-26T17:26:06","date_gmt":"2020-10-26T17:26:06","guid":{"rendered":"https:\/\/bsplastic.hu\/?page_id=1214"},"modified":"2020-10-26T17:26:15","modified_gmt":"2020-10-26T17:26:15","slug":"karrier-valaszto","status":"publish","type":"page","link":"https:\/\/bsplastic.hu\/en\/karrier-valaszto\/","title":{"rendered":"Karrier v\u00e1laszt\u00f3"},"content":{"rendered":"<!DOCTYPE html>\r\n<!--[if IE 9]><html class=\"lt-ie10 no-js\" prefix=\"og: https:\/\/ogp.me\/ns#\" lang=\"hu\"><![endif]--><!--[if gt IE 9]><!--><html class=\"no-js\" prefix=\"og: https:\/\/ogp.me\/ns#\" lang=\"hu\"><!--<![endif]--><head><meta charset=\"utf-8\"><link rel=\"shortcut icon\" href=\"https:\/\/d1di2lzuh97fh2.cloudfront.net\/files\/44\/442\/442wv9.ico?ph=83113013cf\"><link rel=\"apple-touch-icon\" href=\"https:\/\/d1di2lzuh97fh2.cloudfront.net\/files\/44\/442\/442wv9.ico?ph=83113013cf\"><link rel=\"icon\" href=\"https:\/\/d1di2lzuh97fh2.cloudfront.net\/files\/44\/442\/442wv9.ico?ph=83113013cf\"><meta http-equiv=\"X-UA-Compatible\" content=\"IE=edge,chrome=1\"><title>V\u00e1laszt\u00f3 :: bsp-141<\/title><meta name=\"viewport\" content=\"width=device-width,initial-scale=1,viewport-fit=cover\"><meta name=\"msapplication-tap-highlight\" content=\"no\"><link href=\"https:\/\/d1di2lzuh97fh2.cloudfront.net\/files\/13\/13w\/13wu9m.css?ph=83113013cf\" rel=\"stylesheet\"><link href=\"https:\/\/d1di2lzuh97fh2.cloudfront.net\/files\/45\/45t\/45tcx8.css?ph=83113013cf\" rel=\"stylesheet\"><link rel=\"stylesheet\" href=\"https:\/\/d1di2lzuh97fh2.cloudfront.net\/files\/3l\/3lk\/3lklr4.css?ph=83113013cf\" data-wnd_color_scheme_file=\"\"><link rel=\"stylesheet\" href=\"https:\/\/d1di2lzuh97fh2.cloudfront.net\/files\/3m\/3mn\/3mnq5r.css?ph=83113013cf\" data-wnd_additive_color_file=\"\"><link rel=\"stylesheet\" href=\"https:\/\/d1di2lzuh97fh2.cloudfront.net\/files\/0n\/0ny\/0nyzrv.css?ph=83113013cf\" data-wnd_typography_file=\"\"><meta name=\"description\" content=\"K\u00e9rj\u00fck, v\u00e1laszd ki, hogy melyik \u00e1ll\u00e1slehet\u0151s\u00e9gre jelentkezel!\"><meta name=\"keywords\" content=\"\"><meta name=\"generator\" content=\"Webnode 2\"><meta name=\"apple-mobile-web-app-capable\" content=\"yes\"><meta name=\"apple-mobile-web-app-status-bar-style\" content=\"black\"><meta name=\"format-detection\" content=\"telephone=no\">\r\n\r\n<meta property=\"og:url\" content=\"https:\/\/bsp-141.webnode.hu\/valaszto\/\"><meta property=\"og:title\" content=\"V\u00e1laszt\u00f3 :: bsp-141\"><meta property=\"og:type\" content=\"article\"><meta property=\"og:description\" content=\"K\u00e9rj\u00fck, v\u00e1laszd ki, hogy melyik \u00e1ll\u00e1slehet\u0151s\u00e9gre jelentkezel!\"><meta property=\"og:site_name\" content=\"bsp-141\"><meta property=\"og:article:published_time\" content=\"2020-10-19T00:00:00+0200\"><meta name=\"robots\" content=\"index,follow\"><link rel=\"canonical\" href=\"https:\/\/bsp-141.webnode.hu\/valaszto\/\"><script>window.checkAndChangeSvgColor=function(c){try{var a=document.getElementById(c);if(a){c=[[\"border\",\"borderColor\"],[\"outline\",\"outlineColor\"],[\"color\",\"color\"]];for(var h,b,d,f=[],e=0,m=c.length;e<m;e++)if(h=window.getComputedStyle(a)[c[e][1]].replace(\/\\s\/g,\"\").match(\/^rgb[a]?\\(([0-9]{1,3}),([0-9]{1,3}),([0-9]{1,3})\/i)){b=\"\";for(var g=1;3>=g;g++)b+=(\"0\"+parseInt(h[g],10).toString(16)).slice(-2);\"0\"===b.charAt(0)&&(d=parseInt(b.substr(0,2),16),d=Math.max(16,d),b=d.toString(16)+b.slice(-4));f.push(c[e][0]+\"=\"+b)}if(f.length){var k=a.getAttribute(\"data-src\"),l=k+(0>k.indexOf(\"?\")?\"?\":\"&\")+f.join(\"&\");a.src!=l&&(a.src=l,a.outerHTML=a.outerHTML)}}}catch(n){}};<\/script><script>(function(i,s,o,g,r,a,m){i['GoogleAnalyticsObject']=r;i[r]=i[r]||function(){\r\n\t\t\t(i[r].q=i[r].q||[]).push(arguments)},i[r].l=1*new Date();a=s.createElement(o),\r\n\t\t\tm=s.getElementsByTagName(o)[0];a.async=1;a.src=g;m.parentNode.insertBefore(a,m)\r\n\t\t\t})(window,document,'script','\/\/www.google-analytics.com\/analytics.js','ga');ga('create', 'UA-797705-6', 'auto',{\"name\":\"wnd_header\"});ga('wnd_header.set', 'dimension1', 'W2');ga('wnd_header.set', 'anonymizeIp', true);ga('wnd_header.send', 'pageview');<\/script><\/head><body class=\"l l-03 layout-03 c-s-m wt-page ac-s ac-i   b-btn-sq b-btn-s-l b-btn-dn b-btn-bw-1 img-d-n img-t-u img-h-n line-solid b-e-ds lbox-d c-s-m   wnd-fe\">\r\n\t<div class=\"wnd-page cs-gray wnd-menu-empty ac-rose\">\r\n\r\n\t\t<div id=\"wrapper\" class=\"l-w t-07\">\r\n\r\n\t\t\t<main id=\"main\" class=\"l-m\" role=\"main\">\r\n\r\n\t\t\t\t<div class=\"section-wrapper cf\">\r\n\t<div class=\"section-wrapper-content cf\"><section data-space=\"true\" class=\"s section default-01 spacing sc-ml wnd-background-pattern\"><div class=\"section-bg s-bg\">\r\n\t\t<div class=\"section-bg-layer wnd-background-pattern\" style=\"background-image:url('https:\/\/bsplastic.hu\/wp-content\/uploads\/2020\/10\/2hx0nl.jpg')\">\r\n\t\t\t\r\n\t\t<\/div>\r\n\t\t<div class=\"section-bg-layer section-bg-overlay\"><\/div>\r\n\t<\/div>\r\n\t<div class=\"section-inner\">\r\n\t\t<div class=\"content ez cf wnd-no-cols\">\r\n\t<div class=\"ez-c\"><div class=\"b b-text cf\">\r\n\t<div class=\"b-c b-text-c b-s b-s-t60 b-s-b60 cf\"><h1 class=\"wnd-align-center\"><strong>\r\n\t\t\t\t<\/strong><\/h1><h2 class=\"wnd-align-center\"><strong><font class=\"wsw-02\">K\u00e9rj\u00fck, v\u00e1laszd ki, hogy melyik \u00e1ll\u00e1slehet\u0151s\u00e9gre jelentkezel!<\/font><\/strong><\/h2>\r\n<p class=\"wnd-align-center\"><br><\/p><p class=\"wnd-align-center\"><font class=\"wsw-02\">A megfelel\u0151 lehet\u0151s\u00e9g kiv\u00e1laszt\u00e1sa ut\u00e1n egy \u0171rlapra ir\u00e1ny\u00edtunk.<\/font><\/p>\r\n\t\t\t\r\n\r\n\r\n\r\n<\/div>\r\n<\/div><div class=\"b b-s b-hr-line c-s-v line-solid\">\r\n\t<hr class=\"line-style line-color\">\r\n<\/div><div class=\"b b-s b-s-t150 b-s-b150 b-btn b-btn-1 wnd-align-center\">\r\n\t<div class=\"b-btn-c\">\r\n\t\t<a class=\"b-btn-l\" href=\"https:\/\/docs.google.com\/forms\/d\/e\/1FAIpQLSfO6hdxkqbMFnS9IL9ZdmXd_K8C0WATtgKK3NbNPs2xQMCUww\/viewform?usp=sf_link\" rel=\"nofollow\" target=\"_blank\">\r\n\t\t\t<span class=\"b-btn-t\">Betan\u00edtott munk\u00e1s<\/span>\r\n\t\t<\/a>\r\n\t<\/div>\r\n<\/div><div class=\"b b-s b-s-t150 b-s-b150 b-btn b-btn-1 wnd-align-center\">\r\n\t<div class=\"b-btn-c\">\r\n\t\t<a class=\"b-btn-l\" href=\"https:\/\/docs.google.com\/forms\/d\/e\/1FAIpQLScRy8pSGmSrAZLtI32xdMxaTvTz0jSrqGDjij7sm4RQxlUo_A\/viewform?usp=sf_link\" rel=\"nofollow\" target=\"_blank\">\r\n\t\t\t<span class=\"b-btn-t\">EXTRUDER m\u0171szakvezet\u0151<\/span>\r\n\t\t<\/a>\r\n\t<\/div>\r\n<\/div><div class=\"b b-s b-s-t150 b-s-b150 b-btn b-btn-1 wnd-align-center\">\r\n\t<div class=\"b-btn-c\">\r\n\t\t<a class=\"b-btn-l\" href=\"https:\/\/docs.google.com\/forms\/d\/e\/1FAIpQLSdcyKrnrbfxaJXKpBQBOe3SWa1kGVbOvldkI4Q19TdoZl7aQQ\/viewform?usp=sf_link\" rel=\"nofollow\" target=\"_blank\">\r\n\t\t\t<span class=\"b-btn-t\">M\u0171anyagipari nyomd\u00e1sz<\/span>\r\n\t\t<\/a>\r\n\t<\/div>\r\n<\/div><\/div>\r\n<\/div>\r\n\t<\/div>\r\n<\/section><\/div>\r\n<\/div>\r\n\r\n\r\n\t\t\t<style>\r\n\t\t\t\r\n\t\t\thtml\r\n\t\t\t{\r\n\t\t\t\tfont-size:1rem !important;\r\n\t\t\t}\r\n\t\t\t\r\n\t\t\t\r\n\t\t\t\theader\r\n\t\t\t\t{\r\n\t\t\t\t\tz-index:1000 !important;\r\n\t\t\t\t}\r\n\t\t\r\n\t\t\t\r\n\t\t\t<\/style>\r\n\r\n\t\t\t<\/main><\/div>\r\n\r\n\t<\/div>\r\n\r\n\t<script type=\"text\/javascript\" src=\"https:\/\/d1di2lzuh97fh2.cloudfront.net\/files\/2u\/2u3\/2u3g2w.js?ph=83113013cf\"><\/script><script type=\"application\/javascript\">!function(){if(document.body.classList.contains(\"wnd-cms\")===!1){var e=document.querySelectorAll(\".copyright .inline-text\"),t=document.getElementsByClassName(\"sf\")[0];null!==e&&([].forEach.call(e,function(e){\"\"===e.querySelector(\"span\").innerHTML.trim()&&(e.className+=\" empty\")}),void 0!==t&&\"\"===t.querySelector(\".sf-content\").innerHTML.trim()&&(t.className+=\" empty\"))}}(),function(){if(0==document.getElementsByClassName(\"wnd-cms\").length)for(var e=document.getElementsByClassName(\"column-content\"),t=0;t<e.length;t++){var s=e[t].querySelector(\"div\"),n=s.getElementsByClassName(\"b-text-c\");void 0!=n[0]&&s.firstChild==s.lastChild&&\"\"===n[0].innerText&&(e[t].classList?e[t].classList.add(\"column-empty\"):(e[t].classList?e[t].classList.contains(\"column-empty\"):new RegExp(\"\\\\bcolumn-empty\\\\b\").test(e[t].className))&&(e[t].className+=\" column-empty\"))}}()<\/script><script src=\"https:\/\/d1di2lzuh97fh2.cloudfront.net\/client.fe\/js.compiled\/lang.hu.265.js?ph=83113013cf\" crossorigin=\"anonymous\"><\/script><script src=\"https:\/\/d1di2lzuh97fh2.cloudfront.net\/client.fe\/js.compiled\/compiled.multi.2-796.js?ph=83113013cf\" crossorigin=\"anonymous\"><\/script><script>var wnd = wnd || {};wnd.$data = {\"image_content_items\":{\"wnd_ThumbnailBlock_113656\":{\"id\":\"wnd_ThumbnailBlock_113656\",\"type\":\"wnd.pc.ThumbnailBlock\"},\"wnd_Section_default_637727\":{\"id\":\"wnd_Section_default_637727\",\"type\":\"wnd.pc.Section\"},\"wnd_HeaderSection_header_204130\":{\"id\":\"wnd_HeaderSection_header_204130\",\"type\":\"wnd.pc.HeaderSection\"},\"wnd_LogoBlock_600183\":{\"id\":\"wnd_LogoBlock_600183\",\"type\":\"wnd.pc.LogoBlock\"},\"wnd_FooterSection_footer_423335\":{\"id\":\"wnd_FooterSection_footer_423335\",\"type\":\"wnd.pc.FooterSection\"}},\"svg_content_items\":{\"wnd_LogoBlock_600183\":{\"id\":\"wnd_LogoBlock_600183\",\"type\":\"wnd.pc.LogoBlock\"}},\"content_items\":[],\"project_info\":{\"isMultilanguage\":false,\"eshop_tax_enabled\":\"1\",\"country_code\":\"\",\"contact_state\":\"\",\"eshop_tax_type\":\"VAT\",\"eshop_discounts\":false}};<\/script><script>wnd.$system = {\"filesPath\":\"https:\\\/\\\/bsp-141.webnode.hu\\\/_files\\\/\",\"staticFiles\":\"https:\\\/\\\/d1di2lzuh97fh2.cloudfront.net\\\/files\",\"isCms\":false,\"staticCDNServers\":[\"https:\\\/\\\/d1di2lzuh97fh2.cloudfront.net\\\/\"],\"fileUploadAllowExtension\":[\"jpg\",\"jpeg\",\"png\",\"gif\",\"bmp\",\"ico\",\"svg\",\"webp\",\"tiff\",\"pdf\",\"doc\",\"docx\",\"ppt\",\"pptx\",\"pps\",\"ppsx\",\"odt\",\"xls\",\"xlsx\",\"txt\",\"rtf\",\"mp3\",\"wma\",\"wav\",\"ogg\",\"amr\",\"flac\",\"m4a\",\"3gp\",\"avi\",\"wmv\",\"mov\",\"mpg\",\"mkv\",\"mp4\",\"mpeg\",\"m4v\",\"swf\",\"gpx\",\"stl\",\"csv\",\"xml\",\"txt\",\"dxf\",\"dwg\",\"iges\",\"igs\",\"step\",\"stp\"],\"maxUserFormFileLimit\":4194304,\"frontendLanguage\":\"hu\",\"backendLanguage\":\"hu\",\"page\":{\"id\":200000199,\"identifier\":\"valaszto\",\"template\":{\"id\":200000017,\"styles\":{\"typography\":\"t-07\",\"scheme\":\"cs-gray\",\"additiveColor\":\"ac-rose\",\"acHeadings\":false,\"acSubheadings\":true,\"acIcons\":true,\"acOthers\":false,\"imageStyle\":\"img-d-n\",\"imageHover\":\"img-h-n\",\"imageTitle\":\"img-t-u\",\"buttonStyle\":\"b-btn-sq\",\"buttonSize\":\"b-btn-s-l\",\"buttonDecoration\":\"b-btn-dn\",\"buttonBorders\":\"b-btn-bw-1\",\"lineStyle\":\"line-solid\",\"eshopGridItemStyle\":\"b-e-ds\",\"lightboxStyle\":\"lbox-d\",\"columnSpaces\":\"c-s-m\",\"background\":{\"default\":null},\"backgroundSettings\":{\"default\":\"\"},\"formStyle\":\"default\",\"menuStyle\":\"\",\"layoutType\":\"\",\"layoutDecoration\":\"\"}},\"layout\":\"default\",\"name\":\"V\\u00e1laszt\\u00f3\",\"html_title\":\"\",\"language\":\"hu\",\"langId\":1,\"isHomepage\":false,\"meta_description\":\"\",\"meta_keywords\":\"\",\"header_code\":\"\",\"footer_code\":\"\",\"styles\":{\"pageBased\":{\"header\":{\"style\":{\"sectionColor\":\"sc-w\"}}}},\"countFormsEntries\":[]},\"listingsPrefix\":\"\\\/l\\\/\",\"productPrefix\":\"\\\/p\\\/\",\"cartPrefix\":\"\\\/cart\\\/\",\"checkoutPrefix\":\"\\\/checkout\\\/\",\"isCheckout\":false,\"isEshop\":false,\"isProductDetail\":false,\"isListingDetail\":false,\"hasEshopAnalytics\":false,\"gTagId\":null,\"currency\":\"USD\",\"format\":{\"be\":{\"DATE_TIME\":{\"mask\":\"%Y.%m.%d %H:%M\",\"regexp\":\"^(([0-9]{1,4}\\\\.(0?[1-9]|1[0-2])\\\\.(0?[1-9]|[1,2][0-9]|3[0,1]))(( [0-1][0-9]| 2[0-3]):[0-5][0-9])?|(([0-9]{4}(0[1-9]|1[0-2])(0[1-9]|[1,2][0-9]|3[0,1])(0[0-9]|1[0-9]|2[0-3])[0-5][0-9][0-5][0-9])))?$\"},\"DATE\":{\"mask\":\"%Y.%m.%d\",\"regexp\":\"^([0-9]{1,4}\\\\.(0?[1-9]|1[0-2])\\\\.(0?[1-9]|[1,2][0-9]|3[0,1]))$\"},\"CURRENCY\":{\"mask\":{\"point\":\",\",\"thousands\":\".\",\"decimals\":2,\"mask\":\"%s\",\"zerofill\":true}}},\"fe\":{\"DATE_TIME\":{\"mask\":\"%Y.%m.%d %H:%M\",\"regexp\":\"^(([0-9]{1,4}\\\\.(0?[1-9]|1[0-2])\\\\.(0?[1-9]|[1,2][0-9]|3[0,1]))(( [0-1][0-9]| 2[0-3]):[0-5][0-9])?|(([0-9]{4}(0[1-9]|1[0-2])(0[1-9]|[1,2][0-9]|3[0,1])(0[0-9]|1[0-9]|2[0-3])[0-5][0-9][0-5][0-9])))?$\"},\"DATE\":{\"mask\":\"%Y.%m.%d\",\"regexp\":\"^([0-9]{1,4}\\\\.(0?[1-9]|1[0-2])\\\\.(0?[1-9]|[1,2][0-9]|3[0,1]))$\"},\"CURRENCY\":{\"mask\":{\"point\":\",\",\"thousands\":\".\",\"decimals\":2,\"mask\":\"%s\",\"zerofill\":true}}}},\"e_product\":null,\"listing_item\":null,\"labels\":{\"wnd.fe.CheckoutSelectMethodZasilkovnaItem.change\":\"Change pick up point\",\"wnd.fe.CheckoutSelectMethodZasilkovnaItem.choose\":\"Choose your pick up point\",\"wnd.fe.CheckoutSelectMethodZasilkovnaItem.error\":\"Please select a pick up point\",\"wnd.fe.CheckoutZipField.brInvalid\":\"Please enter valid ZIP code in format XXXXX-XXX\",\"wnd.fe.CookieBar.message\":\"Ez a weboldal cookie-kat (s\\u00fctiket) haszn\\u00e1l az\\u00e9rt, hogy a weboldal haszn\\u00e1lata sor\\u00e1n a lehet\\u0151 legjobb \\u00e9lm\\u00e9nyt tudjuk biztos\\u00edtani. A weboldalon t\\u00f6rt\\u00e9n\\u0151 tov\\u00e1bbi b\\u00f6ng\\u00e9sz\\u00e9ssel hozz\\u00e1j\\u00e1rul a cookie-k haszn\\u00e1lat\\u00e1hoz.\",\"wnd.fe.FeFooter.createWebsite\":\"K\\u00e9sz\\u00edtsd el weboldaladat ingyen!\",\"wnd.fe.FormManager.error.file.notAllowedExtension\":\"A f\\u00e1jlkiterjeszt\\u00e9s \\u0022{EXTENSION}\\u0022 nem megengedett.\",\"wnd.fe.FormManager.error.file.required\":\"K\\u00e9rem, v\\u00e1laszd ki a felt\\u00f6ltend\\u0151 f\\u00e1jlt.\",\"wnd.fe.FormManager.error.file.sizeExceeded\":\"A felt\\u00f6ltend\\u0151 f\\u00e1jl maxim\\u00e1lis m\\u00e9rete {SIZE} MB.\",\"wnd.fe.FormManager.error.userChangePassword\":\"A jelszavak nem egyeznek\",\"wnd.fe.FormManager.error.userLogin.inactiveAccount\":\"A regisztr\\u00e1ci\\u00f3 m\\u00e9g nem ker\\u00fclt j\\u00f3v\\u00e1hagy\\u00e1sra,  m\\u00e9g nem tud bejelentkezni.\",\"wnd.fe.FormManager.error.userLogin.invalidLogin\":\"Hib\\u00e1s felhaszn\\u00e1l\\u00f3n\\u00e9v (email c\\u00edm) vagy jelsz\\u00f3!\",\"wnd.fe.ListingData.shortMonthName.Apr\":\"\\u00c1pr\",\"wnd.fe.ListingData.shortMonthName.Aug\":\"Aug\",\"wnd.fe.ListingData.shortMonthName.Dec\":\"Dec\",\"wnd.fe.ListingData.shortMonthName.Feb\":\"Febr\",\"wnd.fe.ListingData.shortMonthName.Jan\":\"Jan\",\"wnd.fe.ListingData.shortMonthName.Jul\":\"J\\u00fal\",\"wnd.fe.ListingData.shortMonthName.Jun\":\"J\\u00fan\",\"wnd.fe.ListingData.shortMonthName.Mar\":\"M\\u00e1rc\",\"wnd.fe.ListingData.shortMonthName.May\":\"M\\u00e1j\",\"wnd.fe.ListingData.shortMonthName.Nov\":\"Nov\",\"wnd.fe.ListingData.shortMonthName.Oct\":\"Okt\",\"wnd.fe.ListingData.shortMonthName.Sep\":\"Szept\",\"wnd.fe.ShoppingCartManager.count.between2And4\":\"{COUNT} term\\u00e9kek\",\"wnd.fe.ShoppingCartManager.count.moreThan5\":\"{COUNT} term\\u00e9kek\",\"wnd.fe.ShoppingCartManager.count.one\":\"{COUNT} term\\u00e9k\",\"wnd.fe.ShoppingCartTable.label.itemsInStock\":\"Only {COUNT} pcs available in stock\",\"wnd.fe.ShoppingCartTable.label.itemsInStock.between2And4\":\"Csak {COUNT} db van rakt\\u00e1ron\",\"wnd.fe.ShoppingCartTable.label.itemsInStock.moreThan5\":\"Csak {COUNT} db van rakt\\u00e1ron\",\"wnd.fe.ShoppingCartTable.label.itemsInStock.one\":\"Csak {COUNT} db van rakt\\u00e1ron\",\"wnd.fe.ShoppingCartTable.label.outOfStock\":\"Nincs rakt\\u00e1ron\",\"wnd.fe.UserBar.logOut\":\"Kijelentkez\\u00e9s\",\"wnd.pc.BlogDetailPageZone.next\":\"\\u00dajabb bejegyz\\u00e9s\",\"wnd.pc.BlogDetailPageZone.previous\":\"Kor\\u00e1bbi bejegyz\\u00e9s\",\"wnd.pc.FileBlock.download\":\"LET\\u00d6LT\\u00c9S\",\"wnd.pc.FormBlock.action.defaultMessage.text\":\"Az \\u0171rlap elk\\u00fcld\\u00e9se sikeres volt.\",\"wnd.pc.FormBlock.action.defaultMessage.title\":\"K\\u00f6sz\\u00f6nj\\u00fck!\",\"wnd.pc.ListingDetailPageZone.next\":\"K\\u00f6vetkez\\u0151\",\"wnd.pc.ListingDetailPageZone.previous\":\"El\\u0151z\\u0151\",\"wnd.pc.ListingItemCopy.namePrefix\":\"M\\u00e1solat\",\"wnd.pc.Option.defaultText\":\"Tov\\u00e1bbi lehet\\u0151s\\u00e9g\",\"wnd.pc.PageCopy.namePrefix\":\"M\\u00e1solat\",\"wnd.pc.ProductAddToCartBlock.addToCart\":\"Kos\\u00e1rba\",\"wnd.pc.ProductItem.button.viewDetail\":\"Term\\u00e9k oldal\",\"wnd.pc.ProductOptionGroupBlock.notSelected\":\"Nincs kiv\\u00e1lasztva vari\\u00e1ci\\u00f3\",\"wnd.pc.ProductOutOfStockBlock.label\":\"Nincs rakt\\u00e1ron\",\"wnd.pc.ProductPriceBlock.prefixText\":\"\",\"wnd.pc.ProductPriceBlock.suffixText\":\"-t\\u00f3l\",\"wnd.pc.ProductsZone.label.collections\":\"Kateg\\u00f3ri\\u00e1k\",\"wnd.pc.ProductsZoneModel.label.allCollections\":\"Minden term\\u00e9k\",\"wnd.pc.ShoppingCartTable.label.checkout\":\"Kifizet\\u00e9s\",\"wnd.pc.ShoppingCartTable.label.checkoutDisabled\":\"A kifizet\\u00e9s jelenleg nem \\u00e9rhet\\u0151 el (nincs sz\\u00e1ll\\u00edt\\u00e1si vagy fizet\\u00e9si m\\u00f3d)\",\"wnd.pc.ShoppingCartTable.label.continue\":\"Folytatom a v\\u00e1s\\u00e1rl\\u00e1st\",\"wnd.pc.ShoppingCartTable.label.delete\":\"T\\u00f6rl\\u00e9s\",\"wnd.pc.ShoppingCartTable.label.item\":\"Term\\u00e9k\",\"wnd.pc.ShoppingCartTable.label.price\":\"\\u00c1r\",\"wnd.pc.ShoppingCartTable.label.quantity\":\"Darabsz\\u00e1m\",\"wnd.pc.ShoppingCartTable.label.sum\":\"\\u00d6sszesen\",\"wnd.pc.ShoppingCartTable.label.totalPrice\":\"\\u00d6sszesen\",\"wnd.pc.ShoppingCartTable.placeholder.text\":\"Ezt megv\\u00e1ltoztathatod! V\\u00e1lassz term\\u00e9keink k\\u00f6z\\u00fcl.\",\"wnd.pc.ShoppingCartTable.placeholder.title\":\"A kos\\u00e1r jelenleg \\u00fcres.\",\"wnd.pc.SystemFooterBlock.poweredByWebnode\":\"Az oldalt a {START_LINK}Webnode{END_LINK} m\\u0171k\\u00f6dteti\",\"wnd.pc.UserChangePasswordFormBlock.invalidRecoveryUrl\":\"A jelsz\\u00f3cser\\u00e9hez a link id\\u0151t\\u00fall\\u00e9p\\u00e9s miatt lej\\u00e1rt. \\u00daj link k\\u00e9r\\u00e9s\\u00e9hez kattintson az {START_LINK}Elfelejtett jelsz\\u00f3{END_LINK} linkre.\",\"wnd.pc.UserRecoveryFormBlock.action.defaultMessage.text\":\"A link, amellyel meg tudod v\\u00e1ltoztatni jelszavad, elk\\u00fcld\\u00e9sre ker\\u00fclt a postal\\u00e1d\\u00e1dba. Amennyiben nem \\u00e9rkezett meg a lev\\u00e9l, ellen\\u0151rizd k\\u00e9rlek a SPAM mapp\\u00e1t.\",\"wnd.pc.UserRecoveryFormBlock.action.defaultMessage.title\":\"Az e-mail az utas\\u00edt\\u00e1sokkal elk\\u00fcld\\u00e9sre ker\\u00fclt.\",\"wnd.pc.UserRegistrationFormBlock.action.defaultMessage.text\":\"A regisztr\\u00e1ci\\u00f3 j\\u00f3v\\u00e1hagy\\u00e1sra v\\u00e1r. Amikor j\\u00f3v\\u00e1hagy\\u00e1sra ker\\u00fcl, e-mailben t\\u00e1j\\u00e9koztatni fogunk.\",\"wnd.pc.UserRegistrationFormBlock.action.defaultMessage.title\":\"K\\u00f6sz\\u00f6nj\\u00fck, hogy regisztr\\u00e1lt\\u00e1l a honlapunkon.\",\"wnd.pm.AddNewPagePattern.onlineStore\":\"Web\\u00e1ruh\\u00e1z\"},\"kbLinks\":{\"faq\":\"https:\\\/\\\/www.webnode.hu\\\/tudastar\\\/index.php?\\\/Knowledgebase\\\/List\\\/Index\\\/388\\\/\",\"domainRegistration\":\"https:\\\/\\\/www.webnode.hu\\\/tudastar\\\/index.php?\\\/Knowledgebase\\\/Article\\\/View\\\/3267\\\/\",\"webmailLogin\":\"https:\\\/\\\/www.webnode.hu\\\/tudastar\\\/index.php?\\\/Knowledgebase\\\/Article\\\/View\\\/1934\\\/\",\"webmail\":\"https:\\\/\\\/www.webnode.hu\\\/tudastar\\\/index.php?\\\/Knowledgebase\\\/List\\\/Index\\\/393\\\/\",\"introduction\":\"https:\\\/\\\/www.webnode.hu\\\/tudastar\\\/index.php?\\\/Knowledgebase\\\/Article\\\/View\\\/2042\\\/\",\"orderTracking\":\"https:\\\/\\\/www.webnode.hu\\\/tudastar\\\/index.php?\\\/Knowledgebase\\\/Article\\\/View\\\/5136\\\/\",\"storageBandwidth\":\"https:\\\/\\\/www.webnode.hu\\\/tudastar\\\/index.php?\\\/Knowledgebase\\\/Article\\\/View\\\/1119\\\/\",\"subPage\":\"https:\\\/\\\/www.webnode.hu\\\/tudastar\\\/index.php?\\\/Knowledgebase\\\/Article\\\/View\\\/3134\\\/\",\"eshopPromo\":\"https:\\\/\\\/www.webnode.hu\\\/tudastar\\\/index.php?\\\/Knowledgebase\\\/List\\\/Index\\\/242\\\/\",\"eshopPromoVariants\":\"https:\\\/\\\/www.webnode.hu\\\/tudastar\\\/index.php?\\\/Knowledgebase\\\/Article\\\/View\\\/5331\\\/\",\"gpWebpay\":\"https:\\\/\\\/www.webnode.hu\\\/tudastar\\\/index.php?\\\/Knowledgebase\\\/Article\\\/View\\\/5160\\\/\",\"eshopDiscounts\":\"https:\\\/\\\/www.webnode.hu\\\/tudastar\\\/index.php?\\\/Knowledgebase\\\/Article\\\/View\\\/5480\\\/\",\"domainBirthdateInfo\":\"https:\\\/\\\/www.webnode.com\\\/support\\\/index.php?\\\/Knowledgebase\\\/Article\\\/View\\\/150\\\/\",\"domainTransfer\":\"https:\\\/\\\/www.webnode.com\\\/support\\\/index.php?\\\/Knowledgebase\\\/Article\\\/View\\\/3833\\\/\",\"skRegistration\":\"https:\\\/\\\/www.webnode.com\\\/support\\\/index.php?\\\/Knowledgebase\\\/Article\\\/View\\\/228\\\/\",\"euTransfer\":\"https:\\\/\\\/www.webnode.com\\\/support\\\/index.php?\\\/Knowledgebase\\\/Article\\\/View\\\/230\\\/\",\"import\":\"https:\\\/\\\/www.webnode.com\\\/support\\\/index.php?\\\/Knowledgebase\\\/Article\\\/View\\\/5157\\\/\",\"checkoutFi\":\"https:\\\/\\\/www.webnode.com\\\/support\\\/index.php?\\\/Knowledgebase\\\/Article\\\/View\\\/5392\\\/\",\"emailAccounts\":\"https:\\\/\\\/www.webnode.com\\\/support\\\/index.php?\\\/Knowledgebase\\\/Article\\\/View\\\/3211\\\/\",\"freightPriceSettings\":\"https:\\\/\\\/www.webnode.co.uk\\\/support\\\/index.php?\\\/Knowledgebase\\\/Article\\\/View\\\/5659\\\/\"},\"aviary\":[]};<\/script><\/body><\/html>","protected":false},"excerpt":{"rendered":"","protected":false},"author":2,"featured_media":0,"parent":0,"menu_order":0,"comment_status":"closed","ping_status":"closed","template":"elementor_header_footer","meta":[],"_links":{"self":[{"href":"https:\/\/bsplastic.hu\/en\/wp-json\/wp\/v2\/pages\/1214"}],"collection":[{"href":"https:\/\/bsplastic.hu\/en\/wp-json\/wp\/v2\/pages"}],"about":[{"href":"https:\/\/bsplastic.hu\/en\/wp-json\/wp\/v2\/types\/page"}],"author":[{"embeddable":true,"href":"https:\/\/bsplastic.hu\/en\/wp-json\/wp\/v2\/users\/2"}],"replies":[{"embeddable":true,"href":"https:\/\/bsplastic.hu\/en\/wp-json\/wp\/v2\/comments?post=1214"}],"version-history":[{"count":2,"href":"https:\/\/bsplastic.hu\/en\/wp-json\/wp\/v2\/pages\/1214\/revisions"}],"predecessor-version":[{"id":1216,"href":"https:\/\/bsplastic.hu\/en\/wp-json\/wp\/v2\/pages\/1214\/revisions\/1216"}],"wp:attachment":[{"href":"https:\/\/bsplastic.hu\/en\/wp-json\/wp\/v2\/media?parent=1214"}],"curies":[{"name":"wp","href":"https:\/\/api.w.org\/{rel}","templated":true}]}}