{"id":15514,"date":"2024-12-09T12:59:52","date_gmt":"2024-12-09T12:59:52","guid":{"rendered":"https:\/\/bsplastic.hu\/?page_id=15514"},"modified":"2024-12-09T14:20:48","modified_gmt":"2024-12-09T14:20:48","slug":"bs-plastic-kft","status":"publish","type":"page","link":"https:\/\/bsplastic.hu\/en\/bs-plastic-kft\/","title":{"rendered":"BS Plastic Kft."},"content":{"rendered":"<div data-elementor-type=\"wp-page\" data-elementor-id=\"15514\" class=\"elementor elementor-15514\">\n\t\t\t\t\t\t<div class=\"elementor-inner\">\n\t\t\t\t<div class=\"elementor-section-wrap\">\n\t\t\t\t\t\t\t\t\t<section class=\"elementor-section elementor-top-section elementor-element elementor-element-b7c58a6 elementor-section-boxed elementor-section-height-default elementor-section-height-default\" data-id=\"b7c58a6\" data-element_type=\"section\">\n\t\t\t\t\t\t<div class=\"elementor-container elementor-column-gap-default\">\n\t\t\t\t\t\t\t<div class=\"elementor-row\">\n\t\t\t\t\t<div class=\"elementor-column elementor-col-100 elementor-top-column elementor-element elementor-element-b435c0c\" data-id=\"b435c0c\" data-element_type=\"column\">\n\t\t\t<div class=\"elementor-column-wrap elementor-element-populated\">\n\t\t\t\t\t\t\t<div class=\"elementor-widget-wrap\">\n\t\t\t\t\t\t<div class=\"elementor-element elementor-element-89f8724 elementor-widget elementor-widget-text-editor\" data-id=\"89f8724\" data-element_type=\"widget\" data-widget_type=\"text-editor.default\">\n\t\t\t\t<div class=\"elementor-widget-container\">\n\t\t\t\t\t\t\t\t<div class=\"elementor-text-editor elementor-clearfix\">\n\t\t\t\t<h5><strong>P\u00e1ly\u00e1zat <\/strong><\/h5><p>GINOP Plusz-3.2.1-21 \u201eA munkav\u00e1llal\u00f3k \u00e9s v\u00e1llalatok alkalmazkod\u00f3k\u00e9pess\u00e9g\u00e9nek \u00e9s termel\u00e9kenys\u00e9g\u00e9nek jav\u00edt\u00e1sa a munkaer\u0151 fejleszt\u00e9s\u00e9n kereszt\u00fcl\u201d<\/p><p>A kedvezm\u00e9nyezett neve: Bs Plastic Korl\u00e1tolt Felel\u0151ss\u00e9g\u0171 T\u00e1rsas\u00e1g<\/p><p>A k\u00e9pz\u00e9sek elnevez\u00e9se \u00e9s c\u00e9lja:<\/p><p><strong>A k\u00e9pz\u00e9s elnevez\u00e9se:<\/strong> Vezet\u0151fejleszt\u00e9s k\u00e9pz\u00e9s<\/p><p><strong>A k\u00e9pz\u00e9s c\u00e9lja:<\/strong> A k\u00e9pz\u00e9s c\u00e9lja, hogy a r\u00e9sztvev\u0151k olyan elm\u00e9leti \u00e9s gyakorlati ismereteket szerezzenek, amelyek seg\u00edtenek vezet\u0151i m\u0171k\u00f6d\u00e9s\u00fck m\u00e9g sikeresebb\u00e9 t\u00e9tel\u00e9ben. A program elviszi a r\u00e9sztvev\u0151ket vezet\u0151i szerep\u00fck m\u00e9g tudatosabb\u00e1 t\u00e9tel\u00e9hez, csoportjuk \/ c\u00e9g\u00fck m\u0171k\u00f6dtet\u00e9s\u00e9nek m\u00e9g jobb k\u00e9zbentart\u00e1s\u00e1hoz \u00e9s szem\u00e9lyes hat\u00e9konys\u00e1guk er\u0151s\u00edt\u00e9s\u00e9hez.<\/p><p><strong>A k\u00e9pz\u00e9s elnevez\u00e9se:<\/strong> Kooper\u00e1ci\u00f3, egy\u00fcttm\u0171k\u00f6d\u00e9s csoportban<\/p><p><strong>A k\u00e9pz\u00e9s c\u00e9lja:<\/strong> A k\u00e9pz\u00e9s c\u00e9lja, hogy a r\u00e9sztvev\u0151k tudatosabban figyeljenek arra, hogyan m\u0171k\u00f6djenek egy\u00fctt m\u00e1sokkal, hogyan ismerj\u00e9k fel a k\u00fcl\u00f6nb\u00f6z\u0151 szem\u00e9lyis\u00e9gt\u00edpusokat, \u00e9s alkalmazz\u00e1k a megfelel\u0151 egy\u00fcttm\u0171k\u00f6d\u00e9si technik\u00e1kat az egy\u00e9n \u00e9s a csoport, a k\u00f6z\u00f6ss\u00e9g sikeress\u00e9ge \u00e9rdek\u00e9ben.<\/p><p><strong>A k\u00e9pz\u00e9s elnevez\u00e9se:<\/strong> Mesters\u00e9ges Intelligencia (AI) \u00e9s kiberbiztons\u00e1gi alapismeretek<\/p><p><strong>A k\u00e9pz\u00e9s c\u00e9lja:<\/strong> A k\u00e9pz\u00e9s c\u00e9lja, hogy a r\u00e9sztvev\u0151k \u00e1tfog\u00f3 ismereteket szerezzenek a mesters\u00e9ges intelligencia rendszerekr\u0151l, kiemelten a nagy nyelvi modellekr\u0151l (pl. Gemini, ChatGPT) \u00e9s m\u00e1s generat\u00edv MI-r\u0151l. A k\u00e9pz\u00e9s sor\u00e1n a r\u00e9sztvev\u0151k elsaj\u00e1t\u00edtj\u00e1k ezen technol\u00f3gi\u00e1k m\u0171k\u00f6d\u00e9s\u00e9t, alkalmaz\u00e1si lehet\u0151s\u00e9geit mind a szakmai, mind a mag\u00e1n\u00e9let ter\u00fclet\u00e9n, mik\u00f6zben betekint\u00e9st nyernek a kiberbiztons\u00e1gi vonatkoz\u00e1sokba is.<\/p><p><strong>A k\u00e9pz\u00e9s elnevez\u00e9se:<\/strong> Angol nyelv<\/p><p><strong>A k\u00e9pz\u00e9s c\u00e9lja:<\/strong> (Angol nyelvi k\u00e9pz\u00e9s): Az angol nyelvi k\u00e9pz\u00e9s c\u00e9lja (KER B1 szinten), hogy a r\u00e9sztvev\u0151k k\u00e9pesek legyenek meg\u00e9rteni \u00e9s haszn\u00e1lni az angol nyelvet a mindennapi helyzetekben.<\/p><p><strong>A k\u00e9pz\u00e9s elnevez\u00e9se:<\/strong> Excel ismeretek<\/p><p><strong>A k\u00e9pz\u00e9s c\u00e9lja:<\/strong> A k\u00e9pz\u00e9s sor\u00e1n a r\u00e9sztvev\u0151k fejlesztik m\u00e1r megl\u00e9v\u0151 informatikai ismereteiket. A k\u00e9pz\u00e9sen elsaj\u00e1t\u00edtott ismeretek seg\u00edts\u00e9g\u00e9vel k\u00e9pesek lesznek az Excel program alap funkci\u00f3inak, valamint a f\u00fcggv\u00e9nyek az adatbevitel \u00e9s a form\u00e1z\u00e1si funkci\u00f3k magabiztos haszn\u00e1lat\u00e1ra, ez\u00e1ltal n\u00f6velni tudj\u00e1k hat\u00e9konys\u00e1gukat<\/p><p><strong>A k\u00e9pz\u00e9s elnevez\u00e9se:<\/strong> Stresszmenedzsment tr\u00e9ning<\/p><p><strong>A k\u00e9pz\u00e9s c\u00e9lja:<\/strong> A k\u00e9pz\u00e9s c\u00e9lja, hogy a r\u00e9sztvev\u0151 ismerje meg \u00e9s saj\u00e1t\u00edtsa el a stressz elm\u00e9let\u00e9t, szoci\u00e1lis, t\u00e1rsadalmi vet\u00fclet\u00e9t \u00e9s a stresszkezel\u00e9si gyakorlatokat annak \u00e9rdek\u00e9ben, hogy k\u00e9pes legyen alkalmazni az egyes stresszkezel\u0151 technik\u00e1kat.<\/p><p>A szerz\u0151d\u00f6tt t\u00e1mogat\u00e1s \u00f6sszege: 6. 663.600 Ft<\/p><p><strong>A k\u00e9pz\u00e9sek r\u00e9szletes bemutat\u00e1sa:<\/strong><\/p><p><strong>Vezet\u0151fejleszt\u00e9s k\u00e9pz\u00e9s<\/strong>\u00a0<\/p><ul><li>A vezet\u0151i szerep defini\u00e1l\u00e1sa<\/li><li>\u00a0Vezet\u0151i st\u00edlusok\u00a0<\/li><li>Helyzetf\u00fcgg\u0151 vezet\u00e9s<\/li><li>Vezet\u0151i hatalom t\u00edpusai<\/li><li>Vezet\u0151i \u00e9rt\u00e9kek<\/li><li>Ide\u00e1lis vezet\u0151 profilja<\/li><\/ul><p><strong>Kooper\u00e1ci\u00f3, egy\u00fcttm\u0171k\u00f6d\u00e9s csoportban<\/strong><\/p><ul><li>Kommunik\u00e1ci\u00f3s eszk\u00f6z\u00f6k haszn\u00e1lata k\u00f6z\u00f6ss\u00e9gben, a kapcsolatok er\u0151s\u00edt\u00e9se \u00e9s fejleszt\u00e9se a megfelel\u0151 kommunik\u00e1ci\u00f3val.<\/li><li>Egy- \u00e9s k\u00e9tir\u00e1ny\u00fa kommunik\u00e1ci\u00f3 k\u00f6z\u00f6tti k\u00fcl\u00f6nbs\u00e9gek megismer\u00e9se.<\/li><li>A csoport kialakul\u00e1s\u00e1t t\u00e1mogat\u00f3 m\u00f3dszerek elsaj\u00e1t\u00edt\u00e1sa.<\/li><li>A konfliktuskezel\u00e9si technik\u00e1k a csoporton bel\u00fcl, illetve egy\u00e9nek k\u00f6z\u00f6tt kialakult ellent\u00e9tek kezel\u00e9s\u00e9re.<\/li><li>Konfliktus fa fel\u00e1ll\u00edt\u00e1sa, megold\u00e1sokkal.<\/li><li>A kapcsolatteremt\u0151 \u00e9s kapcsolatfenntart\u00f3 k\u00e9szs\u00e9get jav\u00edt\u00f3 inform\u00e1ci\u00f3\u00e1tad\u00e1s a hat\u00e9kony \u00e9s sikeres egy\u00fcttm\u0171k\u00f6d\u00e9s \u00e9rdek\u00e9ben.<\/li><\/ul><p><strong>Mesters\u00e9ges intelligencia (AI) \u00e9s kiberbiztons\u00e1gi alapismeretek<\/strong>\u00a0<\/p><ul><li>A mesters\u00e9ges intelligencia fejl\u0151d\u00e9s\u00e9nek egyes \u00e1llom\u00e1sai\u00a0<\/li><li>Ipari forradalom 5.0<\/li><li>Az \u201eintelligencia\u201d fogalma, a term\u00e9szetes \u00e9s mesters\u00e9ges intelligencia k\u00fcl\u00f6nbs\u00e9gei<\/li><li>Az MI fogalm\u00e1nak defini\u00e1l\u00e1sa az AI Act alapj\u00e1n<\/li><\/ul><p><strong>Angol nyelv:<\/strong><\/p><p>A k\u00e9pz\u00e9s tartalma szerint az al\u00e1bbi eredm\u00e9nyek \u00e9rhet\u0151k el:<\/p><ul><li>Nyelvtud\u00e1s fejleszt\u00e9se: A r\u00e9sztvev\u0151k megtanulj\u00e1k a sz\u00fcks\u00e9ges nyelvtani szerkezeteket \u00e9s sz\u00f3kincset, amelyek lehet\u0151v\u00e9 teszik sz\u00e1mukra, hogy egyszer\u0171 mondatokat mondjanak \u00e9s egyszer\u0171 bekezd\u00e9seket \u00edrjanak.<\/li><li>Sz\u00f6veg\u00e9rt\u00e9s: K\u00e9pesek lesznek meg\u00e9rteni a mindennapi szitu\u00e1ci\u00f3kban haszn\u00e1lt egyszer\u0171 sz\u00f6vegek, p\u00e9ld\u00e1ul hirdet\u00e9sek, menetrendek, vagy r\u00f6vid cikkek.<\/li><li>Kommunik\u00e1ci\u00f3: A r\u00e9sztvev\u0151k k\u00e9pesek lesznek egyszer\u0171 besz\u00e9lget\u00e9sekben r\u00e9szt venni, kifejezni \u00e9rz\u00e9seiket, \u00e9lm\u00e9nyeiket, v\u00e9lem\u00e9ny\u00fcket, \u00e9s k\u00e9rd\u00e9seket feltenni.<\/li><li>Hall\u00e1s ut\u00e1ni \u00e9rt\u00e9s: K\u00e9pesek lesznek meg\u00e9rteni a lassan \u00e9s vil\u00e1gosan besz\u00e9l\u0151 anyanyelvi besz\u00e9l\u0151ket alapvet\u0151 t\u00e9m\u00e1kban, mint p\u00e9ld\u00e1ul a csal\u00e1d, munka, \u00e9s utaz\u00e1s.<\/li><li>\u00cdr\u00e1sk\u00e9szs\u00e9g: Egyszer\u0171, \u00f6sszef\u00fcgg\u0151 sz\u00f6vegek \u00edr\u00e1sa ismer\u0151s t\u00e9m\u00e1kr\u00f3l, p\u00e9ld\u00e1ul egy \u00e9lm\u00e9nyr\u0151l vagy esem\u00e9nyr\u0151l.<\/li><\/ul><p><strong>Excel ismeretek:<\/strong><\/p><ul><li>Excel be\u00e1ll\u00edt\u00e1sok\u00a0<\/li><li>Az eszk\u00f6zt\u00e1r vagy szalag testre szab\u00e1sa\u00a0<\/li><li>A hat\u00e9kony munk\u00e1t seg\u00edt\u0151 kijel\u00f6l\u00e9si, navig\u00e1ci\u00f3s tippek, hasznos billenty\u0171 kombin\u00e1ci\u00f3k\u00a0<\/li><li>N\u00e9zeti be\u00e1ll\u00edt\u00e1sok o Cell\u00e1hoz f\u0171z\u00f6tt megjegyz\u00e9sek<\/li><\/ul><p><strong>Stresszmenedzsment tr\u00e9ning:<\/strong><\/p><p>A stressz fogalma, kialakul\u00e1sa<\/p><p>A stresszre adott reakci\u00f3 3 szakasza:\u00a0<\/p><ul><li>V\u00e9szreakci\u00f3\/alarm reakci\u00f3 szakasza\u00a0<\/li><li>Alkalmazkod\u00e1s\/adapt\u00e1ci\u00f3 vagy ellen\u00e1ll\u00e1s\/rezisztencia<\/li><li>Kimer\u00fcl\u00e9s szakasza<\/li><\/ul><p>A stresszkezel\u00e9s alapjai \u00e9s lehets\u00e9ges kimenetek:\u00a0<\/p><ul><li>Megk\u00fczd\u00e9s (coping) szem\u00e9lyis\u00e9gfejleszt\u0151 hat\u00e1s<\/li><li>K\u00f3ros \u00e1tmeneti reakci\u00f3k (PTSD, katasztr\u00f3faszindr\u00f3ma)<\/li><li>Kr\u00edzis\u00e1llapotok, testi-, lelki betegs\u00e9gek.<\/li><\/ul><p>Stresszkezel\u00e9si gyakorlatok<\/p><p>\u00a0<\/p><p>A k\u00e9pz\u00e9sek tervezett befejez\u00e9si d\u00e1tuma: 2025.03.31.<\/p>\t\t\t\t\t<\/div>\n\t\t\t\t\t\t<\/div>\n\t\t\t\t<\/div>\n\t\t\t\t\t\t<\/div>\n\t\t\t\t\t<\/div>\n\t\t<\/div>\n\t\t\t\t\t\t\t\t<\/div>\n\t\t\t\t\t<\/div>\n\t\t<\/section>\n\t\t\t\t\t\t\t\t\t<\/div>\n\t\t\t<\/div>\n\t\t\t\t\t<\/div>","protected":false},"excerpt":{"rendered":"<p>P\u00e1ly\u00e1zat GINOP Plusz-3.2.1-21 \u201eA munkav\u00e1llal\u00f3k \u00e9s v\u00e1llalatok alkalmazkod\u00f3k\u00e9pess\u00e9g\u00e9nek \u00e9s termel\u00e9kenys\u00e9g\u00e9nek jav\u00edt\u00e1sa a munkaer\u0151 fejleszt\u00e9s\u00e9n kereszt\u00fcl\u201d A kedvezm\u00e9nyezett neve: Bs Plastic Korl\u00e1tolt Felel\u0151ss\u00e9g\u0171 T\u00e1rsas\u00e1g A k\u00e9pz\u00e9sek elnevez\u00e9se \u00e9s c\u00e9lja: A k\u00e9pz\u00e9s elnevez\u00e9se: Vezet\u0151fejleszt\u00e9s k\u00e9pz\u00e9s A k\u00e9pz\u00e9s c\u00e9lja: A k\u00e9pz\u00e9s c\u00e9lja, hogy a r\u00e9sztvev\u0151k olyan elm\u00e9leti \u00e9s gyakorlati ismereteket szerezzenek, amelyek seg\u00edtenek vezet\u0151i m\u0171k\u00f6d\u00e9s\u00fck m\u00e9g sikeresebb\u00e9 t\u00e9tel\u00e9ben. [&hellip;]<\/p>","protected":false},"author":3,"featured_media":0,"parent":0,"menu_order":0,"comment_status":"closed","ping_status":"closed","template":"elementor_header_footer","meta":[],"_links":{"self":[{"href":"https:\/\/bsplastic.hu\/en\/wp-json\/wp\/v2\/pages\/15514"}],"collection":[{"href":"https:\/\/bsplastic.hu\/en\/wp-json\/wp\/v2\/pages"}],"about":[{"href":"https:\/\/bsplastic.hu\/en\/wp-json\/wp\/v2\/types\/page"}],"author":[{"embeddable":true,"href":"https:\/\/bsplastic.hu\/en\/wp-json\/wp\/v2\/users\/3"}],"replies":[{"embeddable":true,"href":"https:\/\/bsplastic.hu\/en\/wp-json\/wp\/v2\/comments?post=15514"}],"version-history":[{"count":7,"href":"https:\/\/bsplastic.hu\/en\/wp-json\/wp\/v2\/pages\/15514\/revisions"}],"predecessor-version":[{"id":15526,"href":"https:\/\/bsplastic.hu\/en\/wp-json\/wp\/v2\/pages\/15514\/revisions\/15526"}],"wp:attachment":[{"href":"https:\/\/bsplastic.hu\/en\/wp-json\/wp\/v2\/media?parent=15514"}],"curies":[{"name":"wp","href":"https:\/\/api.w.org\/{rel}","templated":true}]}}