{"id":178,"date":"2019-09-15T09:58:34","date_gmt":"2019-09-15T09:58:34","guid":{"rendered":"https:\/\/bsplastic.hu\/?page_id=178"},"modified":"2020-05-07T13:18:59","modified_gmt":"2020-05-07T13:18:59","slug":"tarsadalmi-szerepvallalas","status":"publish","type":"page","link":"https:\/\/bsplastic.hu\/en\/tarsadalmi-szerepvallalas\/","title":{"rendered":"Social engagement"},"content":{"rendered":"<div data-elementor-type=\"wp-page\" data-elementor-id=\"178\" class=\"elementor elementor-178\">\n\t\t\t\t\t\t<div class=\"elementor-inner\">\n\t\t\t\t<div class=\"elementor-section-wrap\">\n\t\t\t\t\t\t\t\t\t<section class=\"elementor-section elementor-top-section elementor-element elementor-element-d5ccc4f elementor-section-boxed elementor-section-height-default elementor-section-height-default\" data-id=\"d5ccc4f\" data-element_type=\"section\" data-settings=\"{&quot;background_background&quot;:&quot;classic&quot;}\">\n\t\t\t\t\t\t<div class=\"elementor-container elementor-column-gap-default\">\n\t\t\t\t\t\t\t<div class=\"elementor-row\">\n\t\t\t\t\t<div class=\"elementor-column elementor-col-100 elementor-top-column elementor-element elementor-element-550f202\" data-id=\"550f202\" data-element_type=\"column\">\n\t\t\t<div class=\"elementor-column-wrap elementor-element-populated\">\n\t\t\t\t\t\t\t<div class=\"elementor-widget-wrap\">\n\t\t\t\t\t\t<div class=\"elementor-element elementor-element-0bee8e2 elementor-widget elementor-widget-text-editor\" data-id=\"0bee8e2\" data-element_type=\"widget\" data-widget_type=\"text-editor.default\">\n\t\t\t\t<div class=\"elementor-widget-container\">\n\t\t\t\t\t\t\t\t<div class=\"elementor-text-editor elementor-clearfix\">\n\t\t\t\t<p>Social engagement<\/p>\t\t\t\t\t<\/div>\n\t\t\t\t\t\t<\/div>\n\t\t\t\t<\/div>\n\t\t\t\t<div class=\"elementor-element elementor-element-e5720a1 elementor-widget elementor-widget-text-editor\" data-id=\"e5720a1\" data-element_type=\"widget\" data-widget_type=\"text-editor.default\">\n\t\t\t\t<div class=\"elementor-widget-container\">\n\t\t\t\t\t\t\t\t<div class=\"elementor-text-editor elementor-clearfix\">\n\t\t\t\t<p>Felismert\u00fck, hogy nem el\u00e9g min\u0151s\u00e9gi term\u00e9keket gy\u00e1rtani, kiemelked\u0151 szolg\u00e1ltat\u00e1st ny\u00fajtani, meg kell tal\u00e1lni azt az utat, amely a hum\u00e1n \u00e9rt\u00e9kek felismer\u00e9s\u00e9hez vezet. Eset\u00fcnkben ez h\u00e1rom r\u00e9szre oszthat\u00f3: t\u00e1mogat\u00e1s, aj\u00e1nd\u00e9koz\u00e1s, szponzor\u00e1ci\u00f3. A management szoci\u00e1lis \u00e9rz\u00e9kenys\u00e9g\u00e9t bizony\u00edtja, hogy anyagilag \u00e9s erk\u00f6lcsileg t\u00e1mogat r\u00e1szorul\u00f3 helyi beteg gyerekeket, tehets\u00e9geket. Sz\u00edv\u00fcnkh\u00f6z k\u00f6zel \u00e1ll\u00f3 kezdem\u00e9nyez\u00e9s a \u201eFogadj \u00d6r\u00f6kbe Egy Macit Alap\u00edtv\u00e1ny\u201d amely c\u00e9lja, hogy munkahelyteremt\u00e9ssel t\u00e1mogassuk a fogyat\u00e9kkal \u00e9l\u0151k t\u00e1rsadalmi integr\u00e1ci\u00f3j\u00e1t. A helyi k\u00f6z\u00f6ss\u00e9gben val\u00f3 egy\u00fctt\u00e9l\u00e9s r\u00e9sze, hogy fontosabb \u00fcnnepeink alkalm\u00e1val (h\u00fasv\u00e9ti, kar\u00e1csonyi) aj\u00e1nd\u00e9kcsomaggal lepi meg v\u00e1rosunk id\u0151sotthonainak valamint \u00f3vod\u00e1inak lak\u00f3it. Mindennapi \u00e9let\u00fcnknek fontos r\u00e9sze a sport, amelyet nem csak akt\u00edv r\u00e9szesei, de t\u00e1mogat\u00f3i is vagyunk.<\/p>\t\t\t\t\t<\/div>\n\t\t\t\t\t\t<\/div>\n\t\t\t\t<\/div>\n\t\t\t\t\t\t<\/div>\n\t\t\t\t\t<\/div>\n\t\t<\/div>\n\t\t\t\t\t\t\t\t<\/div>\n\t\t\t\t\t<\/div>\n\t\t<\/section>\n\t\t\t\t\t\t\t\t\t<\/div>\n\t\t\t<\/div>\n\t\t\t\t\t<\/div>","protected":false},"excerpt":{"rendered":"<p>T\u00e1rsadalmi szerepv\u00e1llal\u00e1s Felismert\u00fck, hogy nem el\u00e9g min\u0151s\u00e9gi term\u00e9keket gy\u00e1rtani, kiemelked\u0151 szolg\u00e1ltat\u00e1st ny\u00fajtani, meg kell tal\u00e1lni azt az utat, amely a hum\u00e1n \u00e9rt\u00e9kek felismer\u00e9s\u00e9hez vezet. Eset\u00fcnkben ez h\u00e1rom r\u00e9szre oszthat\u00f3: t\u00e1mogat\u00e1s, aj\u00e1nd\u00e9koz\u00e1s, szponzor\u00e1ci\u00f3. A management szoci\u00e1lis \u00e9rz\u00e9kenys\u00e9g\u00e9t bizony\u00edtja, hogy anyagilag \u00e9s erk\u00f6lcsileg t\u00e1mogat r\u00e1szorul\u00f3 helyi beteg gyerekeket, tehets\u00e9geket. Sz\u00edv\u00fcnkh\u00f6z k\u00f6zel \u00e1ll\u00f3 kezdem\u00e9nyez\u00e9s a \u201eFogadj \u00d6r\u00f6kbe Egy [&hellip;]<\/p>","protected":false},"author":2,"featured_media":17,"parent":0,"menu_order":0,"comment_status":"closed","ping_status":"closed","template":"elementor_header_footer","meta":[],"_links":{"self":[{"href":"https:\/\/bsplastic.hu\/en\/wp-json\/wp\/v2\/pages\/178"}],"collection":[{"href":"https:\/\/bsplastic.hu\/en\/wp-json\/wp\/v2\/pages"}],"about":[{"href":"https:\/\/bsplastic.hu\/en\/wp-json\/wp\/v2\/types\/page"}],"author":[{"embeddable":true,"href":"https:\/\/bsplastic.hu\/en\/wp-json\/wp\/v2\/users\/2"}],"replies":[{"embeddable":true,"href":"https:\/\/bsplastic.hu\/en\/wp-json\/wp\/v2\/comments?post=178"}],"version-history":[{"count":5,"href":"https:\/\/bsplastic.hu\/en\/wp-json\/wp\/v2\/pages\/178\/revisions"}],"predecessor-version":[{"id":1001,"href":"https:\/\/bsplastic.hu\/en\/wp-json\/wp\/v2\/pages\/178\/revisions\/1001"}],"wp:featuredmedia":[{"embeddable":true,"href":"https:\/\/bsplastic.hu\/en\/wp-json\/wp\/v2\/media\/17"}],"wp:attachment":[{"href":"https:\/\/bsplastic.hu\/en\/wp-json\/wp\/v2\/media?parent=178"}],"curies":[{"name":"wp","href":"https:\/\/api.w.org\/{rel}","templated":true}]}}