{"id":487,"date":"2020-02-10T10:41:13","date_gmt":"2020-02-10T10:41:13","guid":{"rendered":"https:\/\/bsplastic.hu\/?page_id=487"},"modified":"2024-12-09T16:40:55","modified_gmt":"2024-12-09T16:40:55","slug":"galeria","status":"publish","type":"page","link":"https:\/\/bsplastic.hu\/en\/galeria\/","title":{"rendered":"GALLERY"},"content":{"rendered":"<div data-elementor-type=\"wp-page\" data-elementor-id=\"487\" class=\"elementor elementor-487\">\n\t\t\t\t\t\t<div class=\"elementor-inner\">\n\t\t\t\t<div class=\"elementor-section-wrap\">\n\t\t\t\t\t\t\t\t\t<section class=\"elementor-section elementor-top-section elementor-element elementor-element-d5ccc4f elementor-section-stretched elementor-section-boxed elementor-section-height-default elementor-section-height-default\" data-id=\"d5ccc4f\" data-element_type=\"section\" data-settings=\"{&quot;background_background&quot;:&quot;classic&quot;,&quot;stretch_section&quot;:&quot;section-stretched&quot;}\">\n\t\t\t\t\t\t<div class=\"elementor-container elementor-column-gap-default\">\n\t\t\t\t\t\t\t<div class=\"elementor-row\">\n\t\t\t\t\t<div class=\"elementor-column elementor-col-100 elementor-top-column elementor-element elementor-element-550f202\" data-id=\"550f202\" data-element_type=\"column\">\n\t\t\t<div class=\"elementor-column-wrap elementor-element-populated\">\n\t\t\t\t\t\t\t<div class=\"elementor-widget-wrap\">\n\t\t\t\t\t\t<div class=\"elementor-element elementor-element-0bee8e2 elementor-widget elementor-widget-text-editor\" data-id=\"0bee8e2\" data-element_type=\"widget\" data-widget_type=\"text-editor.default\">\n\t\t\t\t<div class=\"elementor-widget-container\">\n\t\t\t\t\t\t\t\t<div class=\"elementor-text-editor elementor-clearfix\">\n\t\t\t\t<p>GALLERY<\/p>\t\t\t\t\t<\/div>\n\t\t\t\t\t\t<\/div>\n\t\t\t\t<\/div>\n\t\t\t\t<div class=\"elementor-element elementor-element-480f78f elementor-widget elementor-widget-text-editor\" data-id=\"480f78f\" data-element_type=\"widget\" data-widget_type=\"text-editor.default\">\n\t\t\t\t<div class=\"elementor-widget-container\">\n\t\t\t\t\t\t\t\t<div class=\"elementor-text-editor elementor-clearfix\">\n\t\t\t\t<p>Click on the image to zoom in.<\/p>\t\t\t\t\t<\/div>\n\t\t\t\t\t\t<\/div>\n\t\t\t\t<\/div>\n\t\t\t\t<div class=\"elementor-element elementor-element-27bc7ab elementor-arrows-position-inside elementor-pagination-position-outside elementor-widget elementor-widget-image-carousel\" data-id=\"27bc7ab\" data-element_type=\"widget\" data-settings=\"{&quot;autoplay_speed&quot;:5500,&quot;image_spacing_custom&quot;:{&quot;unit&quot;:&quot;px&quot;,&quot;size&quot;:10,&quot;sizes&quot;:[]},&quot;slides_to_show&quot;:&quot;3&quot;,&quot;slides_to_show_mobile&quot;:&quot;1&quot;,&quot;navigation&quot;:&quot;both&quot;,&quot;autoplay&quot;:&quot;yes&quot;,&quot;pause_on_hover&quot;:&quot;yes&quot;,&quot;pause_on_interaction&quot;:&quot;yes&quot;,&quot;infinite&quot;:&quot;yes&quot;,&quot;speed&quot;:500,&quot;image_spacing_custom_tablet&quot;:{&quot;unit&quot;:&quot;px&quot;,&quot;size&quot;:&quot;&quot;,&quot;sizes&quot;:[]}}\" data-widget_type=\"image-carousel.default\">\n\t\t\t\t<div class=\"elementor-widget-container\">\n\t\t\t\t\t<div class=\"elementor-image-carousel-wrapper swiper-container\" dir=\"ltr\">\n\t\t\t<div class=\"elementor-image-carousel swiper-wrapper\">\n\t\t\t\t\t\t\t\t<div class=\"swiper-slide\"><a data-elementor-open-lightbox=\"yes\" data-elementor-lightbox-slideshow=\"27bc7ab\" data-elementor-lightbox-title=\"DSC_5414\" data-e-action-hash=\"#elementor-action%3Aaction%3Dlightbox%26settings%3DeyJpZCI6NTA3LCJ1cmwiOiJodHRwczpcL1wvYnNwbGFzdGljLmh1XC93cC1jb250ZW50XC91cGxvYWRzXC8yMDIwXC8wMlwvRFNDXzU0MTQuanBnIiwic2xpZGVzaG93IjoiMjdiYzdhYiJ9\" href=\"https:\/\/bsplastic.hu\/wp-content\/uploads\/2020\/02\/DSC_5414.jpg\"><figure class=\"swiper-slide-inner\"><img class=\"swiper-slide-image\" src=\"https:\/\/bsplastic.hu\/wp-content\/uploads\/elementor\/thumbs\/DSC_5414-okyi78sovuxl882oav8dydtmmjukjh8uigaqqq6e2g.jpg\" alt=\"DSC_5414\" \/><\/figure><\/a><\/div><div class=\"swiper-slide\"><a data-elementor-open-lightbox=\"yes\" data-elementor-lightbox-slideshow=\"27bc7ab\" data-elementor-lightbox-title=\"DSC_5420\" data-e-action-hash=\"#elementor-action%3Aaction%3Dlightbox%26settings%3DeyJpZCI6NTA4LCJ1cmwiOiJodHRwczpcL1wvYnNwbGFzdGljLmh1XC93cC1jb250ZW50XC91cGxvYWRzXC8yMDIwXC8wMlwvRFNDXzU0MjAuanBnIiwic2xpZGVzaG93IjoiMjdiYzdhYiJ9\" href=\"https:\/\/bsplastic.hu\/wp-content\/uploads\/2020\/02\/DSC_5420.jpg\"><figure class=\"swiper-slide-inner\"><img class=\"swiper-slide-image\" src=\"https:\/\/bsplastic.hu\/wp-content\/uploads\/elementor\/thumbs\/DSC_5420-okyi79qj2oyvju1b5dn0ivl37xpxr6ckuky8804zw8.jpg\" alt=\"DSC_5420\" \/><\/figure><\/a><\/div><div class=\"swiper-slide\"><a data-elementor-open-lightbox=\"yes\" data-elementor-lightbox-slideshow=\"27bc7ab\" data-elementor-lightbox-title=\"DSC_5446\" data-e-action-hash=\"#elementor-action%3Aaction%3Dlightbox%26settings%3DeyJpZCI6NTA5LCJ1cmwiOiJodHRwczpcL1wvYnNwbGFzdGljLmh1XC93cC1jb250ZW50XC91cGxvYWRzXC8yMDIwXC8wMlwvRFNDXzU0NDYuanBnIiwic2xpZGVzaG93IjoiMjdiYzdhYiJ9\" href=\"https:\/\/bsplastic.hu\/wp-content\/uploads\/2020\/02\/DSC_5446.jpg\"><figure class=\"swiper-slide-inner\"><img class=\"swiper-slide-image\" src=\"https:\/\/bsplastic.hu\/wp-content\/uploads\/elementor\/thumbs\/DSC_5446-okyi79qj2oyvju1b5dn0ivl37xpxr6ckuky8804zw8.jpg\" alt=\"DSC_5446\" \/><\/figure><\/a><\/div><div class=\"swiper-slide\"><a data-elementor-open-lightbox=\"yes\" data-elementor-lightbox-slideshow=\"27bc7ab\" data-elementor-lightbox-title=\"DSC_5475\" data-e-action-hash=\"#elementor-action%3Aaction%3Dlightbox%26settings%3DeyJpZCI6NTEwLCJ1cmwiOiJodHRwczpcL1wvYnNwbGFzdGljLmh1XC93cC1jb250ZW50XC91cGxvYWRzXC8yMDIwXC8wMlwvRFNDXzU0NzUuanBnIiwic2xpZGVzaG93IjoiMjdiYzdhYiJ9\" href=\"https:\/\/bsplastic.hu\/wp-content\/uploads\/2020\/02\/DSC_5475.jpg\"><figure class=\"swiper-slide-inner\"><img class=\"swiper-slide-image\" src=\"https:\/\/bsplastic.hu\/wp-content\/uploads\/elementor\/thumbs\/DSC_5475-okyi7aod9j05vfzxzw1n3dcjtblayvgb6plppa3lq0.jpg\" alt=\"DSC_5475\" \/><\/figure><\/a><\/div><div class=\"swiper-slide\"><a data-elementor-open-lightbox=\"yes\" data-elementor-lightbox-slideshow=\"27bc7ab\" data-elementor-lightbox-title=\"DSC_5489\" data-e-action-hash=\"#elementor-action%3Aaction%3Dlightbox%26settings%3DeyJpZCI6NTExLCJ1cmwiOiJodHRwczpcL1wvYnNwbGFzdGljLmh1XC93cC1jb250ZW50XC91cGxvYWRzXC8yMDIwXC8wMlwvRFNDXzU0ODkuanBnIiwic2xpZGVzaG93IjoiMjdiYzdhYiJ9\" href=\"https:\/\/bsplastic.hu\/wp-content\/uploads\/2020\/02\/DSC_5489.jpg\"><figure class=\"swiper-slide-inner\"><img class=\"swiper-slide-image\" src=\"https:\/\/bsplastic.hu\/wp-content\/uploads\/elementor\/thumbs\/DSC_5489-okyi7bm7gd1g71ykueg9nv40epgo6kk1iu976k27js.jpg\" alt=\"DSC_5489\" \/><\/figure><\/a><\/div><div class=\"swiper-slide\"><a data-elementor-open-lightbox=\"yes\" data-elementor-lightbox-slideshow=\"27bc7ab\" data-elementor-lightbox-title=\"DSC_5528\" data-e-action-hash=\"#elementor-action%3Aaction%3Dlightbox%26settings%3DeyJpZCI6NTE1LCJ1cmwiOiJodHRwczpcL1wvYnNwbGFzdGljLmh1XC93cC1jb250ZW50XC91cGxvYWRzXC8yMDIwXC8wMlwvRFNDXzU1MjgtMS5qcGciLCJzbGlkZXNob3ciOiIyN2JjN2FiIn0%3D\" href=\"https:\/\/bsplastic.hu\/wp-content\/uploads\/2020\/02\/DSC_5528-1.jpg\"><figure class=\"swiper-slide-inner\"><img class=\"swiper-slide-image\" src=\"https:\/\/bsplastic.hu\/wp-content\/uploads\/elementor\/thumbs\/DSC_5528-1-okyi7dhvu140u9vujf9isumxlh7elyri73k653zf7c.jpg\" alt=\"DSC_5528\" \/><\/figure><\/a><\/div><div class=\"swiper-slide\"><a data-elementor-open-lightbox=\"yes\" data-elementor-lightbox-slideshow=\"27bc7ab\" data-elementor-lightbox-title=\"DSC_4672 PE t\u00e1ska\" data-e-action-hash=\"#elementor-action%3Aaction%3Dlightbox%26settings%3DeyJpZCI6NjIxLCJ1cmwiOiJodHRwczpcL1wvYnNwbGFzdGljLmh1XC93cC1jb250ZW50XC91cGxvYWRzXC8yMDE5XC8wOVwvRFNDXzQ2NzItUEUtdFx1MDBlMXNrYS5qcGciLCJzbGlkZXNob3ciOiIyN2JjN2FiIn0%3D\" href=\"https:\/\/bsplastic.hu\/wp-content\/uploads\/2019\/09\/DSC_4672-PE-t\u00e1ska.jpg\"><figure class=\"swiper-slide-inner\"><img class=\"swiper-slide-image\" src=\"https:\/\/bsplastic.hu\/wp-content\/uploads\/elementor\/thumbs\/DSC_4672-PE-t\u00e1ska-ol9ct1ew7qgxd8j6anlwtfsybx1vaglhhvioqam3so.jpg\" alt=\"DSC_4672 PE t\u00e1ska\" \/><\/figure><\/a><\/div><div class=\"swiper-slide\"><a data-elementor-open-lightbox=\"yes\" data-elementor-lightbox-slideshow=\"27bc7ab\" data-elementor-lightbox-title=\"DSC_4664 PE t\u00e1ska\" data-e-action-hash=\"#elementor-action%3Aaction%3Dlightbox%26settings%3DeyJpZCI6NjIwLCJ1cmwiOiJodHRwczpcL1wvYnNwbGFzdGljLmh1XC93cC1jb250ZW50XC91cGxvYWRzXC8yMDE5XC8wOVwvRFNDXzQ2NjQtUEUtdFx1MDBlMXNrYS5qcGciLCJzbGlkZXNob3ciOiIyN2JjN2FiIn0%3D\" href=\"https:\/\/bsplastic.hu\/wp-content\/uploads\/2019\/09\/DSC_4664-PE-t\u00e1ska.jpg\"><figure class=\"swiper-slide-inner\"><img class=\"swiper-slide-image\" src=\"https:\/\/bsplastic.hu\/wp-content\/uploads\/elementor\/thumbs\/DSC_4664-PE-t\u00e1ska-ol9ct0h20wfn1mkjg57a8y1hqj6i2rhr5qv790nhyw.jpg\" alt=\"DSC_4664 PE t\u00e1ska\" \/><\/figure><\/a><\/div><div class=\"swiper-slide\"><a data-elementor-open-lightbox=\"yes\" data-elementor-lightbox-slideshow=\"27bc7ab\" data-elementor-lightbox-title=\"DSC_4656 PE t\u00e1ska\" data-e-action-hash=\"#elementor-action%3Aaction%3Dlightbox%26settings%3DeyJpZCI6NjE5LCJ1cmwiOiJodHRwczpcL1wvYnNwbGFzdGljLmh1XC93cC1jb250ZW50XC91cGxvYWRzXC8yMDE5XC8wOVwvRFNDXzQ2NTYtUEUtdFx1MDBlMXNrYS0xLmpwZyIsInNsaWRlc2hvdyI6IjI3YmM3YWIifQ%3D%3D\" href=\"https:\/\/bsplastic.hu\/wp-content\/uploads\/2019\/09\/DSC_4656-PE-t\u00e1ska-1.jpg\"><figure class=\"swiper-slide-inner\"><img class=\"swiper-slide-image\" src=\"https:\/\/bsplastic.hu\/wp-content\/uploads\/elementor\/thumbs\/DSC_4656-PE-t\u00e1ska-1-ol9cszj7u2ecq0lwlmsnoga155b4v2e0tm7prqow54.jpg\" alt=\"DSC_4656 PE t\u00e1ska\" \/><\/figure><\/a><\/div><div class=\"swiper-slide\"><a data-elementor-open-lightbox=\"yes\" data-elementor-lightbox-slideshow=\"27bc7ab\" data-elementor-lightbox-title=\"DSC_4717 Hdpe tasak\" data-e-action-hash=\"#elementor-action%3Aaction%3Dlightbox%26settings%3DeyJpZCI6NjA2LCJ1cmwiOiJodHRwczpcL1wvYnNwbGFzdGljLmh1XC93cC1jb250ZW50XC91cGxvYWRzXC8yMDE5XC8wOVwvRFNDXzQ3MTctSGRwZS10YXNhay5qcGciLCJzbGlkZXNob3ciOiIyN2JjN2FiIn0%3D\" href=\"https:\/\/bsplastic.hu\/wp-content\/uploads\/2019\/09\/DSC_4717-Hdpe-tasak.jpg\"><figure class=\"swiper-slide-inner\"><img class=\"swiper-slide-image\" src=\"https:\/\/bsplastic.hu\/wp-content\/uploads\/elementor\/thumbs\/DSC_4717-Hdpe-tasak-ol9c9dmf9hk0iv3a3nnu5wev0ryhadjlska2cxrjy0.jpg\" alt=\"DSC_4717 Hdpe tasak\" \/><\/figure><\/a><\/div><div class=\"swiper-slide\"><a data-elementor-open-lightbox=\"yes\" data-elementor-lightbox-slideshow=\"27bc7ab\" data-elementor-lightbox-title=\"DSC_4710 HDPE tasak\" data-e-action-hash=\"#elementor-action%3Aaction%3Dlightbox%26settings%3DeyJpZCI6NjA0LCJ1cmwiOiJodHRwczpcL1wvYnNwbGFzdGljLmh1XC93cC1jb250ZW50XC91cGxvYWRzXC8yMDE5XC8wOVwvRFNDXzQ3MTAtSERQRS10YXNhay5qcGciLCJzbGlkZXNob3ciOiIyN2JjN2FiIn0%3D\" href=\"https:\/\/bsplastic.hu\/wp-content\/uploads\/2019\/09\/DSC_4710-HDPE-tasak.jpg\"><figure class=\"swiper-slide-inner\"><img class=\"swiper-slide-image\" src=\"https:\/\/bsplastic.hu\/wp-content\/uploads\/elementor\/thumbs\/DSC_4710-HDPE-tasak-ol9c9bqqvthfvn60emul0wvxu07quzc54az3educag.jpg\" alt=\"DSC_4710 HDPE tasak\" \/><\/figure><\/a><\/div><div class=\"swiper-slide\"><a data-elementor-open-lightbox=\"yes\" data-elementor-lightbox-slideshow=\"27bc7ab\" data-elementor-lightbox-title=\"DSC_4700 HDPE tasak\" data-e-action-hash=\"#elementor-action%3Aaction%3Dlightbox%26settings%3DeyJpZCI6NjAzLCJ1cmwiOiJodHRwczpcL1wvYnNwbGFzdGljLmh1XC93cC1jb250ZW50XC91cGxvYWRzXC8yMDE5XC8wOVwvRFNDXzQ3MDAtSERQRS10YXNhay5qcGciLCJzbGlkZXNob3ciOiIyN2JjN2FiIn0%3D\" href=\"https:\/\/bsplastic.hu\/wp-content\/uploads\/2019\/09\/DSC_4700-HDPE-tasak.jpg\"><figure class=\"swiper-slide-inner\"><img class=\"swiper-slide-image\" src=\"https:\/\/bsplastic.hu\/wp-content\/uploads\/elementor\/thumbs\/DSC_4700-HDPE-tasak-ol9c9aswozg5k17dk4fygf4h8mcdna8es6blx3vqgo.jpg\" alt=\"DSC_4700 HDPE tasak\" \/><\/figure><\/a><\/div><div class=\"swiper-slide\"><a data-elementor-open-lightbox=\"yes\" data-elementor-lightbox-slideshow=\"27bc7ab\" data-elementor-lightbox-title=\"DSC_5545\" data-e-action-hash=\"#elementor-action%3Aaction%3Dlightbox%26settings%3DeyJpZCI6NzA5LCJ1cmwiOiJodHRwczpcL1wvYnNwbGFzdGljLmh1XC93cC1jb250ZW50XC91cGxvYWRzXC8yMDIwXC8wMVwvRFNDXzU1NDUuanBnIiwic2xpZGVzaG93IjoiMjdiYzdhYiJ9\" href=\"https:\/\/bsplastic.hu\/wp-content\/uploads\/2020\/01\/DSC_5545.jpg\"><figure class=\"swiper-slide-inner\"><img class=\"swiper-slide-image\" src=\"https:\/\/bsplastic.hu\/wp-content\/uploads\/elementor\/thumbs\/DSC_5545-olg5warww8uj1k96nk3t1x4epkbqsabskyho98a0u0.jpg\" alt=\"DSC_5545\" \/><\/figure><\/a><\/div>\t\t\t<\/div>\n\t\t\t\t\t\t\t\t\t\t\t\t<div class=\"swiper-pagination\"><\/div>\n\t\t\t\t\t\t\t\t\t\t\t\t\t<div class=\"elementor-swiper-button elementor-swiper-button-prev\">\n\t\t\t\t\t\t<i aria-hidden=\"true\" class=\"eicon-chevron-left\"><\/i>\t\t\t\t\t\t<span class=\"elementor-screen-only\">Previous<\/span>\n\t\t\t\t\t<\/div>\n\t\t\t\t\t<div class=\"elementor-swiper-button elementor-swiper-button-next\">\n\t\t\t\t\t\t<i aria-hidden=\"true\" class=\"eicon-chevron-right\"><\/i>\t\t\t\t\t\t<span class=\"elementor-screen-only\">Next<\/span>\n\t\t\t\t\t<\/div>\n\t\t\t\t\t\t\t\t\t<\/div>\n\t\t\t\t<\/div>\n\t\t\t\t<\/div>\n\t\t\t\t\t\t<\/div>\n\t\t\t\t\t<\/div>\n\t\t<\/div>\n\t\t\t\t\t\t\t\t<\/div>\n\t\t\t\t\t<\/div>\n\t\t<\/section>\n\t\t\t\t<section class=\"elementor-section elementor-top-section elementor-element elementor-element-6ece385 elementor-section-boxed elementor-section-height-default elementor-section-height-default\" data-id=\"6ece385\" data-element_type=\"section\">\n\t\t\t\t\t\t<div class=\"elementor-container elementor-column-gap-default\">\n\t\t\t\t\t\t\t<div class=\"elementor-row\">\n\t\t\t\t\t<div class=\"elementor-column elementor-col-100 elementor-top-column elementor-element elementor-element-9b42882\" data-id=\"9b42882\" data-element_type=\"column\">\n\t\t\t<div class=\"elementor-column-wrap elementor-element-populated\">\n\t\t\t\t\t\t\t<div class=\"elementor-widget-wrap\">\n\t\t\t\t\t\t<div class=\"elementor-element elementor-element-7f85b9e elementor-widget elementor-widget-text-editor\" data-id=\"7f85b9e\" data-element_type=\"widget\" data-widget_type=\"text-editor.default\">\n\t\t\t\t<div class=\"elementor-widget-container\">\n\t\t\t\t\t\t\t\t<div class=\"elementor-text-editor elementor-clearfix\">\n\t\t\t\t <iframe src=\"\/wp-content\/uploads\/cikk2024_1.pdf\" height=\"500\"><\/iframe> &nbsp; \t\t\t\t\t<\/div>\n\t\t\t\t\t\t<\/div>\n\t\t\t\t<\/div>\n\t\t\t\t<div class=\"elementor-element elementor-element-654f432 elementor-widget elementor-widget-text-editor\" data-id=\"654f432\" data-element_type=\"widget\" data-widget_type=\"text-editor.default\">\n\t\t\t\t<div class=\"elementor-widget-container\">\n\t\t\t\t\t\t\t\t<div class=\"elementor-text-editor elementor-clearfix\">\n\t\t\t\t<iframe loading=\"lazy\" src=\"https:\/\/www.youtube.com\/embed\/TK5LAG7Uer4\" width=\"560\" height=\"315\" frameborder=\"0\" allowfullscreen=\"allowfullscreen\"><\/iframe>\n\n&nbsp;\n\n<iframe src=\"\/wp-content\/uploads\/cikk2021_1.pdf\" height=\"500\"><\/iframe>\n\n&nbsp;\n\n<iframe src=\"\/wp-content\/uploads\/cikk2021_2.pdf\" height=\"500\"><\/iframe>\n\n&nbsp;\n\n<iframe src=\"\/wp-content\/uploads\/cikk2021_3.pdf\" height=\"500\"><\/iframe>\n\n&nbsp;\n\n<iframe src=\"\/wp-content\/uploads\/fenntart_cikk.pdf\" height=\"500\"><\/iframe>\n\n&nbsp;\n\n<iframe src=\"\/wp-content\/uploads\/trade_magazin.pdf\" height=\"500\"><\/iframe>\t\t\t\t\t<\/div>\n\t\t\t\t\t\t<\/div>\n\t\t\t\t<\/div>\n\t\t\t\t\t\t<\/div>\n\t\t\t\t\t<\/div>\n\t\t<\/div>\n\t\t\t\t\t\t\t\t<\/div>\n\t\t\t\t\t<\/div>\n\t\t<\/section>\n\t\t\t\t\t\t\t\t\t<\/div>\n\t\t\t<\/div>\n\t\t\t\t\t<\/div>","protected":false},"excerpt":{"rendered":"<p>Gal\u00e9ria Kattintson a k\u00e9pre a nagyobb m\u00e9retben val\u00f3 megtekint\u00e9shez! El\u0151z\u0151 K\u00f6vetkez\u0151 &nbsp; &nbsp; &nbsp; &nbsp; &nbsp; &nbsp;<\/p>","protected":false},"author":2,"featured_media":17,"parent":0,"menu_order":0,"comment_status":"closed","ping_status":"closed","template":"elementor_header_footer","meta":[],"_links":{"self":[{"href":"https:\/\/bsplastic.hu\/en\/wp-json\/wp\/v2\/pages\/487"}],"collection":[{"href":"https:\/\/bsplastic.hu\/en\/wp-json\/wp\/v2\/pages"}],"about":[{"href":"https:\/\/bsplastic.hu\/en\/wp-json\/wp\/v2\/types\/page"}],"author":[{"embeddable":true,"href":"https:\/\/bsplastic.hu\/en\/wp-json\/wp\/v2\/users\/2"}],"replies":[{"embeddable":true,"href":"https:\/\/bsplastic.hu\/en\/wp-json\/wp\/v2\/comments?post=487"}],"version-history":[{"count":23,"href":"https:\/\/bsplastic.hu\/en\/wp-json\/wp\/v2\/pages\/487\/revisions"}],"predecessor-version":[{"id":15538,"href":"https:\/\/bsplastic.hu\/en\/wp-json\/wp\/v2\/pages\/487\/revisions\/15538"}],"wp:featuredmedia":[{"embeddable":true,"href":"https:\/\/bsplastic.hu\/en\/wp-json\/wp\/v2\/media\/17"}],"wp:attachment":[{"href":"https:\/\/bsplastic.hu\/en\/wp-json\/wp\/v2\/media?parent=487"}],"curies":[{"name":"wp","href":"https:\/\/api.w.org\/{rel}","templated":true}]}}