{"id":63,"date":"2019-09-13T08:11:45","date_gmt":"2019-09-13T08:11:45","guid":{"rendered":"https:\/\/bsplastic.hu\/?page_id=63"},"modified":"2026-02-23T21:19:49","modified_gmt":"2026-02-23T21:19:49","slug":"kapcsolat","status":"publish","type":"page","link":"https:\/\/bsplastic.hu\/en\/kapcsolat\/","title":{"rendered":"CONTACT US"},"content":{"rendered":"<div data-elementor-type=\"wp-page\" data-elementor-id=\"63\" class=\"elementor elementor-63\">\n\t\t\t\t\t\t<div class=\"elementor-inner\">\n\t\t\t\t<div class=\"elementor-section-wrap\">\n\t\t\t\t\t\t\t\t\t<section class=\"elementor-section elementor-top-section elementor-element elementor-element-d5ccc4f elementor-section-boxed elementor-section-height-default elementor-section-height-default\" data-id=\"d5ccc4f\" data-element_type=\"section\" data-settings=\"{&quot;background_background&quot;:&quot;classic&quot;}\">\n\t\t\t\t\t\t<div class=\"elementor-container elementor-column-gap-default\">\n\t\t\t\t\t\t\t<div class=\"elementor-row\">\n\t\t\t\t\t<div class=\"elementor-column elementor-col-100 elementor-top-column elementor-element elementor-element-550f202\" data-id=\"550f202\" data-element_type=\"column\">\n\t\t\t<div class=\"elementor-column-wrap elementor-element-populated\">\n\t\t\t\t\t\t\t<div class=\"elementor-widget-wrap\">\n\t\t\t\t\t\t<div class=\"elementor-element elementor-element-0bee8e2 elementor-widget elementor-widget-text-editor\" data-id=\"0bee8e2\" data-element_type=\"widget\" data-widget_type=\"text-editor.default\">\n\t\t\t\t<div class=\"elementor-widget-container\">\n\t\t\t\t\t\t\t\t<div class=\"elementor-text-editor elementor-clearfix\">\n\t\t\t\t<p>Contact<\/p>\t\t\t\t\t<\/div>\n\t\t\t\t\t\t<\/div>\n\t\t\t\t<\/div>\n\t\t\t\t<section class=\"elementor-section elementor-inner-section elementor-element elementor-element-b807c4f elementor-section-full_width elementor-section-height-default elementor-section-height-default\" data-id=\"b807c4f\" data-element_type=\"section\">\n\t\t\t\t\t\t<div class=\"elementor-container elementor-column-gap-default\">\n\t\t\t\t\t\t\t<div class=\"elementor-row\">\n\t\t\t\t\t<div class=\"elementor-column elementor-col-100 elementor-inner-column elementor-element elementor-element-ff29407\" data-id=\"ff29407\" data-element_type=\"column\">\n\t\t\t<div class=\"elementor-column-wrap elementor-element-populated\">\n\t\t\t\t\t\t\t<div class=\"elementor-widget-wrap\">\n\t\t\t\t\t\t<div class=\"elementor-element elementor-element-b5e1f76 elementor-widget elementor-widget-text-editor\" data-id=\"b5e1f76\" data-element_type=\"widget\" data-widget_type=\"text-editor.default\">\n\t\t\t\t<div class=\"elementor-widget-container\">\n\t\t\t\t\t\t\t\t<div class=\"elementor-text-editor elementor-clearfix\">\n\t\t\t\t<p>BS PLASTIC KFT.<\/p><p><b>Company Headquarters:\u00a0<\/b>1077 Budapest, Rottenbiller u. 44. fszt.\u00dc.8.<br \/><b>Company Site:<\/b> 6230 Soltvadkert, Szenth\u00e1roms\u00e1g u. 100.<br \/><b>Tax Identification Number (TIN):<\/b> 23294172-2-42<\/p><p><b>Central telephone no.:<\/b> +36 (78) 480-238<\/p>\t\t\t\t\t<\/div>\n\t\t\t\t\t\t<\/div>\n\t\t\t\t<\/div>\n\t\t\t\t<div class=\"elementor-element elementor-element-7e3f7bf elementor-widget elementor-widget-image\" data-id=\"7e3f7bf\" data-element_type=\"widget\" data-widget_type=\"image.default\">\n\t\t\t\t<div class=\"elementor-widget-container\">\n\t\t\t\t\t\t\t\t<div class=\"elementor-image\">\n\t\t\t\t\t\t\t\t\t\t\t\t<img src=\"https:\/\/bsplastic.hu\/wp-content\/uploads\/elementor\/thumbs\/ISO-TAN_JEL-4_BS-Plastic-Trade-Kft_2020-okyfdjn7slcwmb6xdj0z5zu61t8drug4mhx9o4r3sw.jpg\" title=\"ISO TAN_JEL-4_BS Plastic Trade Kft_2020\" alt=\"ISO TAN_JEL-4_BS Plastic Trade Kft_2020\" loading=\"lazy\" \/>\t\t\t\t\t\t\t\t\t\t\t\t\t\t<\/div>\n\t\t\t\t\t\t<\/div>\n\t\t\t\t<\/div>\n\t\t\t\t\t\t<\/div>\n\t\t\t\t\t<\/div>\n\t\t<\/div>\n\t\t\t\t\t\t\t\t<\/div>\n\t\t\t\t\t<\/div>\n\t\t<\/section>\n\t\t\t\t<div class=\"elementor-element elementor-element-78e8b57 elementor-widget elementor-widget-spacer\" data-id=\"78e8b57\" data-element_type=\"widget\" data-widget_type=\"spacer.default\">\n\t\t\t\t<div class=\"elementor-widget-container\">\n\t\t\t\t\t<div class=\"elementor-spacer\">\n\t\t\t<div class=\"elementor-spacer-inner\"><\/div>\n\t\t<\/div>\n\t\t\t\t<\/div>\n\t\t\t\t<\/div>\n\t\t\t\t<section class=\"elementor-section elementor-inner-section elementor-element elementor-element-458eb82 elementor-section-boxed elementor-section-height-default elementor-section-height-default\" data-id=\"458eb82\" data-element_type=\"section\">\n\t\t\t\t\t\t<div class=\"elementor-container elementor-column-gap-default\">\n\t\t\t\t\t\t\t<div class=\"elementor-row\">\n\t\t\t\t\t<div class=\"elementor-column elementor-col-33 elementor-inner-column elementor-element elementor-element-b3d0d39\" data-id=\"b3d0d39\" data-element_type=\"column\" data-settings=\"{&quot;background_background&quot;:&quot;classic&quot;}\">\n\t\t\t<div class=\"elementor-column-wrap elementor-element-populated\">\n\t\t\t\t\t\t\t<div class=\"elementor-widget-wrap\">\n\t\t\t\t\t\t<div class=\"elementor-element elementor-element-3cfd747 elementor-widget elementor-widget-image\" data-id=\"3cfd747\" data-element_type=\"widget\" data-widget_type=\"image.default\">\n\t\t\t\t<div class=\"elementor-widget-container\">\n\t\t\t\t\t\t\t\t<div class=\"elementor-image\">\n\t\t\t\t\t\t\t\t\t\t\t\t<img width=\"300\" height=\"300\" src=\"https:\/\/bsplastic.hu\/wp-content\/uploads\/2024\/04\/markovivien-300x300.png\" class=\"attachment-medium size-medium wp-image-12475\" alt=\"\" loading=\"lazy\" srcset=\"https:\/\/bsplastic.hu\/wp-content\/uploads\/2024\/04\/markovivien-300x300.png 300w, https:\/\/bsplastic.hu\/wp-content\/uploads\/2024\/04\/markovivien-150x150.png 150w, https:\/\/bsplastic.hu\/wp-content\/uploads\/2024\/04\/markovivien-768x768.png 768w, https:\/\/bsplastic.hu\/wp-content\/uploads\/2024\/04\/markovivien-12x12.png 12w, https:\/\/bsplastic.hu\/wp-content\/uploads\/2024\/04\/markovivien-830x830.png 830w, https:\/\/bsplastic.hu\/wp-content\/uploads\/2024\/04\/markovivien-230x230.png 230w, https:\/\/bsplastic.hu\/wp-content\/uploads\/2024\/04\/markovivien-350x350.png 350w, https:\/\/bsplastic.hu\/wp-content\/uploads\/2024\/04\/markovivien-480x480.png 480w, https:\/\/bsplastic.hu\/wp-content\/uploads\/2024\/04\/markovivien-600x600.png 600w, https:\/\/bsplastic.hu\/wp-content\/uploads\/2024\/04\/markovivien-100x100.png 100w, https:\/\/bsplastic.hu\/wp-content\/uploads\/2024\/04\/markovivien.png 1000w\" sizes=\"(max-width: 300px) 100vw, 300px\" \/>\t\t\t\t\t\t\t\t\t\t\t\t\t\t<\/div>\n\t\t\t\t\t\t<\/div>\n\t\t\t\t<\/div>\n\t\t\t\t<div class=\"elementor-element elementor-element-0d0211a elementor-widget elementor-widget-text-editor\" data-id=\"0d0211a\" data-element_type=\"widget\" data-widget_type=\"text-editor.default\">\n\t\t\t\t<div class=\"elementor-widget-container\">\n\t\t\t\t\t\t\t\t<div class=\"elementor-text-editor elementor-clearfix\">\n\t\t\t\t<p><b>CUSTOMER SERVICE<br \/><\/b><b><br \/>Mark\u00f3 Vivien<br \/><\/b><b>Sales and logistics administrator<\/b><\/p><p><b>E-mail:\u00a0<\/b><b>rendeles@bsplastic.hu<br \/>Tel.: +36\/20-572-4325<\/b><b><!-- Tel.:\u00a0<\/b><b>+36 20\/572-4325 --><\/b><\/p>\t\t\t\t\t<\/div>\n\t\t\t\t\t\t<\/div>\n\t\t\t\t<\/div>\n\t\t\t\t\t\t<\/div>\n\t\t\t\t\t<\/div>\n\t\t<\/div>\n\t\t\t\t<div class=\"elementor-column elementor-col-33 elementor-inner-column elementor-element elementor-element-d96b456\" data-id=\"d96b456\" data-element_type=\"column\" data-settings=\"{&quot;background_background&quot;:&quot;classic&quot;}\">\n\t\t\t<div class=\"elementor-column-wrap elementor-element-populated\">\n\t\t\t\t\t\t\t<div class=\"elementor-widget-wrap\">\n\t\t\t\t\t\t<div class=\"elementor-element elementor-element-02c27ff elementor-widget elementor-widget-image\" data-id=\"02c27ff\" data-element_type=\"widget\" data-widget_type=\"image.default\">\n\t\t\t\t<div class=\"elementor-widget-container\">\n\t\t\t\t\t\t\t\t<div class=\"elementor-image\">\n\t\t\t\t\t\t\t\t\t\t\t\t<img width=\"200\" height=\"300\" src=\"https:\/\/bsplastic.hu\/wp-content\/uploads\/2026\/02\/DSC_5473-200x300.jpg\" class=\"attachment-medium size-medium wp-image-20563\" alt=\"\" loading=\"lazy\" srcset=\"https:\/\/bsplastic.hu\/wp-content\/uploads\/2026\/02\/DSC_5473-200x300.jpg 200w, https:\/\/bsplastic.hu\/wp-content\/uploads\/2026\/02\/DSC_5473-681x1024.jpg 681w, https:\/\/bsplastic.hu\/wp-content\/uploads\/2026\/02\/DSC_5473-768x1154.jpg 768w, https:\/\/bsplastic.hu\/wp-content\/uploads\/2026\/02\/DSC_5473-1022x1536.jpg 1022w, https:\/\/bsplastic.hu\/wp-content\/uploads\/2026\/02\/DSC_5473-1363x2048.jpg 1363w, https:\/\/bsplastic.hu\/wp-content\/uploads\/2026\/02\/DSC_5473-8x12.jpg 8w, https:\/\/bsplastic.hu\/wp-content\/uploads\/2026\/02\/DSC_5473-830x1247.jpg 830w, https:\/\/bsplastic.hu\/wp-content\/uploads\/2026\/02\/DSC_5473-230x346.jpg 230w, https:\/\/bsplastic.hu\/wp-content\/uploads\/2026\/02\/DSC_5473-350x526.jpg 350w, https:\/\/bsplastic.hu\/wp-content\/uploads\/2026\/02\/DSC_5473-480x721.jpg 480w, https:\/\/bsplastic.hu\/wp-content\/uploads\/2026\/02\/DSC_5473-600x902.jpg 600w, https:\/\/bsplastic.hu\/wp-content\/uploads\/2026\/02\/DSC_5473-scaled.jpg 1703w\" sizes=\"(max-width: 200px) 100vw, 200px\" \/>\t\t\t\t\t\t\t\t\t\t\t\t\t\t<\/div>\n\t\t\t\t\t\t<\/div>\n\t\t\t\t<\/div>\n\t\t\t\t<div class=\"elementor-element elementor-element-5cb5b37 elementor-widget elementor-widget-text-editor\" data-id=\"5cb5b37\" data-element_type=\"widget\" data-widget_type=\"text-editor.default\">\n\t\t\t\t<div class=\"elementor-widget-container\">\n\t\t\t\t\t\t\t\t<div class=\"elementor-text-editor elementor-clearfix\">\n\t\t\t\t<p><b>COMMUNICATION AND MARKETING LEADER<br \/><\/b><b><br \/>B\u00fcki-Kov\u00e1cs Kitti<br \/><\/b><b><br \/><br \/>E-mail: b.kitti@bsplastic.hu<br \/><\/b><b>Tel.: +36\/20-522-6661<\/b><\/p>\t\t\t\t\t<\/div>\n\t\t\t\t\t\t<\/div>\n\t\t\t\t<\/div>\n\t\t\t\t\t\t<\/div>\n\t\t\t\t\t<\/div>\n\t\t<\/div>\n\t\t\t\t<div class=\"elementor-column elementor-col-33 elementor-inner-column elementor-element elementor-element-8e2ac7c\" data-id=\"8e2ac7c\" data-element_type=\"column\" data-settings=\"{&quot;background_background&quot;:&quot;classic&quot;}\">\n\t\t\t<div class=\"elementor-column-wrap elementor-element-populated\">\n\t\t\t\t\t\t\t<div class=\"elementor-widget-wrap\">\n\t\t\t\t\t\t<div class=\"elementor-element elementor-element-8e0e61f elementor-widget elementor-widget-image\" data-id=\"8e0e61f\" data-element_type=\"widget\" id=\"picw\" data-widget_type=\"image.default\">\n\t\t\t\t<div class=\"elementor-widget-container\">\n\t\t\t\t\t\t\t\t<div class=\"elementor-image\">\n\t\t\t\t\t\t\t\t\t\t\t\t<img width=\"200\" height=\"300\" src=\"https:\/\/bsplastic.hu\/wp-content\/uploads\/2026\/02\/DSC_5477-200x300.jpg\" class=\"attachment-medium size-medium wp-image-20566\" alt=\"\" loading=\"lazy\" srcset=\"https:\/\/bsplastic.hu\/wp-content\/uploads\/2026\/02\/DSC_5477-200x300.jpg 200w, https:\/\/bsplastic.hu\/wp-content\/uploads\/2026\/02\/DSC_5477-681x1024.jpg 681w, https:\/\/bsplastic.hu\/wp-content\/uploads\/2026\/02\/DSC_5477-768x1154.jpg 768w, https:\/\/bsplastic.hu\/wp-content\/uploads\/2026\/02\/DSC_5477-1022x1536.jpg 1022w, https:\/\/bsplastic.hu\/wp-content\/uploads\/2026\/02\/DSC_5477-1363x2048.jpg 1363w, https:\/\/bsplastic.hu\/wp-content\/uploads\/2026\/02\/DSC_5477-8x12.jpg 8w, https:\/\/bsplastic.hu\/wp-content\/uploads\/2026\/02\/DSC_5477-830x1247.jpg 830w, https:\/\/bsplastic.hu\/wp-content\/uploads\/2026\/02\/DSC_5477-230x346.jpg 230w, https:\/\/bsplastic.hu\/wp-content\/uploads\/2026\/02\/DSC_5477-350x526.jpg 350w, https:\/\/bsplastic.hu\/wp-content\/uploads\/2026\/02\/DSC_5477-480x721.jpg 480w, https:\/\/bsplastic.hu\/wp-content\/uploads\/2026\/02\/DSC_5477-600x902.jpg 600w, https:\/\/bsplastic.hu\/wp-content\/uploads\/2026\/02\/DSC_5477-scaled.jpg 1703w\" sizes=\"(max-width: 200px) 100vw, 200px\" \/>\t\t\t\t\t\t\t\t\t\t\t\t\t\t<\/div>\n\t\t\t\t\t\t<\/div>\n\t\t\t\t<\/div>\n\t\t\t\t<div class=\"elementor-element elementor-element-1bd3014 elementor-widget elementor-widget-text-editor\" data-id=\"1bd3014\" data-element_type=\"widget\" data-widget_type=\"text-editor.default\">\n\t\t\t\t<div class=\"elementor-widget-container\">\n\t\t\t\t\t\t\t\t<div class=\"elementor-text-editor elementor-clearfix\">\n\t\t\t\t<p><b>BILLING<br \/><\/b><b><br \/>Bozs\u00f3kin\u00e9 Pap Melinda<br \/><\/b><b>P\u00e9nz\u00fcgyi asszisztens<br \/><\/b><b><br \/>E-mail: penzugy<\/b><b>@bsplastic.hu<br \/><\/b><b>Tel.:\u00a0<\/b><b>+36 30\/360-2157<\/b><\/p>\t\t\t\t\t<\/div>\n\t\t\t\t\t\t<\/div>\n\t\t\t\t<\/div>\n\t\t\t\t\t\t<\/div>\n\t\t\t\t\t<\/div>\n\t\t<\/div>\n\t\t\t\t\t\t\t\t<\/div>\n\t\t\t\t\t<\/div>\n\t\t<\/section>\n\t\t\t\t<div class=\"elementor-element elementor-element-efd3697 elementor-widget elementor-widget-spacer\" data-id=\"efd3697\" data-element_type=\"widget\" data-widget_type=\"spacer.default\">\n\t\t\t\t<div class=\"elementor-widget-container\">\n\t\t\t\t\t<div class=\"elementor-spacer\">\n\t\t\t<div class=\"elementor-spacer-inner\"><\/div>\n\t\t<\/div>\n\t\t\t\t<\/div>\n\t\t\t\t<\/div>\n\t\t\t\t<section class=\"elementor-section elementor-inner-section elementor-element elementor-element-ed29f11 elementor-section-boxed elementor-section-height-default elementor-section-height-default\" data-id=\"ed29f11\" data-element_type=\"section\">\n\t\t\t\t\t\t<div class=\"elementor-container elementor-column-gap-default\">\n\t\t\t\t\t\t\t<div class=\"elementor-row\">\n\t\t\t\t\t<div class=\"elementor-column elementor-col-33 elementor-inner-column elementor-element elementor-element-5e5cbae\" data-id=\"5e5cbae\" data-element_type=\"column\" data-settings=\"{&quot;background_background&quot;:&quot;classic&quot;}\">\n\t\t\t<div class=\"elementor-column-wrap elementor-element-populated\">\n\t\t\t\t\t\t\t<div class=\"elementor-widget-wrap\">\n\t\t\t\t\t\t<div class=\"elementor-element elementor-element-66014e6 elementor-widget elementor-widget-image\" data-id=\"66014e6\" data-element_type=\"widget\" data-widget_type=\"image.default\">\n\t\t\t\t<div class=\"elementor-widget-container\">\n\t\t\t\t\t\t\t\t<div class=\"elementor-image\">\n\t\t\t\t\t\t\t\t\t\t\t\t<img width=\"200\" height=\"300\" src=\"https:\/\/bsplastic.hu\/wp-content\/uploads\/2026\/02\/DSC_5487-200x300.jpg\" class=\"attachment-medium size-medium wp-image-20564\" alt=\"\" loading=\"lazy\" srcset=\"https:\/\/bsplastic.hu\/wp-content\/uploads\/2026\/02\/DSC_5487-200x300.jpg 200w, https:\/\/bsplastic.hu\/wp-content\/uploads\/2026\/02\/DSC_5487-681x1024.jpg 681w, https:\/\/bsplastic.hu\/wp-content\/uploads\/2026\/02\/DSC_5487-768x1154.jpg 768w, https:\/\/bsplastic.hu\/wp-content\/uploads\/2026\/02\/DSC_5487-1022x1536.jpg 1022w, https:\/\/bsplastic.hu\/wp-content\/uploads\/2026\/02\/DSC_5487-1363x2048.jpg 1363w, https:\/\/bsplastic.hu\/wp-content\/uploads\/2026\/02\/DSC_5487-8x12.jpg 8w, https:\/\/bsplastic.hu\/wp-content\/uploads\/2026\/02\/DSC_5487-830x1247.jpg 830w, https:\/\/bsplastic.hu\/wp-content\/uploads\/2026\/02\/DSC_5487-230x346.jpg 230w, https:\/\/bsplastic.hu\/wp-content\/uploads\/2026\/02\/DSC_5487-350x526.jpg 350w, https:\/\/bsplastic.hu\/wp-content\/uploads\/2026\/02\/DSC_5487-480x721.jpg 480w, https:\/\/bsplastic.hu\/wp-content\/uploads\/2026\/02\/DSC_5487-600x902.jpg 600w, https:\/\/bsplastic.hu\/wp-content\/uploads\/2026\/02\/DSC_5487-scaled.jpg 1703w\" sizes=\"(max-width: 200px) 100vw, 200px\" \/>\t\t\t\t\t\t\t\t\t\t\t\t\t\t<\/div>\n\t\t\t\t\t\t<\/div>\n\t\t\t\t<\/div>\n\t\t\t\t<div class=\"elementor-element elementor-element-ee3b376 elementor-widget elementor-widget-text-editor\" data-id=\"ee3b376\" data-element_type=\"widget\" data-widget_type=\"text-editor.default\">\n\t\t\t\t<div class=\"elementor-widget-container\">\n\t\t\t\t\t\t\t\t<div class=\"elementor-text-editor elementor-clearfix\">\n\t\t\t\t<p><b>SALES MANAGER<\/b><\/p><p><b>Bauer Izabella<\/b><\/p><p><b>E-mail: b.izabella@bsplastic.hu<\/b><\/p>\t\t\t\t\t<\/div>\n\t\t\t\t\t\t<\/div>\n\t\t\t\t<\/div>\n\t\t\t\t\t\t<\/div>\n\t\t\t\t\t<\/div>\n\t\t<\/div>\n\t\t\t\t<div class=\"elementor-column elementor-col-33 elementor-inner-column elementor-element elementor-element-00abbff\" data-id=\"00abbff\" data-element_type=\"column\" data-settings=\"{&quot;background_background&quot;:&quot;classic&quot;}\">\n\t\t\t<div class=\"elementor-column-wrap elementor-element-populated\">\n\t\t\t\t\t\t\t<div class=\"elementor-widget-wrap\">\n\t\t\t\t\t\t<div class=\"elementor-element elementor-element-2a00434 elementor-widget elementor-widget-image\" data-id=\"2a00434\" data-element_type=\"widget\" data-widget_type=\"image.default\">\n\t\t\t\t<div class=\"elementor-widget-container\">\n\t\t\t\t\t\t\t\t<div class=\"elementor-image\">\n\t\t\t\t\t\t\t\t\t\t\t\t<img width=\"200\" height=\"300\" src=\"https:\/\/bsplastic.hu\/wp-content\/uploads\/2026\/02\/DSC_5483-200x300.jpg\" class=\"attachment-medium size-medium wp-image-20565\" alt=\"\" loading=\"lazy\" srcset=\"https:\/\/bsplastic.hu\/wp-content\/uploads\/2026\/02\/DSC_5483-200x300.jpg 200w, https:\/\/bsplastic.hu\/wp-content\/uploads\/2026\/02\/DSC_5483-681x1024.jpg 681w, https:\/\/bsplastic.hu\/wp-content\/uploads\/2026\/02\/DSC_5483-768x1154.jpg 768w, https:\/\/bsplastic.hu\/wp-content\/uploads\/2026\/02\/DSC_5483-1022x1536.jpg 1022w, https:\/\/bsplastic.hu\/wp-content\/uploads\/2026\/02\/DSC_5483-1363x2048.jpg 1363w, https:\/\/bsplastic.hu\/wp-content\/uploads\/2026\/02\/DSC_5483-8x12.jpg 8w, https:\/\/bsplastic.hu\/wp-content\/uploads\/2026\/02\/DSC_5483-830x1247.jpg 830w, https:\/\/bsplastic.hu\/wp-content\/uploads\/2026\/02\/DSC_5483-230x346.jpg 230w, https:\/\/bsplastic.hu\/wp-content\/uploads\/2026\/02\/DSC_5483-350x526.jpg 350w, https:\/\/bsplastic.hu\/wp-content\/uploads\/2026\/02\/DSC_5483-480x721.jpg 480w, https:\/\/bsplastic.hu\/wp-content\/uploads\/2026\/02\/DSC_5483-600x902.jpg 600w, https:\/\/bsplastic.hu\/wp-content\/uploads\/2026\/02\/DSC_5483-scaled.jpg 1703w\" sizes=\"(max-width: 200px) 100vw, 200px\" \/>\t\t\t\t\t\t\t\t\t\t\t\t\t\t<\/div>\n\t\t\t\t\t\t<\/div>\n\t\t\t\t<\/div>\n\t\t\t\t<div class=\"elementor-element elementor-element-db4e71e elementor-widget elementor-widget-text-editor\" data-id=\"db4e71e\" data-element_type=\"widget\" data-widget_type=\"text-editor.default\">\n\t\t\t\t<div class=\"elementor-widget-container\">\n\t\t\t\t\t\t\t\t<div class=\"elementor-text-editor elementor-clearfix\">\n\t\t\t\t<p><b>PROCUREMENT MANAGER<\/b><br \/><br \/><\/p><p><b>Kincses Zolt\u00e1n<\/b><br \/><br \/><\/p><p><b>E-mail: beszerzes@bsplastic.hu<\/b><\/p><p><b>Tel.: +36\/30-790-5881<\/b><\/p>\t\t\t\t\t<\/div>\n\t\t\t\t\t\t<\/div>\n\t\t\t\t<\/div>\n\t\t\t\t\t\t<\/div>\n\t\t\t\t\t<\/div>\n\t\t<\/div>\n\t\t\t\t<div class=\"elementor-column elementor-col-33 elementor-inner-column elementor-element elementor-element-cbe6e67\" data-id=\"cbe6e67\" data-element_type=\"column\" data-settings=\"{&quot;background_background&quot;:&quot;classic&quot;}\">\n\t\t\t<div class=\"elementor-column-wrap\">\n\t\t\t\t\t\t\t<div class=\"elementor-widget-wrap\">\n\t\t\t\t\t\t\t\t<\/div>\n\t\t\t\t\t<\/div>\n\t\t<\/div>\n\t\t\t\t\t\t\t\t<\/div>\n\t\t\t\t\t<\/div>\n\t\t<\/section>\n\t\t\t\t<div class=\"elementor-element elementor-element-9cfef92 elementor-widget elementor-widget-text-editor\" data-id=\"9cfef92\" data-element_type=\"widget\" data-widget_type=\"text-editor.default\">\n\t\t\t\t<div class=\"elementor-widget-container\">\n\t\t\t\t\t\t\t\t<div class=\"elementor-text-editor elementor-clearfix\">\n\t\t\t\t<p><\/p>\n<p>You can also find us at the Budapest Wholesale Market!<\/p>\n<p>C\u00edm: Bp. 1239 Nagyk\u0151r\u00f6si, \u00fat 353. (A. Szektor 65).&nbsp;<\/p>\n<p>Open: when the Wholesale Market is open<\/p>\t\t\t\t\t<\/div>\n\t\t\t\t\t\t<\/div>\n\t\t\t\t<\/div>\n\t\t\t\t\t\t<\/div>\n\t\t\t\t\t<\/div>\n\t\t<\/div>\n\t\t\t\t\t\t\t\t<\/div>\n\t\t\t\t\t<\/div>\n\t\t<\/section>\n\t\t\t\t\t\t\t\t\t<\/div>\n\t\t\t<\/div>\n\t\t\t\t\t<\/div>","protected":false},"excerpt":{"rendered":"<p>El\u00e9rhet\u0151s\u00e9geink BS PLASTIC KFT. C\u00e9g sz\u00e9khelye:\u00a01077 Budapest, Rottenbiller u. 44. fszt.\u00dc.8.C\u00e9g Telephely: 6230 Soltvadkert, Szenth\u00e1roms\u00e1g u. 100.Ad\u00f3sz\u00e1m: 23294172-2-42 K\u00f6zponti telefonsz\u00e1m: +36 (78) 480-238 \u00dcGYF\u00c9LSZOLG\u00c1LATMark\u00f3 Vivien\u00c9rt\u00e9kes\u00edt\u00e9si \u00e9s logisztikai \u00fcgyint\u00e9z\u0151 E-mail:\u00a0rendeles@bsplastic.huTel.: +36\/20-572-4325 KOMMUNIK\u00c1CI\u00d3 \u00c9S MARKETING VEZET\u0150B\u00fcki-Kov\u00e1cs Kitti E-mail: b.kitti@bsplastic.huTel.: +36\/20-522-6661 SZ\u00c1ML\u00c1Z\u00c1SBozs\u00f3kin\u00e9 Pap MelindaP\u00e9nz\u00fcgyi asszisztensE-mail: penzugy@bsplastic.huTel.:\u00a0+36 30\/360-2157 KERESKEDELMI VEZET\u0150 Bauer Izabella E-mail: b.izabella@bsplastic.hu BESZERZ\u00c9SI VEZET\u0150 Kincses Zolt\u00e1n E-mail: [&hellip;]<\/p>","protected":false},"author":2,"featured_media":17,"parent":0,"menu_order":0,"comment_status":"closed","ping_status":"closed","template":"elementor_header_footer","meta":[],"_links":{"self":[{"href":"https:\/\/bsplastic.hu\/en\/wp-json\/wp\/v2\/pages\/63"}],"collection":[{"href":"https:\/\/bsplastic.hu\/en\/wp-json\/wp\/v2\/pages"}],"about":[{"href":"https:\/\/bsplastic.hu\/en\/wp-json\/wp\/v2\/types\/page"}],"author":[{"embeddable":true,"href":"https:\/\/bsplastic.hu\/en\/wp-json\/wp\/v2\/users\/2"}],"replies":[{"embeddable":true,"href":"https:\/\/bsplastic.hu\/en\/wp-json\/wp\/v2\/comments?post=63"}],"version-history":[{"count":114,"href":"https:\/\/bsplastic.hu\/en\/wp-json\/wp\/v2\/pages\/63\/revisions"}],"predecessor-version":[{"id":20569,"href":"https:\/\/bsplastic.hu\/en\/wp-json\/wp\/v2\/pages\/63\/revisions\/20569"}],"wp:featuredmedia":[{"embeddable":true,"href":"https:\/\/bsplastic.hu\/en\/wp-json\/wp\/v2\/media\/17"}],"wp:attachment":[{"href":"https:\/\/bsplastic.hu\/en\/wp-json\/wp\/v2\/media?parent=63"}],"curies":[{"name":"wp","href":"https:\/\/api.w.org\/{rel}","templated":true}]}}