{"id":787,"date":"2020-02-25T10:58:28","date_gmt":"2020-02-25T10:58:28","guid":{"rendered":"https:\/\/bsplastic.hu\/?page_id=787"},"modified":"2021-08-12T12:16:43","modified_gmt":"2021-08-12T12:16:43","slug":"vasarlasi-segedlet","status":"publish","type":"page","link":"https:\/\/bsplastic.hu\/en\/vasarlasi-segedlet\/","title":{"rendered":"BUYING GUIDE"},"content":{"rendered":"<div data-elementor-type=\"wp-page\" data-elementor-id=\"787\" class=\"elementor elementor-787\">\n\t\t\t\t\t\t<div class=\"elementor-inner\">\n\t\t\t\t<div class=\"elementor-section-wrap\">\n\t\t\t\t\t\t\t\t\t<section class=\"elementor-section elementor-top-section elementor-element elementor-element-d5ccc4f elementor-section-stretched elementor-section-boxed elementor-section-height-default elementor-section-height-default\" data-id=\"d5ccc4f\" data-element_type=\"section\" data-settings=\"{&quot;background_background&quot;:&quot;classic&quot;,&quot;stretch_section&quot;:&quot;section-stretched&quot;}\">\n\t\t\t\t\t\t<div class=\"elementor-container elementor-column-gap-default\">\n\t\t\t\t\t\t\t<div class=\"elementor-row\">\n\t\t\t\t\t<div class=\"elementor-column elementor-col-100 elementor-top-column elementor-element elementor-element-550f202\" data-id=\"550f202\" data-element_type=\"column\">\n\t\t\t<div class=\"elementor-column-wrap elementor-element-populated\">\n\t\t\t\t\t\t\t<div class=\"elementor-widget-wrap\">\n\t\t\t\t\t\t<div class=\"elementor-element elementor-element-0bee8e2 elementor-widget elementor-widget-text-editor\" data-id=\"0bee8e2\" data-element_type=\"widget\" data-widget_type=\"text-editor.default\">\n\t\t\t\t<div class=\"elementor-widget-container\">\n\t\t\t\t\t\t\t\t<div class=\"elementor-text-editor elementor-clearfix\">\n\t\t\t\t<p>Assistance for buying<\/p>\t\t\t\t\t<\/div>\n\t\t\t\t\t\t<\/div>\n\t\t\t\t<\/div>\n\t\t\t\t<div class=\"elementor-element elementor-element-59ff0e1 elementor-widget elementor-widget-text-editor\" data-id=\"59ff0e1\" data-element_type=\"widget\" data-widget_type=\"text-editor.default\">\n\t\t\t\t<div class=\"elementor-widget-container\">\n\t\t\t\t\t\t\t\t<div class=\"elementor-text-editor elementor-clearfix\">\n\t\t\t\t<p>Dimensions<\/p>\t\t\t\t\t<\/div>\n\t\t\t\t\t\t<\/div>\n\t\t\t\t<\/div>\n\t\t\t\t\t\t<\/div>\n\t\t\t\t\t<\/div>\n\t\t<\/div>\n\t\t\t\t\t\t\t\t<\/div>\n\t\t\t\t\t<\/div>\n\t\t<\/section>\n\t\t\t\t<section class=\"elementor-section elementor-top-section elementor-element elementor-element-f108172 elementor-section-stretched elementor-section-boxed elementor-section-height-default elementor-section-height-default\" data-id=\"f108172\" data-element_type=\"section\" id=\"szinmero\" data-settings=\"{&quot;background_background&quot;:&quot;classic&quot;,&quot;stretch_section&quot;:&quot;section-stretched&quot;}\">\n\t\t\t\t\t\t<div class=\"elementor-container elementor-column-gap-default\">\n\t\t\t\t\t\t\t<div class=\"elementor-row\">\n\t\t\t\t\t<div class=\"elementor-column elementor-col-100 elementor-top-column elementor-element elementor-element-39c3d47\" data-id=\"39c3d47\" data-element_type=\"column\">\n\t\t\t<div class=\"elementor-column-wrap elementor-element-populated\">\n\t\t\t\t\t\t\t<div class=\"elementor-widget-wrap\">\n\t\t\t\t\t\t<div class=\"elementor-element elementor-element-dc122ad elementor-widget elementor-widget-text-editor\" data-id=\"dc122ad\" data-element_type=\"widget\" data-widget_type=\"text-editor.default\">\n\t\t\t\t<div class=\"elementor-widget-container\">\n\t\t\t\t\t\t\t\t<div class=\"elementor-text-editor elementor-clearfix\">\n\t\t\t\t<p style=\"text-align: justify;\">Below we provide help to interpret the dimensions of our products provided in price lists and quotes.<br \/>In general, when dimensions are given, width (where the opening is)\u00a0<u><b>always precedes<\/b><\/u>\u00a0length.<br \/>The dimensional tolerance of our products is governed by Hungarian standards. In the case of width and length, it is +\/\u22125% (with products narrower or shorter than 150 mm, it is +\/\u221210%), and in the case of material thickness, it is +\/\u221210%.<br \/>On the website, in the webshop and in the quotes, unless otherwise indicated, we provide\u00a0<u><b>outer<\/b><\/u> dimensions for all products (for example welding has to be subtracted from this to get the useful size).<\/p><h4 style=\"text-align: left;\">T-shirt bags \nAll kinds of T-shirt bags<\/h4><p style=\"text-align: left;\" align=\"center\"><img loading=\"lazy\" src=\"https:\/\/bsplastic.hu\/wp-content\/uploads\/2020\/10\/en_ingvallas_taska_meret.png\" alt=\"Ingv\u00e1llas bev\u00e1s\u00e1rl\u00f3 t\u00e1ska, hordt\u00e1ska, rekl\u00e1mt\u00e1ska, rekl\u00e1mszatyor, szatyor\" width=\"380\" height=\"336\" longdesc=\"https:\/\/www.fellpack.hu\/Ingv%C3%A1llas%20bev%C3%A1s%C3%A1rl%C3%B3%20t%C3%A1ska,%20hordt%C3%A1ska,%20rekl%C3%A1mt%C3%A1ska,%20rekl%C3%A1mszatyor,%20szatyor\" border=\"0\" \/><\/p><p style=\"text-align: left;\" align=\"left\">Interpreting the dimensions of a T-shirt bag in the price list and quotes:<\/p><p style=\"text-align: left;\" align=\"center\"><b>width + 2 x gusset + length x material thickness<br \/><\/b><\/p><p style=\"text-align: left;\" align=\"left\">For example, a 280 + 2 x 60 x 500 x 0.015 mm bag is 280 mm wide, 500 mm long (with the handle), and folding on both sides is 60 mm (this can be added to the width but can also be thought of as deepness), and thickness is 0.015 mm, that is, 15 microns.<\/p><h4 style=\"text-align: left;\">Reinforced D cut bag\/banana handle bag (adhesively bonded or welded)<\/h4><p style=\"text-align: left;\" align=\"center\"><img loading=\"lazy\" src=\"https:\/\/bsplastic.hu\/wp-content\/uploads\/2020\/10\/en_piskotafules_bananfules_fulbetetes_taska.png\" alt=\"F\u00fclbet\u00e9tes pisk\u00f3taf\u00fcles (ban\u00e1nf\u00fcles) bev\u00e1s\u00e1rl\u00f3 t\u00e1ska, hordt\u00e1ska, rekl\u00e1mt\u00e1ska, rekl\u00e1mszatyor, szatyor\" width=\"390\" height=\"395\" longdesc=\"https:\/\/www.fellpack.hu\/F%C3%BClbet%C3%A9tes%20pisk%C3%B3taf%C3%BCles%20(ban%C3%A1nf%C3%BCles)%20bev%C3%A1s%C3%A1rl%C3%B3%20t%C3%A1ska,%20hordt%C3%A1ska,%20rekl%C3%A1mt%C3%A1ska,%20rekl%C3%A1mszatyor,%20szatyor\" border=\"0\" \/><\/p><p style=\"text-align: left;\">Interpreting the dimensions of the D cut bag\/banana handle bag in the price list and quotes:<\/p><p style=\"text-align: left;\" align=\"center\"><b>width x length + wide bottom (if any)\u00a0<\/b><b>x material thickness<\/b><span style=\"font-size: small;\"><b><br \/><\/b><\/span><\/p><p style=\"text-align: left;\">For example a 400 x 500 + 30 x 0.04 mm bag is 400 mm wide, 500 mm long (with the handles), and has a 30 mm folding at the bottom on both sides\u00a0<span lang=\"en-us\">3<\/span>(that is, the whole bottom is 60 mm), and thickness is 0.04 mm, that is, 40 microns.<\/p><h4 style=\"text-align: left;\">D cut bag\/banana handle bag with a folded back handle<\/h4><h4 style=\"text-align: left;\"><img loading=\"lazy\" class=\"alignnone size-medium wp-image-1947\" src=\"https:\/\/bsplastic.hu\/wp-content\/uploads\/2021\/08\/piskotafules_bananfules_visszahajtott_reklamtaska-en.png\" alt=\"\" width=\"292\" height=\"300\" srcset=\"https:\/\/bsplastic.hu\/wp-content\/uploads\/2021\/08\/piskotafules_bananfules_visszahajtott_reklamtaska-en.png 394w, https:\/\/bsplastic.hu\/wp-content\/uploads\/2021\/08\/piskotafules_bananfules_visszahajtott_reklamtaska-en-292x300.png 292w, https:\/\/bsplastic.hu\/wp-content\/uploads\/2021\/08\/piskotafules_bananfules_visszahajtott_reklamtaska-en-12x12.png 12w, https:\/\/bsplastic.hu\/wp-content\/uploads\/2021\/08\/piskotafules_bananfules_visszahajtott_reklamtaska-en-230x236.png 230w, https:\/\/bsplastic.hu\/wp-content\/uploads\/2021\/08\/piskotafules_bananfules_visszahajtott_reklamtaska-en-350x360.png 350w\" sizes=\"(max-width: 292px) 100vw, 292px\" \/><\/h4><p style=\"text-align: left;\">Interpreting the dimensions of the D cut bag\/banana handle bag in the price list and quotes:<\/p><p style=\"text-align: left;\" align=\"center\"><b>width x length + folding back + wide bottom (if any) x material thickness<\/b><span style=\"font-size: small;\"><b><br \/><\/b><\/span><\/p><p style=\"text-align: left;\">For example a 450 x 550 + 70 + 40 x 0.05 mm bag is 450 mm wide, 550 mm long (with the handle), folding at the bottom on both sides is 40 mm (that is, the whole bottom is 80 mm), the reinforcing fold at the handle is 70 mm (in most cases, it is 70 mm), and thickness is 0.05 mm, that is, 50 microns.<\/p><h4 style=\"text-align: left;\">Loop handle bags<\/h4><p style=\"text-align: left;\" align=\"center\"><img loading=\"lazy\" src=\"https:\/\/bsplastic.hu\/wp-content\/uploads\/2020\/10\/en_szalagfules_reklamtaska_szatyor_reklamtaska_taska.png\" alt=\"Szalagf\u00fcles bev\u00e1s\u00e1rl\u00f3 t\u00e1ska, hordt\u00e1ska, rekl\u00e1mt\u00e1ska, rekl\u00e1mszatyor, szatyor\" width=\"443\" height=\"427\" longdesc=\"https:\/\/www.fellpack.hu\/Szalagf%C3%BCles%20bev%C3%A1s%C3%A1rl%C3%B3%20t%C3%A1ska,%20hordt%C3%A1ska,%20rekl%C3%A1mt%C3%A1ska,%20rekl%C3%A1mszatyor,%20szatyor\" border=\"0\" \/><\/p><p style=\"text-align: left;\">Interpreting the dimensions of a loop handle bag in the price list and quotes:<\/p><p style=\"text-align: left;\" align=\"center\"><b>width x length + folding back + wide bottom (if any) x material thickness<\/b><span style=\"font-size: small;\"><b><br \/><\/b><\/span><\/p><p style=\"text-align: left;\">For example, a 400 x 420 + 70 + 35 x 0.045 mm bag is 400 mm wide, 420 mm long (up to the mouth), folding at the bottom on both sides is 35 mm (that is, the whole bottom is 70 mm), the reinforcing fold at the handle is 70 mm (in most cases, it is 70 mm), and thickness is 0.045 mm, that is, 45 micron.<\/p><h4 style=\"text-align: left;\">Polyethylene flat bag or sack with a gusset<\/h4><p style=\"text-align: left;\" align=\"center\"><img loading=\"lazy\" src=\"https:\/\/bsplastic.hu\/wp-content\/uploads\/2020\/10\/en_oldalredos_bopp_polietilen_tasak_zsak.png\" alt=\"Oldalred\u0151s BOPP (celof\u00e1nszer\u0171) vagy polietil\u00e9n tasak, zs\u00e1k, zacsk\u00f3\" width=\"390\" height=\"368\" longdesc=\"https:\/\/www.fellpack.hu\/Oldalred%C5%91s%20BOPP%20(celof%C3%A1nszer%C5%B1)%20vagy%20polietil%C3%A9n%20tasak,%20zs%C3%A1k,%20zacsk%C3%B3\" border=\"0\" \/><\/p><p style=\"text-align: left;\">Interpreting the dimensions of a flat bag or sack with a gusset in the price list and quotes:<\/p><p style=\"text-align: left;\" align=\"center\"><b>width + 2 x gusset x length <\/b><b>x material thickness<\/b><span style=\"font-size: small;\"><b><br \/><\/b><\/span><\/p><p style=\"text-align: left;\">For example, a 200 + 2 x 30 x 350 x 0.025 mm flat bag is 200 mm wide, 350 mm long, folding on both sides is 30 mm (this can be added to the width but can also be thought of as depth), and thickness is 0.025 mm, that is, 25 microns. At the bottom, the gusset is folded in and welded to the bottom, that is, there the gusset cannot open, therefore at the bottom, the bag or sack does not have a depth. Welding at the bottom reduces the useful length of the bag or sack by 11\u201316 mm.<\/p><h4 style=\"text-align: left;\">Polyethylene flat bag with a wide bottom<\/h4><p style=\"text-align: left;\" align=\"center\"><img loading=\"lazy\" src=\"https:\/\/bsplastic.hu\/wp-content\/uploads\/2020\/10\/en_talpredos_bopp_tasak_zacsko.png\" alt=\"Talpred\u0151s BOPP (celof\u00e1nszer\u0171) tasak, zacsk\u00f3\" width=\"387\" height=\"354\" longdesc=\"https:\/\/www.fellpack.hu\/Talpred%C5%91s%20BOPP%20(celof%C3%A1nszer%C5%B1)%20tasak,%20zacsk%C3%B3\" border=\"0\" \/><\/p><p style=\"text-align: left;\">Interpreting the dimensions of a flat bag with a wide bottom in the price list and quotes:<\/p><p style=\"text-align: left;\" align=\"center\"><b>width x length + wide bottom\u00a0<\/b><b>x material thickness<\/b><span style=\"font-size: small;\"><b><br \/><\/b><\/span><\/p><p style=\"text-align: left;\">For example, a 160 x 180 + 30 x 0.04 mm flat bag is 160 mm wide, 180 mm long, folding at the bottom on both sides is 30 mm, and thickness is 0.04 mm, that is, 40 microns.<\/p>\t\t\t\t\t<\/div>\n\t\t\t\t\t\t<\/div>\n\t\t\t\t<\/div>\n\t\t\t\t\t\t<\/div>\n\t\t\t\t\t<\/div>\n\t\t<\/div>\n\t\t\t\t\t\t\t\t<\/div>\n\t\t\t\t\t<\/div>\n\t\t<\/section>\n\t\t\t\t<section class=\"elementor-section elementor-top-section elementor-element elementor-element-96d0182 elementor-section-stretched elementor-section-boxed elementor-section-height-default elementor-section-height-default\" data-id=\"96d0182\" data-element_type=\"section\" data-settings=\"{&quot;stretch_section&quot;:&quot;section-stretched&quot;}\">\n\t\t\t\t\t\t<div class=\"elementor-container elementor-column-gap-default\">\n\t\t\t\t\t\t\t<div class=\"elementor-row\">\n\t\t\t\t\t<div class=\"elementor-column elementor-col-100 elementor-top-column elementor-element elementor-element-7cf1f24\" data-id=\"7cf1f24\" data-element_type=\"column\">\n\t\t\t<div class=\"elementor-column-wrap elementor-element-populated\">\n\t\t\t\t\t\t\t<div class=\"elementor-widget-wrap\">\n\t\t\t\t\t\t<div class=\"elementor-element elementor-element-f481157 elementor-widget elementor-widget-text-editor\" data-id=\"f481157\" data-element_type=\"widget\" data-widget_type=\"text-editor.default\">\n\t\t\t\t<div class=\"elementor-widget-container\">\n\t\t\t\t\t\t\t\t<div class=\"elementor-text-editor elementor-clearfix\">\n\t\t\t\t<p>Cut flat bag<\/p>\t\t\t\t\t<\/div>\n\t\t\t\t\t\t<\/div>\n\t\t\t\t<\/div>\n\t\t\t\t<div class=\"elementor-element elementor-element-d511527 elementor-widget elementor-widget-image\" data-id=\"d511527\" data-element_type=\"widget\" data-widget_type=\"image.default\">\n\t\t\t\t<div class=\"elementor-widget-container\">\n\t\t\t\t\t\t\t\t<div class=\"elementor-image\">\n\t\t\t\t\t\t\t\t\t\t\t\t<img width=\"450\" height=\"450\" src=\"https:\/\/bsplastic.hu\/wp-content\/uploads\/2020\/10\/en_2.png\" class=\"attachment-full size-full wp-image-897\" alt=\"\" loading=\"lazy\" srcset=\"https:\/\/bsplastic.hu\/wp-content\/uploads\/2020\/10\/en_2.png 450w, https:\/\/bsplastic.hu\/wp-content\/uploads\/2020\/10\/en_2-300x300.png 300w, https:\/\/bsplastic.hu\/wp-content\/uploads\/2020\/10\/en_2-150x150.png 150w, https:\/\/bsplastic.hu\/wp-content\/uploads\/2020\/10\/en_2-12x12.png 12w, https:\/\/bsplastic.hu\/wp-content\/uploads\/2020\/10\/en_2-230x230.png 230w, https:\/\/bsplastic.hu\/wp-content\/uploads\/2020\/10\/en_2-350x350.png 350w, https:\/\/bsplastic.hu\/wp-content\/uploads\/2020\/10\/en_2-100x100.png 100w\" sizes=\"(max-width: 450px) 100vw, 450px\" \/>\t\t\t\t\t\t\t\t\t\t\t\t\t\t<\/div>\n\t\t\t\t\t\t<\/div>\n\t\t\t\t<\/div>\n\t\t\t\t<div class=\"elementor-element elementor-element-00b7b78 elementor-widget elementor-widget-text-editor\" data-id=\"00b7b78\" data-element_type=\"widget\" data-widget_type=\"text-editor.default\">\n\t\t\t\t<div class=\"elementor-widget-container\">\n\t\t\t\t\t\t\t\t<div class=\"elementor-text-editor elementor-clearfix\">\n\t\t\t\t<p>sz\u00e9less\u00e9g x hossz\u00fas\u00e1g x vastags\u00e1g<br \/><span style=\"font-weight: normal;\">300 x 400 x 0.01<\/span><\/p>\t\t\t\t\t<\/div>\n\t\t\t\t\t\t<\/div>\n\t\t\t\t<\/div>\n\t\t\t\t\t\t<\/div>\n\t\t\t\t\t<\/div>\n\t\t<\/div>\n\t\t\t\t\t\t\t\t<\/div>\n\t\t\t\t\t<\/div>\n\t\t<\/section>\n\t\t\t\t<section class=\"elementor-section elementor-top-section elementor-element elementor-element-e04fef9 elementor-section-stretched elementor-section-boxed elementor-section-height-default elementor-section-height-default\" data-id=\"e04fef9\" data-element_type=\"section\" data-settings=\"{&quot;stretch_section&quot;:&quot;section-stretched&quot;}\">\n\t\t\t\t\t\t<div class=\"elementor-container elementor-column-gap-default\">\n\t\t\t\t\t\t\t<div class=\"elementor-row\">\n\t\t\t\t\t<div class=\"elementor-column elementor-col-100 elementor-top-column elementor-element elementor-element-f384386\" data-id=\"f384386\" data-element_type=\"column\">\n\t\t\t<div class=\"elementor-column-wrap elementor-element-populated\">\n\t\t\t\t\t\t\t<div class=\"elementor-widget-wrap\">\n\t\t\t\t\t\t<div class=\"elementor-element elementor-element-cb75e9b elementor-widget elementor-widget-text-editor\" data-id=\"cb75e9b\" data-element_type=\"widget\" data-widget_type=\"text-editor.default\">\n\t\t\t\t<div class=\"elementor-widget-container\">\n\t\t\t\t\t\t\t\t<div class=\"elementor-text-editor elementor-clearfix\">\n\t\t\t\t<p>Blocked flat bag\/Flat bag in blocks<\/p>\t\t\t\t\t<\/div>\n\t\t\t\t\t\t<\/div>\n\t\t\t\t<\/div>\n\t\t\t\t<div class=\"elementor-element elementor-element-b99b330 elementor-widget elementor-widget-image\" data-id=\"b99b330\" data-element_type=\"widget\" data-widget_type=\"image.default\">\n\t\t\t\t<div class=\"elementor-widget-container\">\n\t\t\t\t\t\t\t\t<div class=\"elementor-image\">\n\t\t\t\t\t\t\t\t\t\t\t\t<img width=\"450\" height=\"450\" src=\"https:\/\/bsplastic.hu\/wp-content\/uploads\/2020\/10\/en_1.png\" class=\"attachment-full size-full wp-image-896\" alt=\"\" loading=\"lazy\" srcset=\"https:\/\/bsplastic.hu\/wp-content\/uploads\/2020\/10\/en_1.png 450w, https:\/\/bsplastic.hu\/wp-content\/uploads\/2020\/10\/en_1-300x300.png 300w, https:\/\/bsplastic.hu\/wp-content\/uploads\/2020\/10\/en_1-150x150.png 150w, https:\/\/bsplastic.hu\/wp-content\/uploads\/2020\/10\/en_1-12x12.png 12w, https:\/\/bsplastic.hu\/wp-content\/uploads\/2020\/10\/en_1-230x230.png 230w, https:\/\/bsplastic.hu\/wp-content\/uploads\/2020\/10\/en_1-350x350.png 350w, https:\/\/bsplastic.hu\/wp-content\/uploads\/2020\/10\/en_1-100x100.png 100w\" sizes=\"(max-width: 450px) 100vw, 450px\" \/>\t\t\t\t\t\t\t\t\t\t\t\t\t\t<\/div>\n\t\t\t\t\t\t<\/div>\n\t\t\t\t<\/div>\n\t\t\t\t<div class=\"elementor-element elementor-element-655a762 elementor-widget elementor-widget-text-editor\" data-id=\"655a762\" data-element_type=\"widget\" data-widget_type=\"text-editor.default\">\n\t\t\t\t<div class=\"elementor-widget-container\">\n\t\t\t\t\t\t\t\t<div class=\"elementor-text-editor elementor-clearfix\">\n\t\t\t\t<p>sz\u00e9less\u00e9g x hossz\u00fas\u00e1g x vastags\u00e1g<br \/><span style=\"font-weight: normal;\">300 x (370+30) x 0.01<\/span><\/p>\t\t\t\t\t<\/div>\n\t\t\t\t\t\t<\/div>\n\t\t\t\t<\/div>\n\t\t\t\t\t\t<\/div>\n\t\t\t\t\t<\/div>\n\t\t<\/div>\n\t\t\t\t\t\t\t\t<\/div>\n\t\t\t\t\t<\/div>\n\t\t<\/section>\n\t\t\t\t\t\t\t\t\t<\/div>\n\t\t\t<\/div>\n\t\t\t\t\t<\/div>","protected":false},"excerpt":{"rendered":"<p>Seg\u00edts\u00e9g a v\u00e1s\u00e1rl\u00e1shoz M\u00e9retez\u00e9s Az al\u00e1bbiakban az egyes \u00e1ltalunk gy\u00e1rtott \u00e9s forgalmazott term\u00e9kek \u00e1rlist\u00e1kban, \u00e1raj\u00e1nlatokban megjelen\u0151 m\u00e9reteinek \u00e9rtelmez\u00e9s\u00e9hez ny\u00fajtunk seg\u00edts\u00e9get.A m\u00e9retek megad\u00e1s\u00e1n\u00e1l \u00e1ltal\u00e1nosan mondhat\u00f3, hogy a sz\u00e9less\u00e9g (azaz ahol a ny\u00edl\u00e1s van)\u00a0mindig megel\u0151zi\u00a0a hossz\u00fas\u00e1g adatot.A term\u00e9kek m\u00e9rett\u0171r\u00e9seire a magyar szabv\u00e1nyok vonatkoznak. Sz\u00e9less\u00e9g\/hossz\u00fas\u00e1g eset\u00e9n +\/-5% (150 mm-n\u00e9l keskenyebb vagy r\u00f6videbb term\u00e9kekn\u00e9l +\/-10%), anyagvastags\u00e1g eset\u00e9n +\/-10%.A weboldalon, [&hellip;]<\/p>","protected":false},"author":2,"featured_media":17,"parent":0,"menu_order":0,"comment_status":"closed","ping_status":"closed","template":"elementor_header_footer","meta":[],"_links":{"self":[{"href":"https:\/\/bsplastic.hu\/en\/wp-json\/wp\/v2\/pages\/787"}],"collection":[{"href":"https:\/\/bsplastic.hu\/en\/wp-json\/wp\/v2\/pages"}],"about":[{"href":"https:\/\/bsplastic.hu\/en\/wp-json\/wp\/v2\/types\/page"}],"author":[{"embeddable":true,"href":"https:\/\/bsplastic.hu\/en\/wp-json\/wp\/v2\/users\/2"}],"replies":[{"embeddable":true,"href":"https:\/\/bsplastic.hu\/en\/wp-json\/wp\/v2\/comments?post=787"}],"version-history":[{"count":23,"href":"https:\/\/bsplastic.hu\/en\/wp-json\/wp\/v2\/pages\/787\/revisions"}],"predecessor-version":[{"id":1957,"href":"https:\/\/bsplastic.hu\/en\/wp-json\/wp\/v2\/pages\/787\/revisions\/1957"}],"wp:featuredmedia":[{"embeddable":true,"href":"https:\/\/bsplastic.hu\/en\/wp-json\/wp\/v2\/media\/17"}],"wp:attachment":[{"href":"https:\/\/bsplastic.hu\/en\/wp-json\/wp\/v2\/media?parent=787"}],"curies":[{"name":"wp","href":"https:\/\/api.w.org\/{rel}","templated":true}]}}