{"id":106,"date":"2019-09-13T09:33:08","date_gmt":"2019-09-13T09:33:08","guid":{"rendered":"https:\/\/bsplastic.hu\/?post_type=product&#038;p=106"},"modified":"2021-09-28T14:03:46","modified_gmt":"2021-09-28T14:03:46","slug":"elelmiszeripari-csomagoloanyagok","status":"publish","type":"product","link":"https:\/\/bsplastic.hu\/en\/product\/elelmiszeripari-csomagoloanyagok\/","title":{"rendered":"Food packaging materials"},"content":{"rendered":"<div data-elementor-type=\"product-post\" data-elementor-id=\"106\" class=\"elementor elementor-106\">\n\t\t\t\t\t\t<div class=\"elementor-inner\">\n\t\t\t\t<div class=\"elementor-section-wrap\">\n\t\t\t\t\t\t\t\t\t<section class=\"elementor-section elementor-top-section elementor-element elementor-element-5d23b78b elementor-section-boxed elementor-section-height-default elementor-section-height-default\" data-id=\"5d23b78b\" data-element_type=\"section\">\n\t\t\t\t\t\t<div class=\"elementor-container elementor-column-gap-default\">\n\t\t\t\t\t\t\t<div class=\"elementor-row\">\n\t\t\t\t\t<div class=\"elementor-column elementor-col-100 elementor-top-column elementor-element elementor-element-4a6c04\" data-id=\"4a6c04\" data-element_type=\"column\">\n\t\t\t<div class=\"elementor-column-wrap elementor-element-populated\">\n\t\t\t\t\t\t\t<div class=\"elementor-widget-wrap\">\n\t\t\t\t\t\t<div class=\"elementor-element elementor-element-36aefa96 elementor-widget elementor-widget-text-editor\" data-id=\"36aefa96\" data-element_type=\"widget\" data-widget_type=\"text-editor.default\">\n\t\t\t\t<div class=\"elementor-widget-container\">\n\t\t\t\t\t\t\t\t<div class=\"elementor-text-editor elementor-clearfix\">\n\t\t\t\t<img loading=\"lazy\" class=\"wp-image-224 alignright\" src=\"https:\/\/bsplastic.hu\/wp-content\/uploads\/2021\/08\/brc.png\" alt=\"\" width=\"180\" height=\"180\" \/><b>Food packaging materials<\/b>\n\n<span style=\"font-weight: 400;\">Food packaging extruded films can be single-layer or double-layer. These films can be combined with plastic films (BOPP, PET and metallized versions of these), aluminium foils, or even paper. They are available custom printed or without print.<\/span>\n\n<b>ABOUT FOOD PACKAGING MATERIALS<\/b>\n\n<span style=\"font-weight: 400;\">As food packaging materials are just as important in the case of food products as the ingredients used in producing the food, it is not surprising that choosing the right packaging material gets more and more attention.<\/span>\n\n<span style=\"font-weight: 400;\">Food packaging materials have to meet important requirements. They cannot be harmful to people or the environment, they should preserve the freshness of food and prevent the decomposition of the food. Satisfying these requirements needs accurate manufacturing conditions, and new packaging materials have to be tested for several years before they can be used to package food.<\/span>\n\n<span style=\"font-weight: 400;\">Our enterprise pays special attention to these aspects and so we can provide our customers with food packaging materials with an excellent service. <strong>Our products are manufactured according to the ISO and BRC quality assurance requirements.<\/strong><\/span>\n\n<span style=\"font-weight: 400;\">If you would like to know more details, contact us and be our customer!<\/span>\n\n<b>TRUST AN EXPERIENCED COMPANY TO MANUFACTURE YOUR FOOD PACKAGING MATERIALS!<\/b>\n\n<span style=\"font-weight: 400;\">Those who work in the food industry know that they have to pay attention to every little detail to produce quality products. Not only the ingredients are important but also packaging as it can considerably affect the quality of the product. If you also consider quality packaging for food important, trust us with manufacturing your food packaging!<\/span>\n\n<span style=\"font-weight: 400;\">We strive to provide short deadlines and good prices\u2014if you choose us you will only have advantages! Contact us to choose our services!<\/span>\n\n<a href='\/wp-content\/uploads\/2024\/05\/arlista_angol_2023_0904-bs-plastic.pdf' target='_blank'>Click here to see our prices.<\/a>\t\t\t\t\t<\/div>\n\t\t\t\t\t\t<\/div>\n\t\t\t\t<\/div>\n\t\t\t\t\t\t<\/div>\n\t\t\t\t\t<\/div>\n\t\t<\/div>\n\t\t\t\t\t\t\t\t<\/div>\n\t\t\t\t\t<\/div>\n\t\t<\/section>\n\t\t\t\t\t\t\t\t\t<\/div>\n\t\t\t<\/div>\n\t\t\t\t\t<\/div>","protected":false},"excerpt":{"rendered":"<p>\u00c9lelmiszeripari csomagol\u00f3anyagok \u00c9lelmiszeripari term\u00e9kek csomagol\u00e1s\u00e1ra haszn\u00e1lt f\u00f3li\u00e1k k\u00e9sz\u00fclhetnek egyr\u00e9teg\u0171, illetve t\u00f6bbr\u00e9teg\u0171 extrud\u00e1lt kivitelben. T\u00e1rs\u00edthat\u00f3 m\u0171anyag-, BOPP, PET (ezek metaliz\u00e1lt v\u00e1ltozataival), alum\u00ednium f\u00f3li\u00e1val, vagy ak\u00e1r pap\u00edrral is. Nyomatlan, vagy egyedi nyomd\u00e1zott kivitelben. AZ \u00c9LELMISZERIPARI CSOMAGOL\u00d3ANYAGOKR\u00d3L R\u00d6VIDEN Mivel az \u00e9lelmiszer csomagol\u00f3anyagok legal\u00e1bb annyira befoly\u00e1sol\u00f3 t\u00e9nyez\u0151k az \u00e9lelmiszeripari term\u00e9kek eset\u00e9ben, mint az \u00e9lelmiszergy\u00e1rt\u00e1s sor\u00e1n felhaszn\u00e1lt alapanyagok, nem v\u00e9letlen, [&hellip;]<\/p>","protected":false},"featured_media":606,"template":"","meta":[],"product_cat":[22],"product_tag":[],"_links":{"self":[{"href":"https:\/\/bsplastic.hu\/en\/wp-json\/wp\/v2\/product\/106"}],"collection":[{"href":"https:\/\/bsplastic.hu\/en\/wp-json\/wp\/v2\/product"}],"about":[{"href":"https:\/\/bsplastic.hu\/en\/wp-json\/wp\/v2\/types\/product"}],"version-history":[{"count":5,"href":"https:\/\/bsplastic.hu\/en\/wp-json\/wp\/v2\/product\/106\/revisions"}],"predecessor-version":[{"id":2265,"href":"https:\/\/bsplastic.hu\/en\/wp-json\/wp\/v2\/product\/106\/revisions\/2265"}],"wp:featuredmedia":[{"embeddable":true,"href":"https:\/\/bsplastic.hu\/en\/wp-json\/wp\/v2\/media\/606"}],"wp:attachment":[{"href":"https:\/\/bsplastic.hu\/en\/wp-json\/wp\/v2\/media?parent=106"}],"wp:term":[{"taxonomy":"product_cat","embeddable":true,"href":"https:\/\/bsplastic.hu\/en\/wp-json\/wp\/v2\/product_cat?post=106"},{"taxonomy":"product_tag","embeddable":true,"href":"https:\/\/bsplastic.hu\/en\/wp-json\/wp\/v2\/product_tag?post=106"}],"curies":[{"name":"wp","href":"https:\/\/api.w.org\/{rel}","templated":true}]}}