{"id":113,"date":"2019-09-13T09:37:07","date_gmt":"2019-09-13T09:37:07","guid":{"rendered":"https:\/\/bsplastic.hu\/?post_type=product&#038;p=113"},"modified":"2021-09-28T14:04:49","modified_gmt":"2021-09-28T14:04:49","slug":"folialapok","status":"publish","type":"product","link":"https:\/\/bsplastic.hu\/en\/product\/folialapok\/","title":{"rendered":"Foil sheets"},"content":{"rendered":"<p><strong><img loading=\"lazy\" class=\"wp-image-224 alignright\" src=\"https:\/\/bsplastic.hu\/wp-content\/uploads\/2021\/08\/brc.png\" alt=\"\" width=\"180\" height=\"180\" \/><\/strong><\/p>\n<p>Standard products (400\u00d7600, 800\u00d71200), crate cover (500\u00d7730) plain cut \/ blocked sheets.<\/p>\n<p><strong>WHY SHOULD YOU CHOOSE US TO PRODUCE YOUR FOILS?<\/strong><\/p>\n<p>Foils and films are responsible for preserving the integrity and quality of countless products, but their production cannot be left to chance if they are to serve their function with high quality. If you also know this and would like to have custom made packaging materials with a good service, do not hesitate to contact us!<\/p>\n<p>In foil production we consider it essential to maintain high quality and in order to achieve this, we use the best technologies and highest quality materials. Also, our services are characterized by development, which means we use the most modern equipment to produce foils and films. Our machines do not only determine product quality but also manufacturing time, therefore if you choose us, you can have your packaging in a short time.<\/p>\n<p>Experience the high standard of our foil and film production\u2014do not hesitate to contact us!<\/p>\n<a href='\/wp-content\/uploads\/2024\/05\/arlista_angol_2023_0904-bs-plastic.pdf' target='_blank'>Click here to see our prices.<\/a>","protected":false},"excerpt":{"rendered":"<p>Sztenderd term\u00e9kek (400&#215;600, 800&#215;1200), l\u00e1datakar\u00f3 (500&#215;730) sima v\u00e1gott \/ t\u00f6mb\u00f6s\u00edtett t\u00e9p\u0151s s\u00edklap. MI\u00c9RT BENN\u00dcNKET V\u00c1LASSZON A F\u00d3LIAGY\u00c1RT\u00c1SHOZ? A f\u00f3li\u00e1k manaps\u00e1g sz\u00e1mtalan term\u00e9k \u00e9ps\u00e9g\u00e9\u00e9rt \u00e9s min\u0151s\u00e9g\u00e9nek meg\u0151rz\u00e9s\u00e9\u00e9rt felelnek, azonban ahhoz, hogy bet\u00f6lthess\u00e9k rendeltet\u00e9sszer\u0171 szerep\u00fcket, \u00e9s hasznukat vegy\u00e9k a k\u00fcl\u00f6nb\u00f6z\u0151 ipari ter\u00fcleteken, a\u00a0f\u00f3liagy\u00e1rt\u00e1st\u00a0nem lehet a v\u00e9letlenre b\u00edzni. Ha ezzel \u00d6n is tiszt\u00e1ban van, \u00e9s egyedi ig\u00e9nyek alapj\u00e1n, [&hellip;]<\/p>","protected":false},"featured_media":724,"template":"","meta":[],"product_cat":[22],"product_tag":[],"_links":{"self":[{"href":"https:\/\/bsplastic.hu\/en\/wp-json\/wp\/v2\/product\/113"}],"collection":[{"href":"https:\/\/bsplastic.hu\/en\/wp-json\/wp\/v2\/product"}],"about":[{"href":"https:\/\/bsplastic.hu\/en\/wp-json\/wp\/v2\/types\/product"}],"version-history":[{"count":4,"href":"https:\/\/bsplastic.hu\/en\/wp-json\/wp\/v2\/product\/113\/revisions"}],"predecessor-version":[{"id":2266,"href":"https:\/\/bsplastic.hu\/en\/wp-json\/wp\/v2\/product\/113\/revisions\/2266"}],"wp:featuredmedia":[{"embeddable":true,"href":"https:\/\/bsplastic.hu\/en\/wp-json\/wp\/v2\/media\/724"}],"wp:attachment":[{"href":"https:\/\/bsplastic.hu\/en\/wp-json\/wp\/v2\/media?parent=113"}],"wp:term":[{"taxonomy":"product_cat","embeddable":true,"href":"https:\/\/bsplastic.hu\/en\/wp-json\/wp\/v2\/product_cat?post=113"},{"taxonomy":"product_tag","embeddable":true,"href":"https:\/\/bsplastic.hu\/en\/wp-json\/wp\/v2\/product_tag?post=113"}],"curies":[{"name":"wp","href":"https:\/\/api.w.org\/{rel}","templated":true}]}}