{"id":114,"date":"2019-09-13T09:38:32","date_gmt":"2019-09-13T09:38:32","guid":{"rendered":"https:\/\/bsplastic.hu\/?post_type=product&#038;p=114"},"modified":"2021-02-19T12:37:06","modified_gmt":"2021-02-19T12:37:06","slug":"sztreccsfolia","status":"publish","type":"product","link":"https:\/\/bsplastic.hu\/en\/product\/sztreccsfolia\/","title":{"rendered":"Stretch films"},"content":{"rendered":"<p><span style=\"font-weight: 400;\">Stretch films for manual and automated use, to fasten and package stacks. During use they do not creak, do not tear but follow the load flexibly. They are available in different thicknesses and colours. The film for automated use has excellent strain and can be used with both automatic and semi-automatic machines. Thanks to its high strain, it allows cost-effective packaging and fastening.<\/span><\/p>\n<p><b>MULTIFUNTIONAL PACKAGING MATERIAL: THE STRETCH FILM<\/b><\/p>\n<p><span style=\"font-weight: 400;\">In any area of a warehouse, the most important materials the employees work with are packaging materials. They mostly protect the products but quite often they protect tools and machines, too. Stretch films are used most often, which is not surprising: stretch films are very strong and durable multifunctional packaging materials.<\/span><\/p>\n<p><span style=\"font-weight: 400;\">Multifunctionality means that they do not only protect the product but also ensure safe transport, as they stick very well, eliminating the possibility of accidents that could damage the products.<\/span><\/p>\n<p><span style=\"font-weight: 400;\">As stretch films are often used, they are regarded as consumables. If you also need these durable and practical packaging materials, do not hesitate to contact us\u2014we can provide you with just what you need!<\/span><\/p>\n<a href='\/wp-content\/uploads\/2024\/05\/arlista_angol_2023_0904-bs-plastic.pdf' target='_blank'>Click here to see our prices.<\/a>","protected":false},"excerpt":{"rendered":"<p>K\u00e9zi \u00e9s g\u00e9pi sztreccsf\u00f3lia rakatok r\u00f6gz\u00edt\u00e9s\u00e9re, csomagol\u00e1s\u00e1ra. Haszn\u00e1lat sor\u00e1n nem recseg, nem szakad, hanem rugalmasan k\u00f6veti a terhel\u00e9st. K\u00fcl\u00f6nb\u00f6z\u0151 vastags\u00e1gokban \u00e9s sz\u00ednekben.A g\u00e9pi kivitel kiv\u00e1l\u00f3 ny\u00fal\u00e1si tulajdons\u00e1gokkal rendelkez\u0151 f\u00f3lia, automata \u00e9s f\u00e9lautomata g\u00e9pekhez is alkalmazhat\u00f3. A nagy ny\u00fal\u00e1si tulajdons\u00e1g\u00e1nak k\u00f6sz\u00f6nhet\u0151en k\u00f6lts\u00e9ghat\u00e9kony csomagol\u00e1st, r\u00f6gz\u00edt\u00e9st tesz lehet\u0151v\u00e9. T\u00d6BBFUNKCI\u00d3S CSOMAGOL\u00d3ANYAG: A SZTRECCSF\u00d3LI\u00c1R\u00d3L R\u00d6VIDEN Legyen sz\u00f3 b\u00e1rmilyen rakt\u00e1ri ter\u00fcletr\u0151l, [&hellip;]<\/p>","protected":false},"featured_media":721,"template":"","meta":[],"product_cat":[22],"product_tag":[],"_links":{"self":[{"href":"https:\/\/bsplastic.hu\/en\/wp-json\/wp\/v2\/product\/114"}],"collection":[{"href":"https:\/\/bsplastic.hu\/en\/wp-json\/wp\/v2\/product"}],"about":[{"href":"https:\/\/bsplastic.hu\/en\/wp-json\/wp\/v2\/types\/product"}],"version-history":[{"count":2,"href":"https:\/\/bsplastic.hu\/en\/wp-json\/wp\/v2\/product\/114\/revisions"}],"predecessor-version":[{"id":1413,"href":"https:\/\/bsplastic.hu\/en\/wp-json\/wp\/v2\/product\/114\/revisions\/1413"}],"wp:featuredmedia":[{"embeddable":true,"href":"https:\/\/bsplastic.hu\/en\/wp-json\/wp\/v2\/media\/721"}],"wp:attachment":[{"href":"https:\/\/bsplastic.hu\/en\/wp-json\/wp\/v2\/media?parent=114"}],"wp:term":[{"taxonomy":"product_cat","embeddable":true,"href":"https:\/\/bsplastic.hu\/en\/wp-json\/wp\/v2\/product_cat?post=114"},{"taxonomy":"product_tag","embeddable":true,"href":"https:\/\/bsplastic.hu\/en\/wp-json\/wp\/v2\/product_tag?post=114"}],"curies":[{"name":"wp","href":"https:\/\/api.w.org\/{rel}","templated":true}]}}