{"id":115,"date":"2019-09-13T09:42:02","date_gmt":"2019-09-13T09:42:02","guid":{"rendered":"https:\/\/bsplastic.hu\/?post_type=product&#038;p=115"},"modified":"2021-09-28T14:05:48","modified_gmt":"2021-09-28T14:05:48","slug":"hdpe-tasakok","status":"publish","type":"product","link":"https:\/\/bsplastic.hu\/en\/product\/hdpe-tasakok\/","title":{"rendered":"HDPE bags"},"content":{"rendered":"<p><span style=\"font-weight: 400;\"><img loading=\"lazy\" class=\"wp-image-224 alignright\" src=\"https:\/\/bsplastic.hu\/wp-content\/uploads\/2021\/08\/brc.png\" alt=\"\" width=\"180\" height=\"180\" \/>HDPE flat bags are transparent polyethylene bags for the packaging of vegetables, fruit or bakery products. We manufacture them in various sizes, and if necessary, embossed, too. They are available as rolled or flat bags and bags with gusset in blocks, or rolled T-shirt bags, from a thickness of 7 microns. <\/span><span style=\"font-weight: 400;\">pleated, rolled, roll shirted <\/span><span style=\"font-weight: 400;\">or in bulk. 7 microns thick.<\/span><\/p>\n<a href='\/wp-content\/uploads\/2024\/05\/arlista_angol_2023_0904-bs-plastic.pdf' target='_blank'>Click here to see our prices.<\/a>","protected":false},"excerpt":{"rendered":"<p>Polietil\u00e9n alapanyag\u00fa \u00e1tl\u00e1tsz\u00f3 tasak. Z\u00f6lds\u00e9g, gy\u00fcm\u00f6lcs, p\u00e9k\u00e1ru csomagol\u00e1s\u00e1ra. K\u00fcl\u00f6nb\u00f6z\u0151 m\u00e9retekben \u00e9s vastags\u00e1gban. Ig\u00e9ny szerint pr\u00e9gelve is. Lapra v\u00e1gott, red\u0151z\u00f6tt, rollos, roll ingv\u00e1llas vagy t\u00f6mb\u00f6s kiszerel\u00e9sben. 7 mikron vastags\u00e1gt\u00f3l.<\/p>","protected":false},"featured_media":334,"template":"","meta":[],"product_cat":[23],"product_tag":[],"_links":{"self":[{"href":"https:\/\/bsplastic.hu\/en\/wp-json\/wp\/v2\/product\/115"}],"collection":[{"href":"https:\/\/bsplastic.hu\/en\/wp-json\/wp\/v2\/product"}],"about":[{"href":"https:\/\/bsplastic.hu\/en\/wp-json\/wp\/v2\/types\/product"}],"version-history":[{"count":6,"href":"https:\/\/bsplastic.hu\/en\/wp-json\/wp\/v2\/product\/115\/revisions"}],"predecessor-version":[{"id":2267,"href":"https:\/\/bsplastic.hu\/en\/wp-json\/wp\/v2\/product\/115\/revisions\/2267"}],"wp:featuredmedia":[{"embeddable":true,"href":"https:\/\/bsplastic.hu\/en\/wp-json\/wp\/v2\/media\/334"}],"wp:attachment":[{"href":"https:\/\/bsplastic.hu\/en\/wp-json\/wp\/v2\/media?parent=115"}],"wp:term":[{"taxonomy":"product_cat","embeddable":true,"href":"https:\/\/bsplastic.hu\/en\/wp-json\/wp\/v2\/product_cat?post=115"},{"taxonomy":"product_tag","embeddable":true,"href":"https:\/\/bsplastic.hu\/en\/wp-json\/wp\/v2\/product_tag?post=115"}],"curies":[{"name":"wp","href":"https:\/\/api.w.org\/{rel}","templated":true}]}}