{"id":123,"date":"2019-09-13T09:44:55","date_gmt":"2019-09-13T09:44:55","guid":{"rendered":"https:\/\/bsplastic.hu\/?post_type=product&#038;p=123"},"modified":"2021-02-19T12:36:22","modified_gmt":"2021-02-19T12:36:22","slug":"bio-tasakok","status":"publish","type":"product","link":"https:\/\/bsplastic.hu\/en\/product\/bio-tasakok\/","title":{"rendered":"BIO flat bags"},"content":{"rendered":"<p>We offer standard and custom sizes.<br \/>\nFlat bags are available in blocks (50 and 100 pieces\/block) and cut.<br \/>\nThey are available in standard and custom sizes. We are very proud of the development of this product, which can be a perfect alternative to PE T-shirt bags, where bioplastic products are preferred. It can be used to package primary food, it has all migration certifications, and has a T\u00dcV Austria OK Compost HOME certification. It can be closed fast or can even function as a small shopping bag.<\/p>\n<a href='\/wp-content\/uploads\/2024\/05\/arlista_angol_2023_0904-bs-plastic.pdf' target='_blank'>Click here to see our prices.<\/a>","protected":false},"excerpt":{"rendered":"<p>Standard \u00e9s egyedi m\u00e9retben is partnereink rendelkez\u00e9s\u00e9re \u00e1llunk . T\u00f6mb\u00f6s\u00edtett ( 50 \u00e9s 100 db\/ t\u00f6mb) \u00e9s v\u00e1gott kivitelez\u00e9sben gy\u00e1rtjuk. M\u00e9lt\u00e1n b\u00fcszk\u00e9k vagyunk ennek a term\u00e9knek a kifejleszt\u00e9s\u00e9re, mely t\u00f6k\u00e9letes alternat\u00edv\u00e1ja tud lenni a hagyom\u00e1nyos PE anyagb\u00f3l k\u00e9sz\u00fclt t\u00e1rs\u00e1nak ott, ahol t\u00f6rekednek BIO anyagb\u00f3l ell\u00e1tni a v\u00e1s\u00e1rl\u00f3i ig\u00e9nyeket. Alkalmas els\u0151dleges \u00e9lelmiszer csomagol\u00e1s\u00e1ra, minden kiold\u00f3d\u00e1si tan\u00fas\u00edt\u00e1ssal [&hellip;]<\/p>","protected":false},"featured_media":323,"template":"","meta":[],"product_cat":[26],"product_tag":[],"_links":{"self":[{"href":"https:\/\/bsplastic.hu\/en\/wp-json\/wp\/v2\/product\/123"}],"collection":[{"href":"https:\/\/bsplastic.hu\/en\/wp-json\/wp\/v2\/product"}],"about":[{"href":"https:\/\/bsplastic.hu\/en\/wp-json\/wp\/v2\/types\/product"}],"version-history":[{"count":6,"href":"https:\/\/bsplastic.hu\/en\/wp-json\/wp\/v2\/product\/123\/revisions"}],"predecessor-version":[{"id":1411,"href":"https:\/\/bsplastic.hu\/en\/wp-json\/wp\/v2\/product\/123\/revisions\/1411"}],"wp:featuredmedia":[{"embeddable":true,"href":"https:\/\/bsplastic.hu\/en\/wp-json\/wp\/v2\/media\/323"}],"wp:attachment":[{"href":"https:\/\/bsplastic.hu\/en\/wp-json\/wp\/v2\/media?parent=123"}],"wp:term":[{"taxonomy":"product_cat","embeddable":true,"href":"https:\/\/bsplastic.hu\/en\/wp-json\/wp\/v2\/product_cat?post=123"},{"taxonomy":"product_tag","embeddable":true,"href":"https:\/\/bsplastic.hu\/en\/wp-json\/wp\/v2\/product_tag?post=123"}],"curies":[{"name":"wp","href":"https:\/\/api.w.org\/{rel}","templated":true}]}}