{"id":126,"date":"2019-09-13T09:48:37","date_gmt":"2019-09-13T09:48:37","guid":{"rendered":"https:\/\/bsplastic.hu\/?post_type=product&#038;p=126"},"modified":"2021-09-28T14:06:15","modified_gmt":"2021-09-28T14:06:15","slug":"ldpe-tasakok","status":"publish","type":"product","link":"https:\/\/bsplastic.hu\/en\/product\/ldpe-tasakok\/","title":{"rendered":"LDPE bags"},"content":{"rendered":"<p><span style=\"font-weight: 400;\"><img loading=\"lazy\" class=\"wp-image-224 alignright\" src=\"https:\/\/bsplastic.hu\/wp-content\/uploads\/2021\/08\/brc.png\" alt=\"\" width=\"180\" height=\"180\" \/>LDPE flat bags are transparent polyethylene bags recommended for storing and freezing food. They are available in different sizes and thicknesses (from 25 microns), even rolled.<\/span><\/p>\n<p><b>HAVE YOU USED LDPE FLAT BAGS FOR PACKAGING YET?<\/b><\/p>\n<p><span style=\"font-weight: 400;\">LDPE flat bags are transparent plastic bags for packaging. They are mostly used for packaging food. It is a practical choice to store frozen or granular food safely.<\/span><\/p>\n<p><span style=\"font-weight: 400;\">The transparent polyethylene bag can be welded and printed. We can print text or graphics (logos) on them. They can be ordered in larger packages as well so LDPE bags are an ideal choice for the packaging of smaller products.<\/span><\/p>\n<p><span style=\"font-weight: 400;\">LDPE flat bags can not only be used for food packaging but they can be used to store smaller parts or other small items. LDPE flat bags are an aesthetic solution and another advantage is that their price is low, too.<\/span><\/p>\n<p><span style=\"font-weight: 400;\">Do not hesitate to contact us if you are looking for a cheap and reasonable solution for the packaging of food and small items, and order LDPE flat bags! We will give you all the help with ordering!<\/span><\/p>\n<a href='\/wp-content\/uploads\/2024\/05\/arlista_angol_2023_0904-bs-plastic.pdf' target='_blank'>Click here to see our prices.<\/a>","protected":false},"excerpt":{"rendered":"<p>\u00c9lelmiszerek fagyaszt\u00e1s\u00e1hoz \u00e9s t\u00e1rol\u00e1s\u00e1hoz aj\u00e1nlott \u00e1tl\u00e1tsz\u00f3 polietil\u00e9n tasak. K\u00fcl\u00f6nb\u00f6z\u0151 m\u00e9retekben \u00e9s vastags\u00e1gban ig\u00e9ny szerint. Ak\u00e1r rollos kiszerel\u00e9sben is. 25 mikronos vastags\u00e1gt\u00f3l. LDPE TASAKOKKAL CSOMAGOLT M\u00c1R? Az LDPE tasak, , \u00e1tl\u00e1tsz\u00f3, csomagol\u00e1sra alkalmas m\u0171anyag zacsk\u00f3. Els\u0151sorban az \u00e9lelmiszeriparban veszik haszn\u00e1t, praktikus v\u00e1laszt\u00e1s fagyasztott, vagy szemcs\u00e9s \u00e9lelmiszerek biztons\u00e1gos t\u00e1rol\u00e1s\u00e1hoz. A v\u00edztiszta polietil\u00e9nb\u0151l k\u00e9sz\u00fclt tasak hegeszthet\u0151, valamint nyomtathat\u00f3 [&hellip;]<\/p>","protected":false},"featured_media":340,"template":"","meta":[],"product_cat":[23],"product_tag":[],"_links":{"self":[{"href":"https:\/\/bsplastic.hu\/en\/wp-json\/wp\/v2\/product\/126"}],"collection":[{"href":"https:\/\/bsplastic.hu\/en\/wp-json\/wp\/v2\/product"}],"about":[{"href":"https:\/\/bsplastic.hu\/en\/wp-json\/wp\/v2\/types\/product"}],"version-history":[{"count":6,"href":"https:\/\/bsplastic.hu\/en\/wp-json\/wp\/v2\/product\/126\/revisions"}],"predecessor-version":[{"id":2268,"href":"https:\/\/bsplastic.hu\/en\/wp-json\/wp\/v2\/product\/126\/revisions\/2268"}],"wp:featuredmedia":[{"embeddable":true,"href":"https:\/\/bsplastic.hu\/en\/wp-json\/wp\/v2\/media\/340"}],"wp:attachment":[{"href":"https:\/\/bsplastic.hu\/en\/wp-json\/wp\/v2\/media?parent=126"}],"wp:term":[{"taxonomy":"product_cat","embeddable":true,"href":"https:\/\/bsplastic.hu\/en\/wp-json\/wp\/v2\/product_cat?post=126"},{"taxonomy":"product_tag","embeddable":true,"href":"https:\/\/bsplastic.hu\/en\/wp-json\/wp\/v2\/product_tag?post=126"}],"curies":[{"name":"wp","href":"https:\/\/api.w.org\/{rel}","templated":true}]}}