{"id":135,"date":"2019-09-13T09:53:48","date_gmt":"2019-09-13T09:53:48","guid":{"rendered":"https:\/\/bsplastic.hu\/?post_type=product&#038;p=135"},"modified":"2021-02-19T12:35:13","modified_gmt":"2021-02-19T12:35:13","slug":"nyomdazott-ingvallas-taskak","status":"publish","type":"product","link":"https:\/\/bsplastic.hu\/en\/product\/nyomdazott-ingvallas-taskak\/","title":{"rendered":"Printed T-shirt bags"},"content":{"rendered":"<p>This is a popular type of shopping bag. In addition to numerous food shop chains, our partners include several<br \/>\nbrand manufacturers as well, who use our bags to package their products and use the surface area of the bag for advertising purposes. In the case of custom prints, we also offer graphic design to our customers to produce the needed print.<\/p>\n<p>Our standard bags are immediately available (up to the quantity in our warehouse. Our biodegradable T-shirt bags with the BS BIO bag brand name are also available immediately as we have them in stock. They have OK Compost HOME certification.<\/p>\n<a href='\/wp-content\/uploads\/2024\/05\/arlista_angol_2023_0904-bs-plastic.pdf' target='_blank'>Click here to see our prices.<\/a>","protected":false},"excerpt":{"rendered":"<p>N\u00e9pszer\u0171 form\u00e1ja a bev\u00e1s\u00e1rl\u00f3 t\u00e1sk\u00e1knak ez a form\u00e1ja. Sz\u00e1mos \u00e9lelmiszerbolt h\u00e1l\u00f3zat mellett partnereink k\u00f6z\u00f6tt tudhatunk t\u00f6bb brand gy\u00e1rt\u00f3t is, aki term\u00e9keit a mi t\u00e1sk\u00e1inkba csomagolja, a t\u00e1ska fel\u00fclet\u00e9t rekl\u00e1m c\u00e9lokra haszn\u00e1lja. Egyedi nyomatok eset\u00e9n grafikai tervez\u00e9ssel seg\u00edtj\u00fck \u00fcgyfeleinket a k\u00edv\u00e1nt nyomtat\u00e1si fel\u00fclet megalkot\u00e1s\u00e1ban. Emellett saj\u00e1t sztenderd t\u00e1sk\u00e1ink \u00e1lland\u00f3 rakt\u00e1rk\u00e9szlet erej\u00e9ig el\u00e9rhet\u0151ek azonnali ig\u00e9nyek eset\u00e9n. BS [&hellip;]<\/p>","protected":false},"featured_media":720,"template":"","meta":[],"product_cat":[24],"product_tag":[],"_links":{"self":[{"href":"https:\/\/bsplastic.hu\/en\/wp-json\/wp\/v2\/product\/135"}],"collection":[{"href":"https:\/\/bsplastic.hu\/en\/wp-json\/wp\/v2\/product"}],"about":[{"href":"https:\/\/bsplastic.hu\/en\/wp-json\/wp\/v2\/types\/product"}],"version-history":[{"count":5,"href":"https:\/\/bsplastic.hu\/en\/wp-json\/wp\/v2\/product\/135\/revisions"}],"predecessor-version":[{"id":1408,"href":"https:\/\/bsplastic.hu\/en\/wp-json\/wp\/v2\/product\/135\/revisions\/1408"}],"wp:featuredmedia":[{"embeddable":true,"href":"https:\/\/bsplastic.hu\/en\/wp-json\/wp\/v2\/media\/720"}],"wp:attachment":[{"href":"https:\/\/bsplastic.hu\/en\/wp-json\/wp\/v2\/media?parent=135"}],"wp:term":[{"taxonomy":"product_cat","embeddable":true,"href":"https:\/\/bsplastic.hu\/en\/wp-json\/wp\/v2\/product_cat?post=135"},{"taxonomy":"product_tag","embeddable":true,"href":"https:\/\/bsplastic.hu\/en\/wp-json\/wp\/v2\/product_tag?post=135"}],"curies":[{"name":"wp","href":"https:\/\/api.w.org\/{rel}","templated":true}]}}