{"id":138,"date":"2019-09-13T09:56:18","date_gmt":"2019-09-13T09:56:18","guid":{"rendered":"https:\/\/bsplastic.hu\/?post_type=product&#038;p=138"},"modified":"2021-02-19T12:34:28","modified_gmt":"2021-02-19T12:34:28","slug":"piskotafules-taskak","status":"publish","type":"product","link":"https:\/\/bsplastic.hu\/en\/product\/piskotafules-taskak\/","title":{"rendered":"D cut bags\/banana handle bags"},"content":{"rendered":"<p>They have D cut\/banana handles unreinforced or reinforced by welding. They are available in different sizes and thicknesses. They can be transparent, white or colour, printed or without print. Smaller sizes are manufactured rolled, too.<\/p>\n<p><strong>A ROBUST PACKAGING TOOL: THE D CUT BAG\/BANANA HANDLE BAG<\/strong><\/p>\n<p>Have you had enough of poor-quality bags? Are you looking for packaging tools that are robust and so you can view them as long-term investment? If your answer is yes, you will find D cut bags\/banana handle bags an ideal choice!<\/p>\n<p>These bags have a special design compared to conventional bags: their handle is formed from their own material with a curved cut. As a result, they fit into the palm perfectly and the handle is not torn off either\u2014they are practical and comfortable to hold. They can be stored easily because they require very little space; they can be folded completely flat so you can stack several hundred of them on top of each other.<\/p>\n<p>D cut bags\/banana handle bags are used more and more often. Why would you miss out on using these practical packaging tools?<\/p>\n<p>We only offer quality D cut bags\/banana handle bags. They are available in different sizes.<\/p>\n<a href='\/wp-content\/uploads\/2024\/05\/arlista_angol_2023_0904-bs-plastic.pdf' target='_blank'>Click here to see our prices.<\/a>","protected":false},"excerpt":{"rendered":"<p>Hegesztett meger\u0151s\u00edt\u00e9s\u0171 pisk\u00f3taf\u00fcllel vagy bet\u00e9t n\u00e9lk\u00fcli kivitelben, k\u00fcl\u00f6nb\u00f6z\u0151 m\u00e9retekben \u00e9s vastags\u00e1gokban, \u00e1tl\u00e1tsz\u00f3, feh\u00e9r vagy sz\u00ednes, nyomd\u00e1zott vagy nyomatlan v\u00e1ltozatban. A kisebb m\u00e9reteket rollos kiszerel\u00e9sben is gy\u00e1rtjuk. MASSZ\u00cdV CSOMAGOL\u00c1STECHNIKAI ESZK\u00d6Z: A PISK\u00d3TAF\u00dcLES T\u00c1SKA Megel\u00e9gelte a sil\u00e1ny min\u0151s\u00e9g\u0171 zacsk\u00f3kat, t\u00e1sk\u00e1kat? Olyan csomagol\u00e1stechnikai eszk\u00f6z\u00f6ket keres, melyek massz\u00edvak, \u00edgy hossz\u00fa t\u00e1v\u00fa befektet\u00e9sk\u00e9nt tekinthet r\u00e1juk? Ha igennel v\u00e1laszol, \u00d6nnek biztosan [&hellip;]<\/p>","protected":false},"featured_media":322,"template":"","meta":[],"product_cat":[24],"product_tag":[],"_links":{"self":[{"href":"https:\/\/bsplastic.hu\/en\/wp-json\/wp\/v2\/product\/138"}],"collection":[{"href":"https:\/\/bsplastic.hu\/en\/wp-json\/wp\/v2\/product"}],"about":[{"href":"https:\/\/bsplastic.hu\/en\/wp-json\/wp\/v2\/types\/product"}],"version-history":[{"count":3,"href":"https:\/\/bsplastic.hu\/en\/wp-json\/wp\/v2\/product\/138\/revisions"}],"predecessor-version":[{"id":1405,"href":"https:\/\/bsplastic.hu\/en\/wp-json\/wp\/v2\/product\/138\/revisions\/1405"}],"wp:featuredmedia":[{"embeddable":true,"href":"https:\/\/bsplastic.hu\/en\/wp-json\/wp\/v2\/media\/322"}],"wp:attachment":[{"href":"https:\/\/bsplastic.hu\/en\/wp-json\/wp\/v2\/media?parent=138"}],"wp:term":[{"taxonomy":"product_cat","embeddable":true,"href":"https:\/\/bsplastic.hu\/en\/wp-json\/wp\/v2\/product_cat?post=138"},{"taxonomy":"product_tag","embeddable":true,"href":"https:\/\/bsplastic.hu\/en\/wp-json\/wp\/v2\/product_tag?post=138"}],"curies":[{"name":"wp","href":"https:\/\/api.w.org\/{rel}","templated":true}]}}