{"id":139,"date":"2019-09-13T09:57:24","date_gmt":"2019-09-13T09:57:24","guid":{"rendered":"https:\/\/bsplastic.hu\/?post_type=product&#038;p=139"},"modified":"2021-02-19T12:34:08","modified_gmt":"2021-02-19T12:34:08","slug":"szemetesvodorbelelozsak","status":"publish","type":"product","link":"https:\/\/bsplastic.hu\/en\/product\/szemetesvodorbelelozsak\/","title":{"rendered":"Bin liner plastic bags"},"content":{"rendered":"<p>Our technology allows a portfolio of a wide range of products.<br \/>\nWhether it is industrial or home use, we offer our partners custom sizes and custom prints, depending on their needs.<\/p>\n<p><strong>BIN LINER SACKS<br \/>\n<\/strong>They are suitable for industrial or home use. They are available rolled or as flat bags. They can also have a draw tape.<\/p>\n<a href='\/wp-content\/uploads\/2024\/05\/arlista_angol_2023_0904-bs-plastic.pdf' target='_blank'>Click here to see our prices.<\/a>","protected":false},"excerpt":{"rendered":"<p>Sz\u00e9les term\u00e9k portf\u00f3li\u00f3ra alkalmas technol\u00f3gi\u00e1val rendelkez\u00fcnk. Legyen sz\u00f3 ak\u00e1r ipari, vagy h\u00e1ztart\u00e1si felhaszn\u00e1l\u00e1sr\u00f3l, \u00fcgyfeleink rendelkez\u00e9s\u00e9re \u00e1runk egyedi m\u00e9retekkel, sz\u00ednekkel, ak\u00e1r nyomtat\u00e1ssal, alkalmaz\u00e1st\u00f3l f\u00fcgg\u0151en. Szemetes b\u00e9lel\u0151 zs\u00e1kok Ipari vagy h\u00e1ztart\u00e1si alkalmaz\u00e1sokra egyar\u00e1nt alkalmasak. Rollos, ak\u00e1r lapra v\u00e1gott vagy szalagbeh\u00faz\u00f3s kivitelben.<\/p>","protected":false},"featured_media":332,"template":"","meta":[],"product_cat":[25],"product_tag":[],"_links":{"self":[{"href":"https:\/\/bsplastic.hu\/en\/wp-json\/wp\/v2\/product\/139"}],"collection":[{"href":"https:\/\/bsplastic.hu\/en\/wp-json\/wp\/v2\/product"}],"about":[{"href":"https:\/\/bsplastic.hu\/en\/wp-json\/wp\/v2\/types\/product"}],"version-history":[{"count":8,"href":"https:\/\/bsplastic.hu\/en\/wp-json\/wp\/v2\/product\/139\/revisions"}],"predecessor-version":[{"id":1404,"href":"https:\/\/bsplastic.hu\/en\/wp-json\/wp\/v2\/product\/139\/revisions\/1404"}],"wp:featuredmedia":[{"embeddable":true,"href":"https:\/\/bsplastic.hu\/en\/wp-json\/wp\/v2\/media\/332"}],"wp:attachment":[{"href":"https:\/\/bsplastic.hu\/en\/wp-json\/wp\/v2\/media?parent=139"}],"wp:term":[{"taxonomy":"product_cat","embeddable":true,"href":"https:\/\/bsplastic.hu\/en\/wp-json\/wp\/v2\/product_cat?post=139"},{"taxonomy":"product_tag","embeddable":true,"href":"https:\/\/bsplastic.hu\/en\/wp-json\/wp\/v2\/product_tag?post=139"}],"curies":[{"name":"wp","href":"https:\/\/api.w.org\/{rel}","templated":true}]}}