{"id":148,"date":"2019-09-13T10:02:15","date_gmt":"2019-09-13T10:02:15","guid":{"rendered":"https:\/\/bsplastic.hu\/?post_type=product&#038;p=148"},"modified":"2021-02-19T12:32:40","modified_gmt":"2021-02-19T12:32:40","slug":"koteny","status":"publish","type":"product","link":"https:\/\/bsplastic.hu\/en\/product\/koteny\/","title":{"rendered":"Aprons"},"content":{"rendered":"<p>Polyethylene apron with fastening at the back.<br \/>\nAvailable in blue and white, in several sizes.\nWhite aprons are in stock, in the size 1000 mm x 1400 mm x 0,025 mm.<br \/>\nPackaging: 300 pieces\/package.<\/p>\n<a href='\/wp-content\/uploads\/2024\/05\/arlista_angol_2023_0904-bs-plastic.pdf' target='_blank'>Click here to see our prices.<\/a>","protected":false},"excerpt":{"rendered":"<p>H\u00e1tul-k\u00f6t\u0151s polietil\u00e9n k\u00f6t\u00e9ny. Feh\u00e9r \u00e9s k\u00e9k sz\u00ednben, t\u00f6bb m\u00e9retben. Rakt\u00e1ron feh\u00e9r sz\u00ednben, 1000x1400x0,025 m\u00e9retben. Csomagol\u00e1s: 300db\/csomag.<\/p>","protected":false},"featured_media":714,"template":"","meta":[],"product_cat":[17],"product_tag":[],"_links":{"self":[{"href":"https:\/\/bsplastic.hu\/en\/wp-json\/wp\/v2\/product\/148"}],"collection":[{"href":"https:\/\/bsplastic.hu\/en\/wp-json\/wp\/v2\/product"}],"about":[{"href":"https:\/\/bsplastic.hu\/en\/wp-json\/wp\/v2\/types\/product"}],"version-history":[{"count":5,"href":"https:\/\/bsplastic.hu\/en\/wp-json\/wp\/v2\/product\/148\/revisions"}],"predecessor-version":[{"id":1398,"href":"https:\/\/bsplastic.hu\/en\/wp-json\/wp\/v2\/product\/148\/revisions\/1398"}],"wp:featuredmedia":[{"embeddable":true,"href":"https:\/\/bsplastic.hu\/en\/wp-json\/wp\/v2\/media\/714"}],"wp:attachment":[{"href":"https:\/\/bsplastic.hu\/en\/wp-json\/wp\/v2\/media?parent=148"}],"wp:term":[{"taxonomy":"product_cat","embeddable":true,"href":"https:\/\/bsplastic.hu\/en\/wp-json\/wp\/v2\/product_cat?post=148"},{"taxonomy":"product_tag","embeddable":true,"href":"https:\/\/bsplastic.hu\/en\/wp-json\/wp\/v2\/product_tag?post=148"}],"curies":[{"name":"wp","href":"https:\/\/api.w.org\/{rel}","templated":true}]}}