{"id":252,"date":"2020-01-28T20:43:25","date_gmt":"2020-01-28T20:43:25","guid":{"rendered":"https:\/\/bsplastic.hu\/?post_type=product&#038;p=252"},"modified":"2021-02-19T12:32:25","modified_gmt":"2021-02-19T12:32:25","slug":"bio-ingvallas-taskak","status":"publish","type":"product","link":"https:\/\/bsplastic.hu\/en\/product\/bio-ingvallas-taskak\/","title":{"rendered":"BIO T-shirt bags"},"content":{"rendered":"<p><strong>HELP YOUR CUSTOMERS WITH T-SHIRT BAGS<\/strong><\/p>\n<p>Bags are very important in nearly every shop; as a shop assistant or shop owner you have probably experienced that most customers require bags and shopping bags. Buyers usually do not take bags to shops in which they could take home the merchandise they have purchased, therefore they need bags from the shop.<\/p>\n<p>The T-shirt bag is practically the conventional well-known shopping bag. It got its name from its shape\u2014when laid out, the top of the bag very much resembles the upper part of a T-shirt. We sell different kinds of T-shirt bags, therefore you can choose the type that is most suited to your needs and enterprise. Our T-shirt bags are durable so you can be sure that you get quality products.<\/p>\n<p>Always make sure you have plenty of bags available for your customers, so if bags are running out, do not hesitate to order T-shirt bags from us!<\/p>\n<p>They are available from biodegradable plastic, in different sizes and with custom print.<br \/>\nOK compost HOME \/ OK compost INDUSTRIAL qualified.<br \/>\nFor more details, contact our salespeople.<\/p>\n<a href='\/wp-content\/uploads\/2024\/05\/arlista_angol_2023_0904-bs-plastic.pdf' target='_blank'>Click here to see our prices.<\/a>","protected":false},"excerpt":{"rendered":"<p>KEDVEZZEN V\u00c1S\u00c1RL\u00d3INAK INGV\u00c1LLAS T\u00c1SK\u00c1KKAL! Szinte minden \u00fczletben n\u00e9lk\u00fcl\u00f6zhetetlenek a t\u00e1sk\u00e1k (zacsk\u00f3k), hiszen elad\u00f3k\u00e9nt vagy a bolt tulajdonosak\u00e9nt megtapasztalhatta, hogy a vev\u0151k t\u00f6bbs\u00e9ge ig\u00e9nyt tart a szatyrok haszn\u00e1lat\u00e1ra. A v\u00e1s\u00e1rl\u00f3kn\u00e1l a legt\u00f6bb esetben nincs olyan t\u00e1ska, amiben megfelel\u0151en haza tudn\u00e1k sz\u00e1ll\u00edtani a megv\u00e1s\u00e1rolt term\u00e9keket, ez\u00e9rt csakis a bolti zacsk\u00f3k maradnak v\u00e9gs\u0151 megold\u00e1sk\u00e9nt. Az\u00a0ingv\u00e1llas t\u00e1ska\u00a0tulajdonk\u00e9ppen a klasszikus, [&hellip;]<\/p>","protected":false},"featured_media":717,"template":"","meta":[],"product_cat":[26],"product_tag":[],"_links":{"self":[{"href":"https:\/\/bsplastic.hu\/en\/wp-json\/wp\/v2\/product\/252"}],"collection":[{"href":"https:\/\/bsplastic.hu\/en\/wp-json\/wp\/v2\/product"}],"about":[{"href":"https:\/\/bsplastic.hu\/en\/wp-json\/wp\/v2\/types\/product"}],"version-history":[{"count":8,"href":"https:\/\/bsplastic.hu\/en\/wp-json\/wp\/v2\/product\/252\/revisions"}],"predecessor-version":[{"id":1397,"href":"https:\/\/bsplastic.hu\/en\/wp-json\/wp\/v2\/product\/252\/revisions\/1397"}],"wp:featuredmedia":[{"embeddable":true,"href":"https:\/\/bsplastic.hu\/en\/wp-json\/wp\/v2\/media\/717"}],"wp:attachment":[{"href":"https:\/\/bsplastic.hu\/en\/wp-json\/wp\/v2\/media?parent=252"}],"wp:term":[{"taxonomy":"product_cat","embeddable":true,"href":"https:\/\/bsplastic.hu\/en\/wp-json\/wp\/v2\/product_cat?post=252"},{"taxonomy":"product_tag","embeddable":true,"href":"https:\/\/bsplastic.hu\/en\/wp-json\/wp\/v2\/product_tag?post=252"}],"curies":[{"name":"wp","href":"https:\/\/api.w.org\/{rel}","templated":true}]}}