{"id":254,"date":"2020-01-28T21:38:44","date_gmt":"2020-01-28T21:38:44","guid":{"rendered":"https:\/\/bsplastic.hu\/?post_type=product&#038;p=254"},"modified":"2021-02-19T12:31:49","modified_gmt":"2021-02-19T12:31:49","slug":"egyeb-taskak","status":"publish","type":"product","link":"https:\/\/bsplastic.hu\/en\/product\/egyeb-taskak\/","title":{"rendered":"Other bags"},"content":{"rendered":"<p><strong>Rope handle bags<\/strong><br \/>\nThanks to the sturdy rope handle and the strong material of the bags, they can be used to carry many and heavy goods.<br \/>\nStrong and durable bags and can substitute thinner bags.<br \/>\nLoad capacity up to 20 kg.<\/p>\n<p><strong>Raffia shopping bags<br \/>\n<\/strong>Its greatest advantage is long life. Due to its quality material, it can be used for years.<br \/>\nA raffia shopping bag can be a great help in everyday shopping.<br \/>\nLoad capacity up to 10 kg.<\/p>\n<a href='\/wp-content\/uploads\/2024\/05\/arlista_angol_2023_0904-bs-plastic.pdf' target='_blank'>Click here to see our prices.<\/a>","protected":false},"excerpt":{"rendered":"<p>K\u00f6t\u00e9lf\u00fcles t\u00e1ska Az anyaghaszn\u00e1lat\u00e1nak \u00e9s a massz\u00edv k\u00f6t\u00e9lf\u00fcl\u00e9nek k\u00f6sz\u00f6nhet\u0151en alkalmas neh\u00e9z s\u00faly\u00fa \u00e9s sok \u00e1r\u00fa cipel\u00e9s\u00e9hez. Er\u0151s \u00e9s strapab\u00edr\u00f3 t\u00e1ska praktikusan helyettes\u00edtheti a v\u00e9konyabb t\u00e1sk\u00e1kat. Teherb\u00edr\u00e1sa ak\u00e1r 20 kg-ig. Raffia bev\u00e1s\u00e1rl\u00f3 t\u00e1ska F\u0151bb el\u0151nye az id\u0151t\u00e1ll\u00f3s\u00e1g, min\u0151s\u00e9gi alapanyag haszn\u00e1lat\u00e1nak k\u00f6sz\u00f6nhet\u0151en hossz\u00fa \u00e9veken kereszt\u00fcl haszn\u00e1lhat\u00f3. A Raffia bev\u00e1s\u00e1rl\u00f3 t\u00e1ska nagy terhet vehet le a v\u00e1ll\u00e1r\u00f3l a [&hellip;]<\/p>","protected":false},"featured_media":705,"template":"","meta":[],"product_cat":[17],"product_tag":[],"_links":{"self":[{"href":"https:\/\/bsplastic.hu\/en\/wp-json\/wp\/v2\/product\/254"}],"collection":[{"href":"https:\/\/bsplastic.hu\/en\/wp-json\/wp\/v2\/product"}],"about":[{"href":"https:\/\/bsplastic.hu\/en\/wp-json\/wp\/v2\/types\/product"}],"version-history":[{"count":4,"href":"https:\/\/bsplastic.hu\/en\/wp-json\/wp\/v2\/product\/254\/revisions"}],"predecessor-version":[{"id":1395,"href":"https:\/\/bsplastic.hu\/en\/wp-json\/wp\/v2\/product\/254\/revisions\/1395"}],"wp:featuredmedia":[{"embeddable":true,"href":"https:\/\/bsplastic.hu\/en\/wp-json\/wp\/v2\/media\/705"}],"wp:attachment":[{"href":"https:\/\/bsplastic.hu\/en\/wp-json\/wp\/v2\/media?parent=254"}],"wp:term":[{"taxonomy":"product_cat","embeddable":true,"href":"https:\/\/bsplastic.hu\/en\/wp-json\/wp\/v2\/product_cat?post=254"},{"taxonomy":"product_tag","embeddable":true,"href":"https:\/\/bsplastic.hu\/en\/wp-json\/wp\/v2\/product_tag?post=254"}],"curies":[{"name":"wp","href":"https:\/\/api.w.org\/{rel}","templated":true}]}}