{"id":258,"date":"2020-01-28T21:52:51","date_gmt":"2020-01-28T21:52:51","guid":{"rendered":"https:\/\/bsplastic.hu\/?post_type=product&#038;p=258"},"modified":"2021-09-28T14:07:11","modified_gmt":"2021-09-28T14:07:11","slug":"lada-es-karton-belelo-zsak","status":"publish","type":"product","link":"https:\/\/bsplastic.hu\/en\/product\/lada-es-karton-belelo-zsak\/","title":{"rendered":"Sack liner for crates and cardboard boxes"},"content":{"rendered":"<p><span style=\"font-weight: 400;\"><img loading=\"lazy\" class=\"wp-image-224 alignright\" src=\"https:\/\/bsplastic.hu\/wp-content\/uploads\/2021\/08\/brc.png\" alt=\"\" width=\"180\" height=\"180\" \/><\/span>For food processing companies, we mostly manufacture products for storing meat. We offer sacks with the best mechanical properties, be it high strain or freezing, based on our recipes   that we developed.<br \/>\nThese sacks are available in various colours, sizes and thicknesses.<\/p>\n<a href='\/wp-content\/uploads\/2024\/05\/arlista_angol_2023_0904-bs-plastic.pdf' target='_blank'>Click here to see our prices.<\/a>","protected":false},"excerpt":{"rendered":"<p>\u00c9lelmiszeri ipari feldolgoz\u00f3k sz\u00e1m\u00e1ra f\u0151leg a h\u00fas term\u00e9kek t\u00e1rol\u00e1s\u00e1ra alkalmazott term\u00e9kv\u00e1laszt\u00e9kkal \u00e1llunk rendelkez\u00e9s\u00e9re partnereinknek. Egyedi fejleszt\u00e9s\u0171 anyag\u00f6sszet\u00e9tellel biztos\u00edtjuk a legmegfelel\u0151bb mechanikai tulajdons\u00e1g\u00e1t a zs\u00e1koknak, ak\u00e1r nagy ny\u00fal\u00e1sr\u00f3l teherb\u00edr\u00e1sr\u00f3l vagy fagyaszt\u00e1sr\u00f3l legyen sz\u00f3. K\u00fcl\u00f6nb\u00f6z\u0151 sz\u00ednekben, m\u00e9retekben \u00e9s vastags\u00e1gokban.<\/p>","protected":false},"featured_media":336,"template":"","meta":[],"product_cat":[25],"product_tag":[],"_links":{"self":[{"href":"https:\/\/bsplastic.hu\/en\/wp-json\/wp\/v2\/product\/258"}],"collection":[{"href":"https:\/\/bsplastic.hu\/en\/wp-json\/wp\/v2\/product"}],"about":[{"href":"https:\/\/bsplastic.hu\/en\/wp-json\/wp\/v2\/types\/product"}],"version-history":[{"count":6,"href":"https:\/\/bsplastic.hu\/en\/wp-json\/wp\/v2\/product\/258\/revisions"}],"predecessor-version":[{"id":2270,"href":"https:\/\/bsplastic.hu\/en\/wp-json\/wp\/v2\/product\/258\/revisions\/2270"}],"wp:featuredmedia":[{"embeddable":true,"href":"https:\/\/bsplastic.hu\/en\/wp-json\/wp\/v2\/media\/336"}],"wp:attachment":[{"href":"https:\/\/bsplastic.hu\/en\/wp-json\/wp\/v2\/media?parent=258"}],"wp:term":[{"taxonomy":"product_cat","embeddable":true,"href":"https:\/\/bsplastic.hu\/en\/wp-json\/wp\/v2\/product_cat?post=258"},{"taxonomy":"product_tag","embeddable":true,"href":"https:\/\/bsplastic.hu\/en\/wp-json\/wp\/v2\/product_tag?post=258"}],"curies":[{"name":"wp","href":"https:\/\/api.w.org\/{rel}","templated":true}]}}