{"id":799,"date":"2020-02-27T11:04:59","date_gmt":"2020-02-27T11:04:59","guid":{"rendered":"https:\/\/bsplastic.hu\/?post_type=product&#038;p=799"},"modified":"2021-02-19T12:30:01","modified_gmt":"2021-02-19T12:30:01","slug":"bio-rollos-termekek","status":"publish","type":"product","link":"https:\/\/bsplastic.hu\/en\/product\/bio-rollos-termekek\/","title":{"rendered":"ROLLED BIO PRODUCTS"},"content":{"rendered":"<p><strong>Rolled BIO T-shirt bag<\/strong><\/p>\n<p>They are available in standard and custom sizes. We are very proud of the development of this product, which can be a perfect alternative to PE flat bags, where bioplastic products are preferred. It can be used to package primary food, it has all migration certifications, and has a T\u00dcV Austria OK Compost HOME certification.<\/p>\n<p><strong>Rolled BIO flat bags<\/strong><\/p>\n<p>They are available in standard and custom sizes. We are very proud of the development of this product, which can be a perfect alternative to PE T-shirt bags, where bioplastic products are preferred. It can be used to package primary food, it has all migration certifications, and has a T\u00dcV Austria OK Compost HOME certification. It can be closed fast or can even function as a small shopping bag.<\/p>\n<a href='\/wp-content\/uploads\/2024\/05\/arlista_angol_2023_0904-bs-plastic.pdf' target='_blank'>Click here to see our prices.<\/a>","protected":false},"excerpt":{"rendered":"<p>BIO roll ingv\u00e1llas (BIO roll bag) Standard \u00e9s egyedi m\u00e9retre is van lehet\u0151s\u00e9g. M\u00e9lt\u00e1n b\u00fcszk\u00e9k vagyunk ennek a term\u00e9knek a kifejleszt\u00e9s\u00e9re, mely t\u00f6k\u00e9letes alternat\u00edv\u00e1ja tud lenni a hagyom\u00e1nyos\u00a0 PE anyagb\u00f3l k\u00e9sz\u00fclt t\u00e1rs\u00e1nak ott, ahol t\u00f6rekednek BIO anyagb\u00f3l ell\u00e1tni a v\u00e1s\u00e1rl\u00f3i ig\u00e9nyeket. Alkalmas els\u0151dleges \u00e9lelmiszer csomagol\u00e1s\u00e1ra, minden kiold\u00f3d\u00e1si tan\u00fas\u00edt\u00e1ssal rendelkezik, a T\u00dcV Austria \u00e1ltal tan\u00fas\u00edtott (OK [&hellip;]<\/p>","protected":false},"featured_media":709,"template":"","meta":[],"product_cat":[26],"product_tag":[],"_links":{"self":[{"href":"https:\/\/bsplastic.hu\/en\/wp-json\/wp\/v2\/product\/799"}],"collection":[{"href":"https:\/\/bsplastic.hu\/en\/wp-json\/wp\/v2\/product"}],"about":[{"href":"https:\/\/bsplastic.hu\/en\/wp-json\/wp\/v2\/types\/product"}],"version-history":[{"count":9,"href":"https:\/\/bsplastic.hu\/en\/wp-json\/wp\/v2\/product\/799\/revisions"}],"predecessor-version":[{"id":1390,"href":"https:\/\/bsplastic.hu\/en\/wp-json\/wp\/v2\/product\/799\/revisions\/1390"}],"wp:featuredmedia":[{"embeddable":true,"href":"https:\/\/bsplastic.hu\/en\/wp-json\/wp\/v2\/media\/709"}],"wp:attachment":[{"href":"https:\/\/bsplastic.hu\/en\/wp-json\/wp\/v2\/media?parent=799"}],"wp:term":[{"taxonomy":"product_cat","embeddable":true,"href":"https:\/\/bsplastic.hu\/en\/wp-json\/wp\/v2\/product_cat?post=799"},{"taxonomy":"product_tag","embeddable":true,"href":"https:\/\/bsplastic.hu\/en\/wp-json\/wp\/v2\/product_tag?post=799"}],"curies":[{"name":"wp","href":"https:\/\/api.w.org\/{rel}","templated":true}]}}