{"id":804,"date":"2020-02-27T11:07:19","date_gmt":"2020-02-27T11:07:19","guid":{"rendered":"https:\/\/bsplastic.hu\/?post_type=product&#038;p=804"},"modified":"2021-02-19T12:28:52","modified_gmt":"2021-02-19T12:28:52","slug":"hd-rollos-termekek","status":"publish","type":"product","link":"https:\/\/bsplastic.hu\/en\/product\/hd-rollos-termekek\/","title":{"rendered":"HD ROLLED PRODUCTS"},"content":{"rendered":"<p><strong>Roll bags [NEW!]<\/strong><\/p>\n<p style=\"font-weight: 400;\">We manufacture them in standard and custom sizes. They are very popular products for the packaging of vegetables, fruit or even bakery products.<\/p>\n<p style=\"font-weight: 400;\">Our bags for the packaging of such food products are also available custom printed.<\/p>\n<p style=\"font-weight: 400;\"><strong><br \/>\nRoll flat bags<\/strong><\/p>\n<p style=\"font-weight: 400;\">They are also popular indoor packaging tools, which can be used for the packaging of vegetables, fruit, bakery products or even meat, but they can be used for many other purposes as well.<\/p>\n<p style=\"font-weight: 400;\">We have standard sizes but our bags can be customized, too, be it colours or custom prints! Our expert colleagues are happy to share their experience to help you find the best solution.<\/p>\n<a href='\/wp-content\/uploads\/2024\/05\/arlista_angol_2023_0904-bs-plastic.pdf' target='_blank'>Click here to see our prices.<\/a>","protected":false},"excerpt":{"rendered":"<p>Roll ingv\u00e1llas (roll bag) [\u00daJ!] Standard \u00e9s egyedi m\u00e9retben is partnereink rendelkez\u00e9s\u00e9re \u00e1llunk. N\u00e9pszer\u0171 term\u00e9k a z\u00f6lds\u00e9gek, gy\u00fcm\u00f6lcs\u00f6k vagy ak\u00e1r p\u00e9k\u00e1ruk term\u00e9kek csomagol\u00e1s\u00e1ra. Ezen \u00e9lelmiszer csomagol\u00e1s\u00e1ra alkalmas term\u00e9keink ak\u00e1r egyedileg nyomd\u00e1zva is el\u00e9rhet\u0151k. Roll tasak Szint\u00e9n n\u00e9pszer\u0171 belt\u00e9ri csomagol\u00e1si eszk\u00f6z, mely alkalmas z\u00f6lds\u00e9gek, gy\u00fcm\u00f6lcs\u00f6k, p\u00e9k\u00e1ru term\u00e9kek, vagy ak\u00e1r h\u00fasok csomagol\u00e1s\u00e1ra, de alkalmaz\u00e1sa enn\u00e9l ak\u00e1r sokkal [&hellip;]<\/p>","protected":false},"featured_media":811,"template":"","meta":[],"product_cat":[23],"product_tag":[],"_links":{"self":[{"href":"https:\/\/bsplastic.hu\/en\/wp-json\/wp\/v2\/product\/804"}],"collection":[{"href":"https:\/\/bsplastic.hu\/en\/wp-json\/wp\/v2\/product"}],"about":[{"href":"https:\/\/bsplastic.hu\/en\/wp-json\/wp\/v2\/types\/product"}],"version-history":[{"count":10,"href":"https:\/\/bsplastic.hu\/en\/wp-json\/wp\/v2\/product\/804\/revisions"}],"predecessor-version":[{"id":1389,"href":"https:\/\/bsplastic.hu\/en\/wp-json\/wp\/v2\/product\/804\/revisions\/1389"}],"wp:featuredmedia":[{"embeddable":true,"href":"https:\/\/bsplastic.hu\/en\/wp-json\/wp\/v2\/media\/811"}],"wp:attachment":[{"href":"https:\/\/bsplastic.hu\/en\/wp-json\/wp\/v2\/media?parent=804"}],"wp:term":[{"taxonomy":"product_cat","embeddable":true,"href":"https:\/\/bsplastic.hu\/en\/wp-json\/wp\/v2\/product_cat?post=804"},{"taxonomy":"product_tag","embeddable":true,"href":"https:\/\/bsplastic.hu\/en\/wp-json\/wp\/v2\/product_tag?post=804"}],"curies":[{"name":"wp","href":"https:\/\/api.w.org\/{rel}","templated":true}]}}